{"id":3341,"date":"2024-07-03T00:53:21","date_gmt":"2024-07-02T22:53:21","guid":{"rendered":"https:\/\/dental.holypapa.com\/?page_id=3341"},"modified":"2024-07-12T12:10:18","modified_gmt":"2024-07-12T10:10:18","slug":"3341-2","status":"publish","type":"page","link":"https:\/\/www.zahnarztpraxis-talesnik.de\/ar\/3341-2\/","title":{"rendered":"\u0627\u0644\u0648\u0635\u0648\u0644"},"content":{"rendered":"\t\t<div data-elementor-type=\"wp-page\" data-elementor-id=\"3341\" class=\"elementor elementor-3341 elementor-3339\">\n\t\t\t\t<div class=\"elementor-element elementor-element-762617a e-con-full relative e-flex e-con e-parent\" data-id=\"762617a\" data-element_type=\"container\" data-settings=\"{&quot;background_background&quot;:&quot;classic&quot;}\">\n\t\t<div class=\"elementor-element elementor-element-46208ce0 e-flex e-con-boxed e-con e-child\" data-id=\"46208ce0\" data-element_type=\"container\" data-settings=\"{&quot;background_background&quot;:&quot;classic&quot;}\">\n\t\t\t\t\t<div class=\"e-con-inner\">\n\t\t<div class=\"elementor-element elementor-element-2f42d8c1 e-flex e-con-boxed e-con e-child\" data-id=\"2f42d8c1\" data-element_type=\"container\">\n\t\t\t\t\t<div class=\"e-con-inner\">\n\t\t\t\t<div class=\"elementor-element elementor-element-30aae82c color-grey elementor-widget elementor-widget-text-editor\" data-id=\"30aae82c\" data-element_type=\"widget\" data-widget_type=\"text-editor.default\">\n\t\t\t\t<div class=\"elementor-widget-container\">\n\t\t\t<style>\/*! elementor - v3.23.0 - 15-07-2024 *\/\n.elementor-widget-text-editor.elementor-drop-cap-view-stacked .elementor-drop-cap{background-color:#69727d;color:#fff}.elementor-widget-text-editor.elementor-drop-cap-view-framed .elementor-drop-cap{color:#69727d;border:3px solid;background-color:transparent}.elementor-widget-text-editor:not(.elementor-drop-cap-view-default) .elementor-drop-cap{margin-top:8px}.elementor-widget-text-editor:not(.elementor-drop-cap-view-default) .elementor-drop-cap-letter{width:1em;height:1em}.elementor-widget-text-editor .elementor-drop-cap{float:left;text-align:center;line-height:1;font-size:50px}.elementor-widget-text-editor .elementor-drop-cap-letter{display:inline-block}<\/style>\t\t\t\t<h1>\u0627\u0644\u0648\u0635\u0648\u0644<\/h1>\t\t\t\t\t\t<\/div>\n\t\t\t\t<\/div>\n\t\t\t\t<div class=\"elementor-element elementor-element-501b9733 elementor-widget elementor-widget-html\" data-id=\"501b9733\" data-element_type=\"widget\" data-widget_type=\"html.default\">\n\t\t\t\t<div class=\"elementor-widget-container\">\n\t\t\t<div class=\"buttons__block\">\n\t\t<a href=\"\" class=\"button button--white-2\" target=\"_blank\">+49 30 621 40 86<\/a>\n\t\t<a href=\"\" class=\"button button--white-2\" target=\"_blank\">WhatsApp<\/a>\n\t<\/div>\t\t<\/div>\n\t\t\t\t<\/div>\n\t\t\t\t\t<\/div>\n\t\t\t\t<\/div>\n\t\t<div class=\"elementor-element elementor-element-63b4400e e-flex e-con-boxed e-con e-child\" data-id=\"63b4400e\" data-element_type=\"container\">\n\t\t\t\t\t<div class=\"e-con-inner\">\n\t\t\t\t<div class=\"elementor-element elementor-element-5ac9e554 elementor-widget elementor-widget-image\" data-id=\"5ac9e554\" data-element_type=\"widget\" data-widget_type=\"image.default\">\n\t\t\t\t<div class=\"elementor-widget-container\">\n\t\t\t<style>\/*! elementor - v3.23.0 - 15-07-2024 *\/\n.elementor-widget-image{text-align:center}.elementor-widget-image a{display:inline-block}.elementor-widget-image a img[src$=\".svg\"]{width:48px}.elementor-widget-image img{vertical-align:middle;display:inline-block}<\/style>\t\t\t\t\t\t\t\t\t\t<img fetchpriority=\"high\" decoding=\"async\" width=\"640\" height=\"555\" src=\"https:\/\/www.zahnarztpraxis-talesnik.de\/wp-content\/uploads\/2024\/06\/anfahrt.png\" class=\"attachment-large size-large wp-image-833\" alt=\"\" srcset=\"https:\/\/www.zahnarztpraxis-talesnik.de\/wp-content\/uploads\/2024\/06\/anfahrt.png 1002w, https:\/\/www.zahnarztpraxis-talesnik.de\/wp-content\/uploads\/2024\/06\/anfahrt-300x260.png 300w, https:\/\/www.zahnarztpraxis-talesnik.de\/wp-content\/uploads\/2024\/06\/anfahrt-768x666.png 768w\" sizes=\"(max-width: 640px) 100vw, 640px\" \/>\t\t\t\t\t\t\t\t\t\t\t\t\t<\/div>\n\t\t\t\t<\/div>\n\t\t\t\t\t<\/div>\n\t\t\t\t<\/div>\n\t\t\t\t\t<\/div>\n\t\t\t\t<\/div>\n\t\t\t\t<div class=\"elementor-element elementor-element-68318cd absolute poa1 elementor-hidden-mobile elementor-widget elementor-widget-html\" data-id=\"68318cd\" data-element_type=\"widget\" data-widget_type=\"html.default\">\n\t\t\t\t<div class=\"elementor-widget-container\">\n\t\t\t<div class=\"triangle-topleft\"><\/div>\t\t<\/div>\n\t\t\t\t<\/div>\n\t\t\t\t<div class=\"elementor-element elementor-element-22221a19 absolute poa2 elementor-hidden-mobile elementor-widget elementor-widget-html\" data-id=\"22221a19\" data-element_type=\"widget\" data-widget_type=\"html.default\">\n\t\t\t\t<div class=\"elementor-widget-container\">\n\t\t\t<div class=\"triangle-bottomright\"><\/div>\t\t<\/div>\n\t\t\t\t<\/div>\n\t\t\t\t<\/div>\n\t\t<div class=\"elementor-element elementor-element-586e09c4 e-flex e-con-boxed e-con e-parent\" data-id=\"586e09c4\" data-element_type=\"container\">\n\t\t\t\t\t<div class=\"e-con-inner\">\n\t\t\t\t<div class=\"elementor-element elementor-element-314fb856 elementor-widget elementor-widget-text-editor\" data-id=\"314fb856\" data-element_type=\"widget\" data-widget_type=\"text-editor.default\">\n\t\t\t\t<div class=\"elementor-widget-container\">\n\t\t\t\t\t\t\t<div class=\"page\" title=\"Page 1\"><div class=\"section\"><div class=\"layoutArea\"><div class=\"column\"><p>\u066e&#8221;\u0645\u0643\u0646 \u0627\u0644\u0648\u0635\u0648\u0644 \u0627\u0655\u0644\u0649 \u0639 &#8220;\u066e\u0627\u062f\u0629 \u0627\u0644\u0623\u0633 5\u066e\u0627\u0646 \u0627\u0644 5\u062d\u0627\u0635\u0629 9\u066e 5\u066e\u0627 9\u066e\u0633\u0647\u0648\u0644\u0629 \u0633 &#8220;\u066e \u064b\u0631\u0627 \u0639\u0644\u0649 \u0627\u0644\u0623 @\u06a1\u062f\u0627\u0645\u060c \u0627\u0654\u0648 9\u066e\u0627\u0644\u062f\u0631\u0627 9\u062d\u0629 \u0627\u0654\u0648 .\u0627\u0644\u0633 &#8220;\u066e\u0627\u0631\u0629\u060c \u0648\u0643\u0630\u0644\u0643 9\u066e\u0648\u0633\u0627\u0626\u0644 \u0627\u0644 5\u066e @\u06a1\u0644 \u0627\u0644\u0639\u0627\u0645\u0629<\/p><\/div><\/div><\/div><\/div><h2>Auto<\/h2><p>Zahlreiche Parkm\u00f6glichkeiten finden Sie sowohl auf dem Columbiadamm als auch in der benachbarten Fontanestra\u00dfe.<\/p><h2>\u00d6ffentliche Verkehrsmittel<\/h2><p>Sie erreichen uns auch problemlos mit den \u00f6ffentlichen Verkehrsmitteln. In der N\u00e4he befindet sich der U-Bahnhof Boddinstra\u00dfe (Linie U8) sowie die Bushaltestelle Fontanestra\u00dfe\/ Flughafenstra\u00dfe (Bus M43).<\/p><h2>Fahrrad<\/h2><p>F\u00fcr Fahrradfahrer haben wir einen Fahrradst\u00e4nder direkt vor der Praxis installiert, an dem Sie Ihr Fahrrad abstellen k\u00f6nnen.<\/p>\t\t\t\t\t\t<\/div>\n\t\t\t\t<\/div>\n\t\t\t\t\t<\/div>\n\t\t\t\t<\/div>\n\t\t\t\t<\/div>\n\t\t","protected":false},"excerpt":{"rendered":"<p>\u0627\u0644\u0648\u0635\u0648\u0644 +49 30 621 40 86 WhatsApp \u066e&#8221;\u0645\u0643\u0646 \u0627\u0644\u0648\u0635\u0648\u0644 \u0627\u0655\u0644\u0649 \u0639 &#8220;\u066e\u0627\u062f\u0629 \u0627\u0644\u0623\u0633 5\u066e\u0627\u0646 \u0627\u0644 5\u062d\u0627\u0635\u0629 9\u066e 5\u066e\u0627 9\u066e\u0633\u0647\u0648\u0644\u0629 \u0633 &#8220;\u066e \u064b\u0631\u0627 \u0639\u0644\u0649 \u0627\u0644\u0623 @\u06a1\u062f\u0627\u0645\u060c \u0627\u0654\u0648 9\u066e\u0627\u0644\u062f\u0631\u0627 9\u062d\u0629 \u0627\u0654\u0648 .\u0627\u0644\u0633 &#8220;\u066e\u0627\u0631\u0629\u060c \u0648\u0643\u0630\u0644\u0643 9\u066e\u0648\u0633\u0627\u0626\u0644 \u0627\u0644 5\u066e @\u06a1\u0644 \u0627\u0644\u0639\u0627\u0645\u0629 Auto Zahlreiche Parkm\u00f6glichkeiten finden Sie sowohl auf dem Columbiadamm als auch in der benachbarten Fontanestra\u00dfe. \u00d6ffentliche Verkehrsmittel Sie [&hellip;]<\/p>\n","protected":false},"author":2,"featured_media":0,"parent":0,"menu_order":0,"comment_status":"closed","ping_status":"closed","template":"","meta":{"_acf_changed":false,"inline_featured_image":false,"footnotes":""},"class_list":["post-3341","page","type-page","status-publish","hentry"],"acf":[],"yoast_head":"<!-- This site is optimized with the Yoast SEO plugin v23.0 - https:\/\/yoast.com\/wordpress\/plugins\/seo\/ -->\n<title>Zahn\u00e4rzte Dr. medic. stom. Irina &amp; Felix Talesnik<\/title>\n<meta name=\"robots\" content=\"index, follow, max-snippet:-1, max-image-preview:large, max-video-preview:-1\" \/>\n<link rel=\"canonical\" href=\"https:\/\/www.zahnarztpraxis-talesnik.de\/ar\/3341-2\/\" \/>\n<meta property=\"og:locale\" content=\"ar_AR\" \/>\n<meta property=\"og:type\" content=\"article\" \/>\n<meta property=\"og:title\" content=\"Zahn\u00e4rzte Dr. medic. stom. Irina &amp; Felix Talesnik\" \/>\n<meta property=\"og:description\" content=\"\u0627\u0644\u0648\u0635\u0648\u0644 +49 30 621 40 86 WhatsApp \u066e&#8221;\u0645\u0643\u0646 \u0627\u0644\u0648\u0635\u0648\u0644 \u0627\u0655\u0644\u0649 \u0639 &#8220;\u066e\u0627\u062f\u0629 \u0627\u0644\u0623\u0633 5\u066e\u0627\u0646 \u0627\u0644 5\u062d\u0627\u0635\u0629 9\u066e 5\u066e\u0627 9\u066e\u0633\u0647\u0648\u0644\u0629 \u0633 &#8220;\u066e \u064b\u0631\u0627 \u0639\u0644\u0649 \u0627\u0644\u0623 @\u06a1\u062f\u0627\u0645\u060c \u0627\u0654\u0648 9\u066e\u0627\u0644\u062f\u0631\u0627 9\u062d\u0629 \u0627\u0654\u0648 .\u0627\u0644\u0633 &#8220;\u066e\u0627\u0631\u0629\u060c \u0648\u0643\u0630\u0644\u0643 9\u066e\u0648\u0633\u0627\u0626\u0644 \u0627\u0644 5\u066e @\u06a1\u0644 \u0627\u0644\u0639\u0627\u0645\u0629 Auto Zahlreiche Parkm\u00f6glichkeiten finden Sie sowohl auf dem Columbiadamm als auch in der benachbarten Fontanestra\u00dfe. \u00d6ffentliche Verkehrsmittel Sie [&hellip;]\" \/>\n<meta property=\"og:url\" content=\"https:\/\/www.zahnarztpraxis-talesnik.de\/ar\/3341-2\/\" \/>\n<meta property=\"og:site_name\" content=\"Zahn\u00e4rzte Dr. medic. stom. Irina &amp; Felix Talesnik\" \/>\n<meta property=\"article:modified_time\" content=\"2024-07-12T10:10:18+00:00\" \/>\n<meta property=\"og:image\" content=\"https:\/\/dental.holypapa.com\/wp-content\/uploads\/2024\/06\/anfahrt.png\" \/>\n<meta name=\"twitter:card\" content=\"summary_large_image\" \/>\n<meta name=\"twitter:label1\" content=\"\u0648\u0642\u062a \u0627\u0644\u0642\u0631\u0627\u0621\u0629 \u0627\u0644\u0645\u064f\u0642\u062f\u0651\u0631\" \/>\n\t<meta name=\"twitter:data1\" content=\"1 \u062f\u0642\u064a\u0642\u0629\" \/>\n<script type=\"application\/ld+json\" class=\"yoast-schema-graph\">{\"@context\":\"https:\/\/schema.org\",\"@graph\":[{\"@type\":\"WebPage\",\"@id\":\"https:\/\/www.zahnarztpraxis-talesnik.de\/ar\/3341-2\/\",\"url\":\"https:\/\/www.zahnarztpraxis-talesnik.de\/ar\/3341-2\/\",\"name\":\"Zahn\u00e4rzte Dr. medic. stom. Irina & Felix Talesnik\",\"isPartOf\":{\"@id\":\"https:\/\/www.zahnarztpraxis-talesnik.de\/#website\"},\"primaryImageOfPage\":{\"@id\":\"https:\/\/www.zahnarztpraxis-talesnik.de\/ar\/3341-2\/#primaryimage\"},\"image\":{\"@id\":\"https:\/\/www.zahnarztpraxis-talesnik.de\/ar\/3341-2\/#primaryimage\"},\"thumbnailUrl\":\"https:\/\/dental.holypapa.com\/wp-content\/uploads\/2024\/06\/anfahrt.png\",\"datePublished\":\"2024-07-02T22:53:21+00:00\",\"dateModified\":\"2024-07-12T10:10:18+00:00\",\"breadcrumb\":{\"@id\":\"https:\/\/www.zahnarztpraxis-talesnik.de\/ar\/3341-2\/#breadcrumb\"},\"inLanguage\":\"ar\",\"potentialAction\":[{\"@type\":\"ReadAction\",\"target\":[\"https:\/\/www.zahnarztpraxis-talesnik.de\/ar\/3341-2\/\"]}]},{\"@type\":\"ImageObject\",\"inLanguage\":\"ar\",\"@id\":\"https:\/\/www.zahnarztpraxis-talesnik.de\/ar\/3341-2\/#primaryimage\",\"url\":\"https:\/\/dental.holypapa.com\/wp-content\/uploads\/2024\/06\/anfahrt.png\",\"contentUrl\":\"https:\/\/dental.holypapa.com\/wp-content\/uploads\/2024\/06\/anfahrt.png\"},{\"@type\":\"BreadcrumbList\",\"@id\":\"https:\/\/www.zahnarztpraxis-talesnik.de\/ar\/3341-2\/#breadcrumb\",\"itemListElement\":[{\"@type\":\"ListItem\",\"position\":1,\"name\":\"Home\",\"item\":\"https:\/\/www.zahnarztpraxis-talesnik.de\/ar\/\"},{\"@type\":\"ListItem\",\"position\":2,\"name\":\"\u0627\u0644\u0648\u0635\u0648\u0644\"}]},{\"@type\":\"WebSite\",\"@id\":\"https:\/\/www.zahnarztpraxis-talesnik.de\/#website\",\"url\":\"https:\/\/www.zahnarztpraxis-talesnik.de\/\",\"name\":\"Zahnarztpraxis Dr. medic. stom. Irina & Felix Talesnik\",\"description\":\"\",\"potentialAction\":[{\"@type\":\"SearchAction\",\"target\":{\"@type\":\"EntryPoint\",\"urlTemplate\":\"https:\/\/www.zahnarztpraxis-talesnik.de\/?s={search_term_string}\"},\"query-input\":\"required name=search_term_string\"}],\"inLanguage\":\"ar\"}]}<\/script>\n<!-- \/ Yoast SEO plugin. -->","yoast_head_json":{"title":"Zahn\u00e4rzte Dr. medic. stom. Irina & Felix Talesnik","robots":{"index":"index","follow":"follow","max-snippet":"max-snippet:-1","max-image-preview":"max-image-preview:large","max-video-preview":"max-video-preview:-1"},"canonical":"https:\/\/www.zahnarztpraxis-talesnik.de\/ar\/3341-2\/","og_locale":"ar_AR","og_type":"article","og_title":"Zahn\u00e4rzte Dr. medic. stom. Irina & Felix Talesnik","og_description":"\u0627\u0644\u0648\u0635\u0648\u0644 +49 30 621 40 86 WhatsApp \u066e&#8221;\u0645\u0643\u0646 \u0627\u0644\u0648\u0635\u0648\u0644 \u0627\u0655\u0644\u0649 \u0639 &#8220;\u066e\u0627\u062f\u0629 \u0627\u0644\u0623\u0633 5\u066e\u0627\u0646 \u0627\u0644 5\u062d\u0627\u0635\u0629 9\u066e 5\u066e\u0627 9\u066e\u0633\u0647\u0648\u0644\u0629 \u0633 &#8220;\u066e \u064b\u0631\u0627 \u0639\u0644\u0649 \u0627\u0644\u0623 @\u06a1\u062f\u0627\u0645\u060c \u0627\u0654\u0648 9\u066e\u0627\u0644\u062f\u0631\u0627 9\u062d\u0629 \u0627\u0654\u0648 .\u0627\u0644\u0633 &#8220;\u066e\u0627\u0631\u0629\u060c \u0648\u0643\u0630\u0644\u0643 9\u066e\u0648\u0633\u0627\u0626\u0644 \u0627\u0644 5\u066e @\u06a1\u0644 \u0627\u0644\u0639\u0627\u0645\u0629 Auto Zahlreiche Parkm\u00f6glichkeiten finden Sie sowohl auf dem Columbiadamm als auch in der benachbarten Fontanestra\u00dfe. \u00d6ffentliche Verkehrsmittel Sie [&hellip;]","og_url":"https:\/\/www.zahnarztpraxis-talesnik.de\/ar\/3341-2\/","og_site_name":"Zahn\u00e4rzte Dr. medic. stom. Irina &amp; Felix Talesnik","article_modified_time":"2024-07-12T10:10:18+00:00","og_image":[{"url":"https:\/\/dental.holypapa.com\/wp-content\/uploads\/2024\/06\/anfahrt.png"}],"twitter_card":"summary_large_image","twitter_misc":{"\u0648\u0642\u062a \u0627\u0644\u0642\u0631\u0627\u0621\u0629 \u0627\u0644\u0645\u064f\u0642\u062f\u0651\u0631":"1 \u062f\u0642\u064a\u0642\u0629"},"schema":{"@context":"https:\/\/schema.org","@graph":[{"@type":"WebPage","@id":"https:\/\/www.zahnarztpraxis-talesnik.de\/ar\/3341-2\/","url":"https:\/\/www.zahnarztpraxis-talesnik.de\/ar\/3341-2\/","name":"Zahn\u00e4rzte Dr. medic. stom. Irina & Felix Talesnik","isPartOf":{"@id":"https:\/\/www.zahnarztpraxis-talesnik.de\/#website"},"primaryImageOfPage":{"@id":"https:\/\/www.zahnarztpraxis-talesnik.de\/ar\/3341-2\/#primaryimage"},"image":{"@id":"https:\/\/www.zahnarztpraxis-talesnik.de\/ar\/3341-2\/#primaryimage"},"thumbnailUrl":"https:\/\/dental.holypapa.com\/wp-content\/uploads\/2024\/06\/anfahrt.png","datePublished":"2024-07-02T22:53:21+00:00","dateModified":"2024-07-12T10:10:18+00:00","breadcrumb":{"@id":"https:\/\/www.zahnarztpraxis-talesnik.de\/ar\/3341-2\/#breadcrumb"},"inLanguage":"ar","potentialAction":[{"@type":"ReadAction","target":["https:\/\/www.zahnarztpraxis-talesnik.de\/ar\/3341-2\/"]}]},{"@type":"ImageObject","inLanguage":"ar","@id":"https:\/\/www.zahnarztpraxis-talesnik.de\/ar\/3341-2\/#primaryimage","url":"https:\/\/dental.holypapa.com\/wp-content\/uploads\/2024\/06\/anfahrt.png","contentUrl":"https:\/\/dental.holypapa.com\/wp-content\/uploads\/2024\/06\/anfahrt.png"},{"@type":"BreadcrumbList","@id":"https:\/\/www.zahnarztpraxis-talesnik.de\/ar\/3341-2\/#breadcrumb","itemListElement":[{"@type":"ListItem","position":1,"name":"Home","item":"https:\/\/www.zahnarztpraxis-talesnik.de\/ar\/"},{"@type":"ListItem","position":2,"name":"\u0627\u0644\u0648\u0635\u0648\u0644"}]},{"@type":"WebSite","@id":"https:\/\/www.zahnarztpraxis-talesnik.de\/#website","url":"https:\/\/www.zahnarztpraxis-talesnik.de\/","name":"Zahnarztpraxis Dr. medic. stom. Irina & Felix Talesnik","description":"","potentialAction":[{"@type":"SearchAction","target":{"@type":"EntryPoint","urlTemplate":"https:\/\/www.zahnarztpraxis-talesnik.de\/?s={search_term_string}"},"query-input":"required name=search_term_string"}],"inLanguage":"ar"}]}},"_links":{"self":[{"href":"https:\/\/www.zahnarztpraxis-talesnik.de\/ar\/wp-json\/wp\/v2\/pages\/3341","targetHints":{"allow":["GET"]}}],"collection":[{"href":"https:\/\/www.zahnarztpraxis-talesnik.de\/ar\/wp-json\/wp\/v2\/pages"}],"about":[{"href":"https:\/\/www.zahnarztpraxis-talesnik.de\/ar\/wp-json\/wp\/v2\/types\/page"}],"author":[{"embeddable":true,"href":"https:\/\/www.zahnarztpraxis-talesnik.de\/ar\/wp-json\/wp\/v2\/users\/2"}],"replies":[{"embeddable":true,"href":"https:\/\/www.zahnarztpraxis-talesnik.de\/ar\/wp-json\/wp\/v2\/comments?post=3341"}],"version-history":[{"count":1,"href":"https:\/\/www.zahnarztpraxis-talesnik.de\/ar\/wp-json\/wp\/v2\/pages\/3341\/revisions"}],"predecessor-version":[{"id":3348,"href":"https:\/\/www.zahnarztpraxis-talesnik.de\/ar\/wp-json\/wp\/v2\/pages\/3341\/revisions\/3348"}],"wp:attachment":[{"href":"https:\/\/www.zahnarztpraxis-talesnik.de\/ar\/wp-json\/wp\/v2\/media?parent=3341"}],"curies":[{"name":"wp","href":"https:\/\/api.w.org\/{rel}","templated":true}]}}