{"id":1503,"date":"2024-06-17T21:12:46","date_gmt":"2024-06-17T19:12:46","guid":{"rendered":"https:\/\/dental.holypapa.com\/?page_id=1503"},"modified":"2024-07-12T12:03:37","modified_gmt":"2024-07-12T10:03:37","slug":"stomatologia-dziecieca-i-senioralna","status":"publish","type":"page","link":"https:\/\/www.zahnarztpraxis-talesnik.de\/pl\/stomatologia-dziecieca-i-senioralna\/","title":{"rendered":"Stomatologia dzieci\u0119ca i senioralna"},"content":{"rendered":"\t\t<div data-elementor-type=\"wp-page\" data-elementor-id=\"1503\" class=\"elementor elementor-1503 elementor-471\">\n\t\t\t\t<div class=\"elementor-element elementor-element-1bdf264c e-con-full relative e-flex e-con e-parent\" data-id=\"1bdf264c\" data-element_type=\"container\" data-settings=\"{&quot;background_background&quot;:&quot;classic&quot;}\">\n\t\t<div class=\"elementor-element elementor-element-3bf9f22e e-flex e-con-boxed e-con e-child\" data-id=\"3bf9f22e\" data-element_type=\"container\" data-settings=\"{&quot;background_background&quot;:&quot;classic&quot;}\">\n\t\t\t\t\t<div class=\"e-con-inner\">\n\t\t<div class=\"elementor-element elementor-element-2b993eeb e-flex e-con-boxed e-con e-child\" data-id=\"2b993eeb\" data-element_type=\"container\">\n\t\t\t\t\t<div class=\"e-con-inner\">\n\t\t\t\t<div class=\"elementor-element elementor-element-971d720 h1-top color-grey elementor-widget elementor-widget-text-editor\" data-id=\"971d720\" data-element_type=\"widget\" data-widget_type=\"text-editor.default\">\n\t\t\t\t<div class=\"elementor-widget-container\">\n\t\t\t<style>\/*! elementor - v3.23.0 - 15-07-2024 *\/\n.elementor-widget-text-editor.elementor-drop-cap-view-stacked .elementor-drop-cap{background-color:#69727d;color:#fff}.elementor-widget-text-editor.elementor-drop-cap-view-framed .elementor-drop-cap{color:#69727d;border:3px solid;background-color:transparent}.elementor-widget-text-editor:not(.elementor-drop-cap-view-default) .elementor-drop-cap{margin-top:8px}.elementor-widget-text-editor:not(.elementor-drop-cap-view-default) .elementor-drop-cap-letter{width:1em;height:1em}.elementor-widget-text-editor .elementor-drop-cap{float:left;text-align:center;line-height:1;font-size:50px}.elementor-widget-text-editor .elementor-drop-cap-letter{display:inline-block}<\/style>\t\t\t\t<h1>Stomatologia dzieci\u0119ca i senioralna<\/h1>\t\t\t\t\t\t<\/div>\n\t\t\t\t<\/div>\n\t\t\t\t<div class=\"elementor-element elementor-element-4adcd476 elementor-widget elementor-widget-html\" data-id=\"4adcd476\" data-element_type=\"widget\" data-widget_type=\"html.default\">\n\t\t\t\t<div class=\"elementor-widget-container\">\n\t\t\t<div class=\"buttons__block\">\n\t<a href=\"tel:+49306214086\" class=\"button button--white-2\" target=\"_blank\">+49 30 621 40 86<\/a>\n\t<a href=\"https:\/\/wa.me\/4915115945994\" class=\"button button--white-2\" target=\"_blank\">WhatsApp<\/a>\n\t<a href=\"https:\/\/www.doctolib.de\/praxis\/berlin\/zahnarztpraxis-felix-und-dr-irina-talesnik\/\" class=\"button button--white-2\" target=\"_blank\">Zarezerwuj termin teraz!<\/a>\n<\/div>\t\t<\/div>\n\t\t\t\t<\/div>\n\t\t\t\t\t<\/div>\n\t\t\t\t<\/div>\n\t\t<div class=\"elementor-element elementor-element-2163d2dc e-flex e-con-boxed e-con e-child\" data-id=\"2163d2dc\" data-element_type=\"container\">\n\t\t\t\t\t<div class=\"e-con-inner\">\n\t\t\t\t<div class=\"elementor-element elementor-element-6f520deb elementor-widget elementor-widget-image\" data-id=\"6f520deb\" data-element_type=\"widget\" data-widget_type=\"image.default\">\n\t\t\t\t<div class=\"elementor-widget-container\">\n\t\t\t<style>\/*! elementor - v3.23.0 - 15-07-2024 *\/\n.elementor-widget-image{text-align:center}.elementor-widget-image a{display:inline-block}.elementor-widget-image a img[src$=\".svg\"]{width:48px}.elementor-widget-image img{vertical-align:middle;display:inline-block}<\/style>\t\t\t\t\t\t\t\t\t\t<img fetchpriority=\"high\" decoding=\"async\" width=\"640\" height=\"556\" src=\"https:\/\/www.zahnarztpraxis-talesnik.de\/wp-content\/uploads\/2024\/06\/Kinder.png\" class=\"attachment-large size-large wp-image-750\" alt=\"\" srcset=\"https:\/\/www.zahnarztpraxis-talesnik.de\/wp-content\/uploads\/2024\/06\/Kinder.png 1000w, https:\/\/www.zahnarztpraxis-talesnik.de\/wp-content\/uploads\/2024\/06\/Kinder-300x261.png 300w, https:\/\/www.zahnarztpraxis-talesnik.de\/wp-content\/uploads\/2024\/06\/Kinder-768x667.png 768w\" sizes=\"(max-width: 640px) 100vw, 640px\" \/>\t\t\t\t\t\t\t\t\t\t\t\t\t<\/div>\n\t\t\t\t<\/div>\n\t\t\t\t\t<\/div>\n\t\t\t\t<\/div>\n\t\t\t\t\t<\/div>\n\t\t\t\t<\/div>\n\t\t\t\t<div class=\"elementor-element elementor-element-523feb04 absolute poa2 elementor-hidden-mobile elementor-widget elementor-widget-html\" data-id=\"523feb04\" data-element_type=\"widget\" data-widget_type=\"html.default\">\n\t\t\t\t<div class=\"elementor-widget-container\">\n\t\t\t<div class=\"triangle-bottomright\"><\/div>\t\t<\/div>\n\t\t\t\t<\/div>\n\t\t\t\t<\/div>\n\t\t<div class=\"elementor-element elementor-element-ec0400c e-flex e-con-boxed e-con e-parent\" data-id=\"ec0400c\" data-element_type=\"container\">\n\t\t\t\t\t<div class=\"e-con-inner\">\n\t\t\t\t<div class=\"elementor-element elementor-element-4b1340b elementor-widget elementor-widget-text-editor\" data-id=\"4b1340b\" data-element_type=\"widget\" data-widget_type=\"text-editor.default\">\n\t\t\t\t<div class=\"elementor-widget-container\">\n\t\t\t\t\t\t\t<div class=\"page\" title=\"Page 3\"><div class=\"section\"><div class=\"layoutArea\"><div class=\"column\"><p>W naszej praktyce leczymy ca\u0142e rodziny od niemowla\u0328t po osoby starsze \u2013 ro\u0301wniez\u0307 kobiety w cia\u0328z\u0307y sa\u0328 u nas w najlepszych re\u0328kach. Oferujemy indywidualna\u0328 profilaktyke\u0328 dla dzieci i m\u0142odziez\u0307y do osia\u0328gnie\u0328cia pe\u0142noletnos\u0301ci. Pierwsze badanie wczesnego wykrywania choro\u0301b ze\u0328bo\u0301w moz\u0307na przeprowadzic\u0301 juz\u0307 od szo\u0301stego miesia\u0328ca z\u0307ycia i przed pojawieniem sie\u0328 pierwszego ze\u0328ba.<\/p><h2>Piele\u0328gnacja ze\u0328bo\u0301w w czasie cia\u0328z\u0307y<\/h2><p>Przy planowanej cia\u0328z\u0307y zalecamy wczes\u0301niejsza\u0328 kontrole\u0328 stomatologiczna\u0328. Ro\u0301wniez\u0307 w trakcie cia\u0328z\u0307y przysz\u0142a matka powinna regularnie planowac\u0301 wizyty u dentysty, poniewaz\u0307 zmiany hormonalne cze\u0328sto prowadza\u0328 do problemo\u0301w z dzia\u0328s\u0142ami.<\/p><\/div><\/div><\/div><\/div>\t\t\t\t\t\t<\/div>\n\t\t\t\t<\/div>\n\t\t\t\t\t<\/div>\n\t\t\t\t<\/div>\n\t\t<div class=\"elementor-element elementor-element-6123914 e-flex e-con-boxed e-con e-parent\" data-id=\"6123914\" data-element_type=\"container\">\n\t\t\t\t\t<div class=\"e-con-inner\">\n\t\t<div class=\"elementor-element elementor-element-47be437 e-con-full e-flex e-con e-child\" data-id=\"47be437\" data-element_type=\"container\">\n\t\t\t\t<div class=\"elementor-element elementor-element-4a99ef9 elementor-widget elementor-widget-text-editor\" data-id=\"4a99ef9\" data-element_type=\"widget\" data-widget_type=\"text-editor.default\">\n\t\t\t\t<div class=\"elementor-widget-container\">\n\t\t\t\t\t\t\t<div class=\"page\" title=\"Page 4\"><div class=\"section\"><div class=\"layoutArea\"><div class=\"column\"><h2>Berlin\u0301ski Dziecie\u0328cy Paszport Stomatologiczny<\/h2><p>Dodatkowo otrzymasz u nas Berlin\u0301ski Dziecie\u0328cy Paszport Stomatologiczny, kto\u0301ry uzupe\u0142nia ksia\u0328z\u0307eczke\u0328 zdrowia dziecka wre\u0328czana\u0328 przy urodzeniu.<\/p><\/div><\/div><\/div><\/div>\t\t\t\t\t\t<\/div>\n\t\t\t\t<\/div>\n\t\t\t\t<\/div>\n\t\t<div class=\"elementor-element elementor-element-e918aac e-con-full e-flex e-con e-child\" data-id=\"e918aac\" data-element_type=\"container\">\n\t\t\t\t<div class=\"elementor-element elementor-element-2ddd558 elementor-widget elementor-widget-image\" data-id=\"2ddd558\" data-element_type=\"widget\" data-widget_type=\"image.default\">\n\t\t\t\t<div class=\"elementor-widget-container\">\n\t\t\t\t\t\t\t\t\t\t\t\t\t<img decoding=\"async\" width=\"640\" height=\"556\" src=\"https:\/\/www.zahnarztpraxis-talesnik.de\/wp-content\/uploads\/2024\/06\/Kinder2.jpg\" class=\"attachment-large size-large wp-image-751\" alt=\"\" srcset=\"https:\/\/www.zahnarztpraxis-talesnik.de\/wp-content\/uploads\/2024\/06\/Kinder2.jpg 1000w, https:\/\/www.zahnarztpraxis-talesnik.de\/wp-content\/uploads\/2024\/06\/Kinder2-300x261.jpg 300w, https:\/\/www.zahnarztpraxis-talesnik.de\/wp-content\/uploads\/2024\/06\/Kinder2-768x667.jpg 768w\" sizes=\"(max-width: 640px) 100vw, 640px\" \/>\t\t\t\t\t\t\t\t\t\t\t\t\t<\/div>\n\t\t\t\t<\/div>\n\t\t\t\t<\/div>\n\t\t\t\t\t<\/div>\n\t\t\t\t<\/div>\n\t\t<div class=\"elementor-element elementor-element-4dccfdc e-flex e-con-boxed e-con e-parent\" data-id=\"4dccfdc\" data-element_type=\"container\">\n\t\t\t\t\t<div class=\"e-con-inner\">\n\t\t<div class=\"elementor-element elementor-element-9ae9764 e-con-full e-flex e-con e-child\" data-id=\"9ae9764\" data-element_type=\"container\">\n\t\t\t\t<div class=\"elementor-element elementor-element-993d8cf elementor-widget elementor-widget-image\" data-id=\"993d8cf\" data-element_type=\"widget\" data-widget_type=\"image.default\">\n\t\t\t\t<div class=\"elementor-widget-container\">\n\t\t\t\t\t\t\t\t\t\t\t\t\t<img decoding=\"async\" width=\"640\" height=\"556\" src=\"https:\/\/www.zahnarztpraxis-talesnik.de\/wp-content\/uploads\/2024\/06\/kinder4.png\" class=\"attachment-large size-large wp-image-757\" alt=\"\" srcset=\"https:\/\/www.zahnarztpraxis-talesnik.de\/wp-content\/uploads\/2024\/06\/kinder4.png 1000w, https:\/\/www.zahnarztpraxis-talesnik.de\/wp-content\/uploads\/2024\/06\/kinder4-300x261.png 300w, https:\/\/www.zahnarztpraxis-talesnik.de\/wp-content\/uploads\/2024\/06\/kinder4-768x667.png 768w\" sizes=\"(max-width: 640px) 100vw, 640px\" \/>\t\t\t\t\t\t\t\t\t\t\t\t\t<\/div>\n\t\t\t\t<\/div>\n\t\t\t\t<\/div>\n\t\t<div class=\"elementor-element elementor-element-c63b4c2 e-con-full e-flex e-con e-child\" data-id=\"c63b4c2\" data-element_type=\"container\">\n\t\t\t\t<div class=\"elementor-element elementor-element-78e497e elementor-widget elementor-widget-text-editor\" data-id=\"78e497e\" data-element_type=\"widget\" data-widget_type=\"text-editor.default\">\n\t\t\t\t<div class=\"elementor-widget-container\">\n\t\t\t\t\t\t\t<div class=\"page\" title=\"Page 4\"><div class=\"section\"><div class=\"layoutArea\"><div class=\"column\"><h2>Zdrowie ze\u0328bo\u0301w w starszym wieku<\/h2><p>Nawet po 18 roku z\u0307ycia wspieramy zdrowie Twoich ze\u0328bo\u0301w poprzez regularne kontrole i dzia\u0142ania profilaktyczne. W dziedzinie tzw. gerostomatologii wiele sie\u0328 zmieni\u0142o &#8211; podczas gdy wczes\u0301niej protezy ca\u0142kowite by\u0142y powszechne w starszym wieku, coraz wie\u0328cej senioro\u0301w dzisiaj posiada swoje w\u0142asne ze\u0328by.<\/p><\/div><\/div><\/div><\/div>\t\t\t\t\t\t<\/div>\n\t\t\t\t<\/div>\n\t\t\t\t<\/div>\n\t\t\t\t\t<\/div>\n\t\t\t\t<\/div>\n\t\t<div class=\"elementor-element elementor-element-6c7d411 e-flex e-con-boxed e-con e-parent\" data-id=\"6c7d411\" data-element_type=\"container\">\n\t\t\t\t\t<div class=\"e-con-inner\">\n\t\t\t\t<div class=\"elementor-element elementor-element-c3cb68c elementor-widget elementor-widget-text-editor\" data-id=\"c3cb68c\" data-element_type=\"widget\" data-widget_type=\"text-editor.default\">\n\t\t\t\t<div class=\"elementor-widget-container\">\n\t\t\t\t\t\t\t<div class=\"page\" title=\"Page 4\"><div class=\"section\"><div class=\"layoutArea\"><div class=\"column\"><h2>Wizyty domowe i domy opieki<\/h2><p>Dla unieruchomionych senioro\u0301w oferujemy ro\u0301wniez\u0307 wizyty domowe i leczenie w domach opieki, aby zapewnic\u0301 kompleksowa\u0328 opieke\u0328 stomatologiczna\u0328.<\/p><p>Skontaktuj sie\u0328 z nami i dos\u0301wiadcz kompleksowej, przyjaznej rodzinie stomatologii na kaz\u0307dym etapie z\u0307ycia.<\/p><\/div><\/div><\/div><\/div>\t\t\t\t\t\t<\/div>\n\t\t\t\t<\/div>\n\t\t\t\t\t<\/div>\n\t\t\t\t<\/div>\n\t\t\t\t<\/div>\n\t\t","protected":false},"excerpt":{"rendered":"<p>Stomatologia dzieci\u0119ca i senioralna +49 30 621 40 86 WhatsApp Zarezerwuj termin teraz! W naszej praktyce leczymy ca\u0142e rodziny od niemowla\u0328t po osoby starsze \u2013 ro\u0301wniez\u0307 kobiety w cia\u0328z\u0307y sa\u0328 u nas w najlepszych re\u0328kach. Oferujemy indywidualna\u0328 profilaktyke\u0328 dla dzieci i m\u0142odziez\u0307y do osia\u0328gnie\u0328cia pe\u0142noletnos\u0301ci. Pierwsze badanie wczesnego wykrywania choro\u0301b ze\u0328bo\u0301w moz\u0307na przeprowadzic\u0301 juz\u0307 od [&hellip;]<\/p>\n","protected":false},"author":2,"featured_media":0,"parent":0,"menu_order":0,"comment_status":"closed","ping_status":"closed","template":"","meta":{"_acf_changed":false,"inline_featured_image":false,"footnotes":""},"class_list":["post-1503","page","type-page","status-publish","hentry"],"acf":[],"yoast_head":"<!-- This site is optimized with the Yoast SEO plugin v23.0 - https:\/\/yoast.com\/wordpress\/plugins\/seo\/ -->\n<title>Zahn\u00e4rzte Dr. medic. stom. Irina &amp; Felix Talesnik<\/title>\n<meta name=\"robots\" content=\"index, follow, max-snippet:-1, max-image-preview:large, max-video-preview:-1\" \/>\n<link rel=\"canonical\" href=\"https:\/\/www.zahnarztpraxis-talesnik.de\/pl\/stomatologia-dziecieca-i-senioralna\/\" \/>\n<meta property=\"og:locale\" content=\"pl_PL\" \/>\n<meta property=\"og:type\" content=\"article\" \/>\n<meta property=\"og:title\" content=\"Zahn\u00e4rzte Dr. medic. stom. Irina &amp; Felix Talesnik\" \/>\n<meta property=\"og:description\" content=\"Stomatologia dzieci\u0119ca i senioralna +49 30 621 40 86 WhatsApp Zarezerwuj termin teraz! W naszej praktyce leczymy ca\u0142e rodziny od niemowla\u0328t po osoby starsze \u2013 ro\u0301wniez\u0307 kobiety w cia\u0328z\u0307y sa\u0328 u nas w najlepszych re\u0328kach. Oferujemy indywidualna\u0328 profilaktyke\u0328 dla dzieci i m\u0142odziez\u0307y do osia\u0328gnie\u0328cia pe\u0142noletnos\u0301ci. Pierwsze badanie wczesnego wykrywania choro\u0301b ze\u0328bo\u0301w moz\u0307na przeprowadzic\u0301 juz\u0307 od [&hellip;]\" \/>\n<meta property=\"og:url\" content=\"https:\/\/www.zahnarztpraxis-talesnik.de\/pl\/stomatologia-dziecieca-i-senioralna\/\" \/>\n<meta property=\"og:site_name\" content=\"Zahn\u00e4rzte Dr. medic. stom. Irina &amp; Felix Talesnik\" \/>\n<meta property=\"article:modified_time\" content=\"2024-07-12T10:03:37+00:00\" \/>\n<meta property=\"og:image\" content=\"https:\/\/dental.holypapa.com\/wp-content\/uploads\/2024\/06\/Kinder.png\" \/>\n<meta name=\"twitter:card\" content=\"summary_large_image\" \/>\n<meta name=\"twitter:label1\" content=\"Szacowany czas czytania\" \/>\n\t<meta name=\"twitter:data1\" content=\"2 minuty\" \/>\n<script type=\"application\/ld+json\" class=\"yoast-schema-graph\">{\"@context\":\"https:\/\/schema.org\",\"@graph\":[{\"@type\":\"WebPage\",\"@id\":\"https:\/\/www.zahnarztpraxis-talesnik.de\/pl\/stomatologia-dziecieca-i-senioralna\/\",\"url\":\"https:\/\/www.zahnarztpraxis-talesnik.de\/pl\/stomatologia-dziecieca-i-senioralna\/\",\"name\":\"Zahn\u00e4rzte Dr. medic. stom. Irina & Felix Talesnik\",\"isPartOf\":{\"@id\":\"https:\/\/www.zahnarztpraxis-talesnik.de\/#website\"},\"primaryImageOfPage\":{\"@id\":\"https:\/\/www.zahnarztpraxis-talesnik.de\/pl\/stomatologia-dziecieca-i-senioralna\/#primaryimage\"},\"image\":{\"@id\":\"https:\/\/www.zahnarztpraxis-talesnik.de\/pl\/stomatologia-dziecieca-i-senioralna\/#primaryimage\"},\"thumbnailUrl\":\"https:\/\/dental.holypapa.com\/wp-content\/uploads\/2024\/06\/Kinder.png\",\"datePublished\":\"2024-06-17T19:12:46+00:00\",\"dateModified\":\"2024-07-12T10:03:37+00:00\",\"breadcrumb\":{\"@id\":\"https:\/\/www.zahnarztpraxis-talesnik.de\/pl\/stomatologia-dziecieca-i-senioralna\/#breadcrumb\"},\"inLanguage\":\"pl-PL\",\"potentialAction\":[{\"@type\":\"ReadAction\",\"target\":[\"https:\/\/www.zahnarztpraxis-talesnik.de\/pl\/stomatologia-dziecieca-i-senioralna\/\"]}]},{\"@type\":\"ImageObject\",\"inLanguage\":\"pl-PL\",\"@id\":\"https:\/\/www.zahnarztpraxis-talesnik.de\/pl\/stomatologia-dziecieca-i-senioralna\/#primaryimage\",\"url\":\"https:\/\/dental.holypapa.com\/wp-content\/uploads\/2024\/06\/Kinder.png\",\"contentUrl\":\"https:\/\/dental.holypapa.com\/wp-content\/uploads\/2024\/06\/Kinder.png\"},{\"@type\":\"BreadcrumbList\",\"@id\":\"https:\/\/www.zahnarztpraxis-talesnik.de\/pl\/stomatologia-dziecieca-i-senioralna\/#breadcrumb\",\"itemListElement\":[{\"@type\":\"ListItem\",\"position\":1,\"name\":\"Home\",\"item\":\"https:\/\/www.zahnarztpraxis-talesnik.de\/pl\/\"},{\"@type\":\"ListItem\",\"position\":2,\"name\":\"Stomatologia dzieci\u0119ca i senioralna\"}]},{\"@type\":\"WebSite\",\"@id\":\"https:\/\/www.zahnarztpraxis-talesnik.de\/#website\",\"url\":\"https:\/\/www.zahnarztpraxis-talesnik.de\/\",\"name\":\"Zahnarztpraxis Dr. medic. stom. Irina & Felix Talesnik\",\"description\":\"\",\"potentialAction\":[{\"@type\":\"SearchAction\",\"target\":{\"@type\":\"EntryPoint\",\"urlTemplate\":\"https:\/\/www.zahnarztpraxis-talesnik.de\/?s={search_term_string}\"},\"query-input\":\"required name=search_term_string\"}],\"inLanguage\":\"pl-PL\"}]}<\/script>\n<!-- \/ Yoast SEO plugin. -->","yoast_head_json":{"title":"Zahn\u00e4rzte Dr. medic. stom. Irina & Felix Talesnik","robots":{"index":"index","follow":"follow","max-snippet":"max-snippet:-1","max-image-preview":"max-image-preview:large","max-video-preview":"max-video-preview:-1"},"canonical":"https:\/\/www.zahnarztpraxis-talesnik.de\/pl\/stomatologia-dziecieca-i-senioralna\/","og_locale":"pl_PL","og_type":"article","og_title":"Zahn\u00e4rzte Dr. medic. stom. Irina & Felix Talesnik","og_description":"Stomatologia dzieci\u0119ca i senioralna +49 30 621 40 86 WhatsApp Zarezerwuj termin teraz! W naszej praktyce leczymy ca\u0142e rodziny od niemowla\u0328t po osoby starsze \u2013 ro\u0301wniez\u0307 kobiety w cia\u0328z\u0307y sa\u0328 u nas w najlepszych re\u0328kach. Oferujemy indywidualna\u0328 profilaktyke\u0328 dla dzieci i m\u0142odziez\u0307y do osia\u0328gnie\u0328cia pe\u0142noletnos\u0301ci. Pierwsze badanie wczesnego wykrywania choro\u0301b ze\u0328bo\u0301w moz\u0307na przeprowadzic\u0301 juz\u0307 od [&hellip;]","og_url":"https:\/\/www.zahnarztpraxis-talesnik.de\/pl\/stomatologia-dziecieca-i-senioralna\/","og_site_name":"Zahn\u00e4rzte Dr. medic. stom. Irina &amp; Felix Talesnik","article_modified_time":"2024-07-12T10:03:37+00:00","og_image":[{"url":"https:\/\/dental.holypapa.com\/wp-content\/uploads\/2024\/06\/Kinder.png"}],"twitter_card":"summary_large_image","twitter_misc":{"Szacowany czas czytania":"2 minuty"},"schema":{"@context":"https:\/\/schema.org","@graph":[{"@type":"WebPage","@id":"https:\/\/www.zahnarztpraxis-talesnik.de\/pl\/stomatologia-dziecieca-i-senioralna\/","url":"https:\/\/www.zahnarztpraxis-talesnik.de\/pl\/stomatologia-dziecieca-i-senioralna\/","name":"Zahn\u00e4rzte Dr. medic. stom. Irina & Felix Talesnik","isPartOf":{"@id":"https:\/\/www.zahnarztpraxis-talesnik.de\/#website"},"primaryImageOfPage":{"@id":"https:\/\/www.zahnarztpraxis-talesnik.de\/pl\/stomatologia-dziecieca-i-senioralna\/#primaryimage"},"image":{"@id":"https:\/\/www.zahnarztpraxis-talesnik.de\/pl\/stomatologia-dziecieca-i-senioralna\/#primaryimage"},"thumbnailUrl":"https:\/\/dental.holypapa.com\/wp-content\/uploads\/2024\/06\/Kinder.png","datePublished":"2024-06-17T19:12:46+00:00","dateModified":"2024-07-12T10:03:37+00:00","breadcrumb":{"@id":"https:\/\/www.zahnarztpraxis-talesnik.de\/pl\/stomatologia-dziecieca-i-senioralna\/#breadcrumb"},"inLanguage":"pl-PL","potentialAction":[{"@type":"ReadAction","target":["https:\/\/www.zahnarztpraxis-talesnik.de\/pl\/stomatologia-dziecieca-i-senioralna\/"]}]},{"@type":"ImageObject","inLanguage":"pl-PL","@id":"https:\/\/www.zahnarztpraxis-talesnik.de\/pl\/stomatologia-dziecieca-i-senioralna\/#primaryimage","url":"https:\/\/dental.holypapa.com\/wp-content\/uploads\/2024\/06\/Kinder.png","contentUrl":"https:\/\/dental.holypapa.com\/wp-content\/uploads\/2024\/06\/Kinder.png"},{"@type":"BreadcrumbList","@id":"https:\/\/www.zahnarztpraxis-talesnik.de\/pl\/stomatologia-dziecieca-i-senioralna\/#breadcrumb","itemListElement":[{"@type":"ListItem","position":1,"name":"Home","item":"https:\/\/www.zahnarztpraxis-talesnik.de\/pl\/"},{"@type":"ListItem","position":2,"name":"Stomatologia dzieci\u0119ca i senioralna"}]},{"@type":"WebSite","@id":"https:\/\/www.zahnarztpraxis-talesnik.de\/#website","url":"https:\/\/www.zahnarztpraxis-talesnik.de\/","name":"Zahnarztpraxis Dr. medic. stom. Irina & Felix Talesnik","description":"","potentialAction":[{"@type":"SearchAction","target":{"@type":"EntryPoint","urlTemplate":"https:\/\/www.zahnarztpraxis-talesnik.de\/?s={search_term_string}"},"query-input":"required name=search_term_string"}],"inLanguage":"pl-PL"}]}},"_links":{"self":[{"href":"https:\/\/www.zahnarztpraxis-talesnik.de\/pl\/wp-json\/wp\/v2\/pages\/1503","targetHints":{"allow":["GET"]}}],"collection":[{"href":"https:\/\/www.zahnarztpraxis-talesnik.de\/pl\/wp-json\/wp\/v2\/pages"}],"about":[{"href":"https:\/\/www.zahnarztpraxis-talesnik.de\/pl\/wp-json\/wp\/v2\/types\/page"}],"author":[{"embeddable":true,"href":"https:\/\/www.zahnarztpraxis-talesnik.de\/pl\/wp-json\/wp\/v2\/users\/2"}],"replies":[{"embeddable":true,"href":"https:\/\/www.zahnarztpraxis-talesnik.de\/pl\/wp-json\/wp\/v2\/comments?post=1503"}],"version-history":[{"count":17,"href":"https:\/\/www.zahnarztpraxis-talesnik.de\/pl\/wp-json\/wp\/v2\/pages\/1503\/revisions"}],"predecessor-version":[{"id":3529,"href":"https:\/\/www.zahnarztpraxis-talesnik.de\/pl\/wp-json\/wp\/v2\/pages\/1503\/revisions\/3529"}],"wp:attachment":[{"href":"https:\/\/www.zahnarztpraxis-talesnik.de\/pl\/wp-json\/wp\/v2\/media?parent=1503"}],"curies":[{"name":"wp","href":"https:\/\/api.w.org\/{rel}","templated":true}]}}