{"id":3373,"date":"2024-07-03T00:55:16","date_gmt":"2024-07-02T22:55:16","guid":{"rendered":"https:\/\/dental.holypapa.com\/?page_id=3373"},"modified":"2024-07-12T18:20:04","modified_gmt":"2024-07-12T16:20:04","slug":"kontakt","status":"publish","type":"page","link":"https:\/\/www.zahnarztpraxis-talesnik.de\/pl\/kontakt\/","title":{"rendered":"Kontakt"},"content":{"rendered":"\t\t<div data-elementor-type=\"wp-page\" data-elementor-id=\"3373\" class=\"elementor elementor-3373 elementor-3351\">\n\t\t\t\t<div class=\"elementor-element elementor-element-fb97975 e-con-full relative e-flex e-con e-parent\" data-id=\"fb97975\" data-element_type=\"container\" data-settings=\"{&quot;background_background&quot;:&quot;classic&quot;}\">\n\t\t<div class=\"elementor-element elementor-element-71aa14f e-flex e-con-boxed e-con e-child\" data-id=\"71aa14f\" data-element_type=\"container\" data-settings=\"{&quot;background_background&quot;:&quot;classic&quot;}\">\n\t\t\t\t\t<div class=\"e-con-inner\">\n\t\t<div class=\"elementor-element elementor-element-b271427 e-flex e-con-boxed e-con e-child\" data-id=\"b271427\" data-element_type=\"container\">\n\t\t\t\t\t<div class=\"e-con-inner\">\n\t\t\t\t<div class=\"elementor-element elementor-element-8447ba8 color-grey h1-top elementor-widget elementor-widget-text-editor\" data-id=\"8447ba8\" data-element_type=\"widget\" data-widget_type=\"text-editor.default\">\n\t\t\t\t<div class=\"elementor-widget-container\">\n\t\t\t<style>\/*! elementor - v3.23.0 - 15-07-2024 *\/\n.elementor-widget-text-editor.elementor-drop-cap-view-stacked .elementor-drop-cap{background-color:#69727d;color:#fff}.elementor-widget-text-editor.elementor-drop-cap-view-framed .elementor-drop-cap{color:#69727d;border:3px solid;background-color:transparent}.elementor-widget-text-editor:not(.elementor-drop-cap-view-default) .elementor-drop-cap{margin-top:8px}.elementor-widget-text-editor:not(.elementor-drop-cap-view-default) .elementor-drop-cap-letter{width:1em;height:1em}.elementor-widget-text-editor .elementor-drop-cap{float:left;text-align:center;line-height:1;font-size:50px}.elementor-widget-text-editor .elementor-drop-cap-letter{display:inline-block}<\/style>\t\t\t\t<h1>Kontakt<\/h1>\t\t\t\t\t\t<\/div>\n\t\t\t\t<\/div>\n\t\t\t\t<div class=\"elementor-element elementor-element-4bde2cf elementor-widget elementor-widget-html\" data-id=\"4bde2cf\" data-element_type=\"widget\" data-widget_type=\"html.default\">\n\t\t\t\t<div class=\"elementor-widget-container\">\n\t\t\t<div class=\"buttons__block\">\n\t<a href=\"tel:+49306214086\" class=\"button button--white-2\" target=\"_blank\">+49 30 621 40 86<\/a>\n\t<a href=\"https:\/\/wa.me\/4915115945994\" class=\"button button--white-2\" target=\"_blank\">WhatsApp<\/a>\n\t<a href=\"https:\/\/www.doctolib.de\/praxis\/berlin\/zahnarztpraxis-felix-und-dr-irina-talesnik\/\" class=\"button button--white-2\" target=\"_blank\">Zarezerwuj termin teraz!<\/a>\n<\/div>\t\t<\/div>\n\t\t\t\t<\/div>\n\t\t\t\t\t<\/div>\n\t\t\t\t<\/div>\n\t\t<div class=\"elementor-element elementor-element-f3e05c7 e-flex e-con-boxed e-con e-child\" data-id=\"f3e05c7\" data-element_type=\"container\">\n\t\t\t\t\t<div class=\"e-con-inner\">\n\t\t\t\t<div class=\"elementor-element elementor-element-4045adf elementor-widget elementor-widget-image\" data-id=\"4045adf\" data-element_type=\"widget\" data-widget_type=\"image.default\">\n\t\t\t\t<div class=\"elementor-widget-container\">\n\t\t\t<style>\/*! elementor - v3.23.0 - 15-07-2024 *\/\n.elementor-widget-image{text-align:center}.elementor-widget-image a{display:inline-block}.elementor-widget-image a img[src$=\".svg\"]{width:48px}.elementor-widget-image img{vertical-align:middle;display:inline-block}<\/style>\t\t\t\t\t\t\t\t\t\t<img fetchpriority=\"high\" decoding=\"async\" width=\"640\" height=\"640\" src=\"https:\/\/www.zahnarztpraxis-talesnik.de\/wp-content\/uploads\/2024\/07\/contacts-1.png\" class=\"attachment-large size-large wp-image-4386\" alt=\"\" srcset=\"https:\/\/www.zahnarztpraxis-talesnik.de\/wp-content\/uploads\/2024\/07\/contacts-1.png 1000w, https:\/\/www.zahnarztpraxis-talesnik.de\/wp-content\/uploads\/2024\/07\/contacts-1-300x300.png 300w, https:\/\/www.zahnarztpraxis-talesnik.de\/wp-content\/uploads\/2024\/07\/contacts-1-150x150.png 150w, https:\/\/www.zahnarztpraxis-talesnik.de\/wp-content\/uploads\/2024\/07\/contacts-1-768x768.png 768w\" sizes=\"(max-width: 640px) 100vw, 640px\" \/>\t\t\t\t\t\t\t\t\t\t\t\t\t<\/div>\n\t\t\t\t<\/div>\n\t\t\t\t\t<\/div>\n\t\t\t\t<\/div>\n\t\t\t\t\t<\/div>\n\t\t\t\t<\/div>\n\t\t\t\t<div class=\"elementor-element elementor-element-673f2d4 absolute poa2 elementor-widget elementor-widget-html\" data-id=\"673f2d4\" data-element_type=\"widget\" data-widget_type=\"html.default\">\n\t\t\t\t<div class=\"elementor-widget-container\">\n\t\t\t<div class=\"triangle-bottomright\"><\/div>\t\t<\/div>\n\t\t\t\t<\/div>\n\t\t\t\t<\/div>\n\t\t<div class=\"elementor-element elementor-element-844c618 e-flex e-con-boxed e-con e-parent\" data-id=\"844c618\" data-element_type=\"container\">\n\t\t\t\t\t<div class=\"e-con-inner\">\n\t\t<div class=\"elementor-element elementor-element-e7714cd e-con-full e-flex e-con e-child\" data-id=\"e7714cd\" data-element_type=\"container\">\n\t\t\t\t<div class=\"elementor-element elementor-element-b79d7e2 elementor-widget elementor-widget-text-editor\" data-id=\"b79d7e2\" data-element_type=\"widget\" data-widget_type=\"text-editor.default\">\n\t\t\t\t<div class=\"elementor-widget-container\">\n\t\t\t\t\t\t\t<p><b>Zahn\u00e4rzte Dr. medic. stom. Irina &amp; Felix Talesnik<\/b><br>\nFlughafenstra\u00dfe 76<br>\n12049 Berlin<\/p>\n<p>Tel.: +49(0)30\/621 40 86<br>\nKom\u00f3rka: +49(0)151\/159 459 94<br>\nFaks: +49(0)30\/621 40 56<br>\nE-Mmail: ftalesnik@zahnarztpraxis-talesnik.de<\/p>\n<p><strong>Godziny otwarcia<\/strong><\/p>\n<table class=\"table-contacts\" style=\"width: 571px; border-collapse: collapse; height: 238px;\">\n<thead><\/thead>\n<tbody>\n<tr>\n<td style=\"border: 1px solid #FFFFFF; padding: 8px;\">Poniedzia\u0142ek<\/td>\n<td style=\"border: 1px solid #FFFFFF; padding: 8px;\">9:00 &#8211; 12:00 &amp; 14:30 &#8211; 18:30<\/td>\n<\/tr>\n<tr>\n<td style=\"border: 1px solid #FFFFFF; padding: 8px;\">Wtorek<\/td>\n<td style=\"border: 1px solid #FFFFFF; padding: 8px;\">9:00 &#8211; 12:00 &amp; 14:30 &#8211; 18:30<\/td>\n<\/tr>\n<tr>\n<td style=\"border: 1px solid #FFFFFF; padding: 8px;\">\u015aroda<\/td>\n<td style=\"border: 1px solid #FFFFFF; padding: 8px;\">9:00 &#8211; 12:00 &amp; 14:30 &#8211; 20:30<\/td>\n<\/tr>\n<tr>\n<td style=\"border: 1px solid #FFFFFF; padding: 8px;\">Czwartek<\/td>\n<td style=\"border: 1px solid #FFFFFF; padding: 8px;\">9:00 &#8211; 12:00 &amp; 14:30 &#8211; 18:30<\/td>\n<\/tr>\n<tr>\n<td style=\"border: 1px solid #FFFFFF; padding: 8px;\">Pi\u0105tek<\/td>\n<td style=\"border: 1px solid #FFFFFF; padding: 8px;\">9:00 &#8211; 12:00 (tylko po wcze\u015bniejszym um\u00f3wieniu si\u0119)<\/td><\/tr><\/tbody><\/table>\t\t\t\t\t\t<\/div>\n\t\t\t\t<\/div>\n\t\t\t\t<\/div>\n\t\t<div class=\"elementor-element elementor-element-847989c e-con-full e-flex e-con e-child\" data-id=\"847989c\" data-element_type=\"container\">\n\t\t\t\t<div class=\"elementor-element elementor-element-a5e41f3 elementor-widget elementor-widget-html\" data-id=\"a5e41f3\" data-element_type=\"widget\" data-widget_type=\"html.default\">\n\t\t\t\t<div class=\"elementor-widget-container\">\n\t\t\t<iframe src=\"https:\/\/www.google.com\/maps\/embed?pb=!1m18!1m12!1m3!1d4859.831337464887!2d13.422331999999997!3d52.480662599999995!2m3!1f0!2f0!3f0!3m2!1i1024!2i768!4f13.1!3m3!1m2!1s0x47a84fbed09c0001%3A0xa90850c13868b548!2sFelix%20Talesnik!5e0!3m2!1sde!2ses!4v1719968435472!5m2!1sde!2ses\" width=\"600\" height=\"450\" style=\"border:0;\" allowfullscreen=\"\" loading=\"lazy\" referrerpolicy=\"no-referrer-when-downgrade\"><\/iframe>\t\t<\/div>\n\t\t\t\t<\/div>\n\t\t\t\t<\/div>\n\t\t\t\t\t<\/div>\n\t\t\t\t<\/div>\n\t\t\t\t<\/div>\n\t\t","protected":false},"excerpt":{"rendered":"<p>Kontakt +49 30 621 40 86 WhatsApp Zarezerwuj termin teraz! Zahn\u00e4rzte Dr. medic. stom. Irina &amp; Felix Talesnik Flughafenstra\u00dfe 76 12049 Berlin Tel.: +49(0)30\/621 40 86 Kom\u00f3rka: +49(0)151\/159 459 94 Faks: +49(0)30\/621 40 56 E-Mmail: ftalesnik@zahnarztpraxis-talesnik.de Godziny otwarcia Poniedzia\u0142ek 9:00 &#8211; 12:00 &amp; 14:30 &#8211; 18:30 Wtorek 9:00 &#8211; 12:00 &amp; 14:30 &#8211; 18:30 \u015aroda [&hellip;]<\/p>\n","protected":false},"author":2,"featured_media":0,"parent":0,"menu_order":0,"comment_status":"closed","ping_status":"closed","template":"","meta":{"_acf_changed":false,"inline_featured_image":false,"footnotes":""},"class_list":["post-3373","page","type-page","status-publish","hentry"],"acf":[],"yoast_head":"<!-- This site is optimized with the Yoast SEO plugin v23.0 - https:\/\/yoast.com\/wordpress\/plugins\/seo\/ -->\n<title>Zahn\u00e4rzte Dr. medic. stom. Irina &amp; Felix Talesnik<\/title>\n<meta name=\"robots\" content=\"index, follow, max-snippet:-1, max-image-preview:large, max-video-preview:-1\" \/>\n<link rel=\"canonical\" href=\"https:\/\/www.zahnarztpraxis-talesnik.de\/pl\/kontakt\/\" \/>\n<meta property=\"og:locale\" content=\"pl_PL\" \/>\n<meta property=\"og:type\" content=\"article\" \/>\n<meta property=\"og:title\" content=\"Zahn\u00e4rzte Dr. medic. stom. Irina &amp; Felix Talesnik\" \/>\n<meta property=\"og:description\" content=\"Kontakt +49 30 621 40 86 WhatsApp Zarezerwuj termin teraz! Zahn\u00e4rzte Dr. medic. stom. Irina &amp; Felix Talesnik Flughafenstra\u00dfe 76 12049 Berlin Tel.: +49(0)30\/621 40 86 Kom\u00f3rka: +49(0)151\/159 459 94 Faks: +49(0)30\/621 40 56 E-Mmail: ftalesnik@zahnarztpraxis-talesnik.de Godziny otwarcia Poniedzia\u0142ek 9:00 &#8211; 12:00 &amp; 14:30 &#8211; 18:30 Wtorek 9:00 &#8211; 12:00 &amp; 14:30 &#8211; 18:30 \u015aroda [&hellip;]\" \/>\n<meta property=\"og:url\" content=\"https:\/\/www.zahnarztpraxis-talesnik.de\/pl\/kontakt\/\" \/>\n<meta property=\"og:site_name\" content=\"Zahn\u00e4rzte Dr. medic. stom. Irina &amp; Felix Talesnik\" \/>\n<meta property=\"article:modified_time\" content=\"2024-07-12T16:20:04+00:00\" \/>\n<meta property=\"og:image\" content=\"https:\/\/www.zahnarztpraxis-talesnik.de\/wp-content\/uploads\/2024\/07\/contacts-1.png\" \/>\n<meta name=\"twitter:card\" content=\"summary_large_image\" \/>\n<meta name=\"twitter:label1\" content=\"Szacowany czas czytania\" \/>\n\t<meta name=\"twitter:data1\" content=\"1 minuta\" \/>\n<script type=\"application\/ld+json\" class=\"yoast-schema-graph\">{\"@context\":\"https:\/\/schema.org\",\"@graph\":[{\"@type\":\"WebPage\",\"@id\":\"https:\/\/www.zahnarztpraxis-talesnik.de\/pl\/kontakt\/\",\"url\":\"https:\/\/www.zahnarztpraxis-talesnik.de\/pl\/kontakt\/\",\"name\":\"Zahn\u00e4rzte Dr. medic. stom. Irina & Felix Talesnik\",\"isPartOf\":{\"@id\":\"https:\/\/www.zahnarztpraxis-talesnik.de\/#website\"},\"primaryImageOfPage\":{\"@id\":\"https:\/\/www.zahnarztpraxis-talesnik.de\/pl\/kontakt\/#primaryimage\"},\"image\":{\"@id\":\"https:\/\/www.zahnarztpraxis-talesnik.de\/pl\/kontakt\/#primaryimage\"},\"thumbnailUrl\":\"https:\/\/www.zahnarztpraxis-talesnik.de\/wp-content\/uploads\/2024\/07\/contacts-1.png\",\"datePublished\":\"2024-07-02T22:55:16+00:00\",\"dateModified\":\"2024-07-12T16:20:04+00:00\",\"breadcrumb\":{\"@id\":\"https:\/\/www.zahnarztpraxis-talesnik.de\/pl\/kontakt\/#breadcrumb\"},\"inLanguage\":\"pl-PL\",\"potentialAction\":[{\"@type\":\"ReadAction\",\"target\":[\"https:\/\/www.zahnarztpraxis-talesnik.de\/pl\/kontakt\/\"]}]},{\"@type\":\"ImageObject\",\"inLanguage\":\"pl-PL\",\"@id\":\"https:\/\/www.zahnarztpraxis-talesnik.de\/pl\/kontakt\/#primaryimage\",\"url\":\"https:\/\/www.zahnarztpraxis-talesnik.de\/wp-content\/uploads\/2024\/07\/contacts-1.png\",\"contentUrl\":\"https:\/\/www.zahnarztpraxis-talesnik.de\/wp-content\/uploads\/2024\/07\/contacts-1.png\"},{\"@type\":\"BreadcrumbList\",\"@id\":\"https:\/\/www.zahnarztpraxis-talesnik.de\/pl\/kontakt\/#breadcrumb\",\"itemListElement\":[{\"@type\":\"ListItem\",\"position\":1,\"name\":\"Home\",\"item\":\"https:\/\/www.zahnarztpraxis-talesnik.de\/pl\/\"},{\"@type\":\"ListItem\",\"position\":2,\"name\":\"Kontakt\"}]},{\"@type\":\"WebSite\",\"@id\":\"https:\/\/www.zahnarztpraxis-talesnik.de\/#website\",\"url\":\"https:\/\/www.zahnarztpraxis-talesnik.de\/\",\"name\":\"Zahnarztpraxis Dr. medic. stom. Irina & Felix Talesnik\",\"description\":\"\",\"potentialAction\":[{\"@type\":\"SearchAction\",\"target\":{\"@type\":\"EntryPoint\",\"urlTemplate\":\"https:\/\/www.zahnarztpraxis-talesnik.de\/?s={search_term_string}\"},\"query-input\":\"required name=search_term_string\"}],\"inLanguage\":\"pl-PL\"}]}<\/script>\n<!-- \/ Yoast SEO plugin. -->","yoast_head_json":{"title":"Zahn\u00e4rzte Dr. medic. stom. Irina & Felix Talesnik","robots":{"index":"index","follow":"follow","max-snippet":"max-snippet:-1","max-image-preview":"max-image-preview:large","max-video-preview":"max-video-preview:-1"},"canonical":"https:\/\/www.zahnarztpraxis-talesnik.de\/pl\/kontakt\/","og_locale":"pl_PL","og_type":"article","og_title":"Zahn\u00e4rzte Dr. medic. stom. Irina & Felix Talesnik","og_description":"Kontakt +49 30 621 40 86 WhatsApp Zarezerwuj termin teraz! Zahn\u00e4rzte Dr. medic. stom. Irina &amp; Felix Talesnik Flughafenstra\u00dfe 76 12049 Berlin Tel.: +49(0)30\/621 40 86 Kom\u00f3rka: +49(0)151\/159 459 94 Faks: +49(0)30\/621 40 56 E-Mmail: ftalesnik@zahnarztpraxis-talesnik.de Godziny otwarcia Poniedzia\u0142ek 9:00 &#8211; 12:00 &amp; 14:30 &#8211; 18:30 Wtorek 9:00 &#8211; 12:00 &amp; 14:30 &#8211; 18:30 \u015aroda [&hellip;]","og_url":"https:\/\/www.zahnarztpraxis-talesnik.de\/pl\/kontakt\/","og_site_name":"Zahn\u00e4rzte Dr. medic. stom. Irina &amp; Felix Talesnik","article_modified_time":"2024-07-12T16:20:04+00:00","og_image":[{"url":"https:\/\/www.zahnarztpraxis-talesnik.de\/wp-content\/uploads\/2024\/07\/contacts-1.png"}],"twitter_card":"summary_large_image","twitter_misc":{"Szacowany czas czytania":"1 minuta"},"schema":{"@context":"https:\/\/schema.org","@graph":[{"@type":"WebPage","@id":"https:\/\/www.zahnarztpraxis-talesnik.de\/pl\/kontakt\/","url":"https:\/\/www.zahnarztpraxis-talesnik.de\/pl\/kontakt\/","name":"Zahn\u00e4rzte Dr. medic. stom. Irina & Felix Talesnik","isPartOf":{"@id":"https:\/\/www.zahnarztpraxis-talesnik.de\/#website"},"primaryImageOfPage":{"@id":"https:\/\/www.zahnarztpraxis-talesnik.de\/pl\/kontakt\/#primaryimage"},"image":{"@id":"https:\/\/www.zahnarztpraxis-talesnik.de\/pl\/kontakt\/#primaryimage"},"thumbnailUrl":"https:\/\/www.zahnarztpraxis-talesnik.de\/wp-content\/uploads\/2024\/07\/contacts-1.png","datePublished":"2024-07-02T22:55:16+00:00","dateModified":"2024-07-12T16:20:04+00:00","breadcrumb":{"@id":"https:\/\/www.zahnarztpraxis-talesnik.de\/pl\/kontakt\/#breadcrumb"},"inLanguage":"pl-PL","potentialAction":[{"@type":"ReadAction","target":["https:\/\/www.zahnarztpraxis-talesnik.de\/pl\/kontakt\/"]}]},{"@type":"ImageObject","inLanguage":"pl-PL","@id":"https:\/\/www.zahnarztpraxis-talesnik.de\/pl\/kontakt\/#primaryimage","url":"https:\/\/www.zahnarztpraxis-talesnik.de\/wp-content\/uploads\/2024\/07\/contacts-1.png","contentUrl":"https:\/\/www.zahnarztpraxis-talesnik.de\/wp-content\/uploads\/2024\/07\/contacts-1.png"},{"@type":"BreadcrumbList","@id":"https:\/\/www.zahnarztpraxis-talesnik.de\/pl\/kontakt\/#breadcrumb","itemListElement":[{"@type":"ListItem","position":1,"name":"Home","item":"https:\/\/www.zahnarztpraxis-talesnik.de\/pl\/"},{"@type":"ListItem","position":2,"name":"Kontakt"}]},{"@type":"WebSite","@id":"https:\/\/www.zahnarztpraxis-talesnik.de\/#website","url":"https:\/\/www.zahnarztpraxis-talesnik.de\/","name":"Zahnarztpraxis Dr. medic. stom. Irina & Felix Talesnik","description":"","potentialAction":[{"@type":"SearchAction","target":{"@type":"EntryPoint","urlTemplate":"https:\/\/www.zahnarztpraxis-talesnik.de\/?s={search_term_string}"},"query-input":"required name=search_term_string"}],"inLanguage":"pl-PL"}]}},"_links":{"self":[{"href":"https:\/\/www.zahnarztpraxis-talesnik.de\/pl\/wp-json\/wp\/v2\/pages\/3373","targetHints":{"allow":["GET"]}}],"collection":[{"href":"https:\/\/www.zahnarztpraxis-talesnik.de\/pl\/wp-json\/wp\/v2\/pages"}],"about":[{"href":"https:\/\/www.zahnarztpraxis-talesnik.de\/pl\/wp-json\/wp\/v2\/types\/page"}],"author":[{"embeddable":true,"href":"https:\/\/www.zahnarztpraxis-talesnik.de\/pl\/wp-json\/wp\/v2\/users\/2"}],"replies":[{"embeddable":true,"href":"https:\/\/www.zahnarztpraxis-talesnik.de\/pl\/wp-json\/wp\/v2\/comments?post=3373"}],"version-history":[{"count":26,"href":"https:\/\/www.zahnarztpraxis-talesnik.de\/pl\/wp-json\/wp\/v2\/pages\/3373\/revisions"}],"predecessor-version":[{"id":4545,"href":"https:\/\/www.zahnarztpraxis-talesnik.de\/pl\/wp-json\/wp\/v2\/pages\/3373\/revisions\/4545"}],"wp:attachment":[{"href":"https:\/\/www.zahnarztpraxis-talesnik.de\/pl\/wp-json\/wp\/v2\/media?parent=3373"}],"curies":[{"name":"wp","href":"https:\/\/api.w.org\/{rel}","templated":true}]}}