{"id":1444,"date":"2024-06-17T21:12:23","date_gmt":"2024-06-17T19:12:23","guid":{"rendered":"https:\/\/dental.holypapa.com\/?page_id=1444"},"modified":"2024-07-12T11:54:20","modified_gmt":"2024-07-12T09:54:20","slug":"estetica-dentara","status":"publish","type":"page","link":"https:\/\/www.zahnarztpraxis-talesnik.de\/ro\/estetica-dentara\/","title":{"rendered":"Estetica dentar\u0103"},"content":{"rendered":"\t\t<div data-elementor-type=\"wp-page\" data-elementor-id=\"1444\" class=\"elementor elementor-1444 elementor-469\">\n\t\t\t\t<div class=\"elementor-element elementor-element-7bb08381 e-con-full relative e-flex e-con e-parent\" data-id=\"7bb08381\" data-element_type=\"container\" data-settings=\"{&quot;background_background&quot;:&quot;classic&quot;}\">\n\t\t<div class=\"elementor-element elementor-element-126ac265 e-flex e-con-boxed e-con e-child\" data-id=\"126ac265\" data-element_type=\"container\" data-settings=\"{&quot;background_background&quot;:&quot;classic&quot;}\">\n\t\t\t\t\t<div class=\"e-con-inner\">\n\t\t<div class=\"elementor-element elementor-element-27ee637e e-flex e-con-boxed e-con e-child\" data-id=\"27ee637e\" data-element_type=\"container\">\n\t\t\t\t\t<div class=\"e-con-inner\">\n\t\t\t\t<div class=\"elementor-element elementor-element-4b706cdb color-grey elementor-widget elementor-widget-text-editor\" data-id=\"4b706cdb\" data-element_type=\"widget\" data-widget_type=\"text-editor.default\">\n\t\t\t\t<div class=\"elementor-widget-container\">\n\t\t\t<style>\/*! elementor - v3.23.0 - 15-07-2024 *\/\n.elementor-widget-text-editor.elementor-drop-cap-view-stacked .elementor-drop-cap{background-color:#69727d;color:#fff}.elementor-widget-text-editor.elementor-drop-cap-view-framed .elementor-drop-cap{color:#69727d;border:3px solid;background-color:transparent}.elementor-widget-text-editor:not(.elementor-drop-cap-view-default) .elementor-drop-cap{margin-top:8px}.elementor-widget-text-editor:not(.elementor-drop-cap-view-default) .elementor-drop-cap-letter{width:1em;height:1em}.elementor-widget-text-editor .elementor-drop-cap{float:left;text-align:center;line-height:1;font-size:50px}.elementor-widget-text-editor .elementor-drop-cap-letter{display:inline-block}<\/style>\t\t\t\t<h1>Estetica dentar\u0103<\/h1>\t\t\t\t\t\t<\/div>\n\t\t\t\t<\/div>\n\t\t\t\t<div class=\"elementor-element elementor-element-1e2d3a62 elementor-widget elementor-widget-html\" data-id=\"1e2d3a62\" data-element_type=\"widget\" data-widget_type=\"html.default\">\n\t\t\t\t<div class=\"elementor-widget-container\">\n\t\t\t<div class=\"buttons__block\">\n\t<a href=\"tel:+49306214086\" class=\"button button--white-2\" target=\"_blank\">+49 30 621 40 86<\/a>\n\t<a href=\"https:\/\/wa.me\/4915115945994\" class=\"button button--white-2\" target=\"_blank\">WhatsApp<\/a>\n\t<a href=\"https:\/\/www.doctolib.de\/praxis\/berlin\/zahnarztpraxis-felix-und-dr-irina-talesnik\/\" class=\"button button--white-2\" target=\"_blank\">Rezerv\u0103 o programare acum!<\/a>\n<\/div>\t\t<\/div>\n\t\t\t\t<\/div>\n\t\t\t\t\t<\/div>\n\t\t\t\t<\/div>\n\t\t<div class=\"elementor-element elementor-element-218162f0 e-flex e-con-boxed e-con e-child\" data-id=\"218162f0\" data-element_type=\"container\">\n\t\t\t\t\t<div class=\"e-con-inner\">\n\t\t\t\t<div class=\"elementor-element elementor-element-4a03ea70 elementor-widget elementor-widget-image\" data-id=\"4a03ea70\" data-element_type=\"widget\" data-widget_type=\"image.default\">\n\t\t\t\t<div class=\"elementor-widget-container\">\n\t\t\t<style>\/*! elementor - v3.23.0 - 15-07-2024 *\/\n.elementor-widget-image{text-align:center}.elementor-widget-image a{display:inline-block}.elementor-widget-image a img[src$=\".svg\"]{width:48px}.elementor-widget-image img{vertical-align:middle;display:inline-block}<\/style>\t\t\t\t\t\t\t\t\t\t<img fetchpriority=\"high\" decoding=\"async\" width=\"640\" height=\"256\" src=\"https:\/\/www.zahnarztpraxis-talesnik.de\/wp-content\/uploads\/2024\/06\/Asthetische-Zahnmedizin.png\" class=\"attachment-large size-large wp-image-596\" alt=\"\" srcset=\"https:\/\/www.zahnarztpraxis-talesnik.de\/wp-content\/uploads\/2024\/06\/Asthetische-Zahnmedizin.png 1000w, https:\/\/www.zahnarztpraxis-talesnik.de\/wp-content\/uploads\/2024\/06\/Asthetische-Zahnmedizin-300x120.png 300w, https:\/\/www.zahnarztpraxis-talesnik.de\/wp-content\/uploads\/2024\/06\/Asthetische-Zahnmedizin-768x307.png 768w\" sizes=\"(max-width: 640px) 100vw, 640px\" \/>\t\t\t\t\t\t\t\t\t\t\t\t\t<\/div>\n\t\t\t\t<\/div>\n\t\t\t\t\t<\/div>\n\t\t\t\t<\/div>\n\t\t\t\t\t<\/div>\n\t\t\t\t<\/div>\n\t\t\t\t<div class=\"elementor-element elementor-element-829608f absolute poa2 elementor-hidden-mobile elementor-widget elementor-widget-html\" data-id=\"829608f\" data-element_type=\"widget\" data-widget_type=\"html.default\">\n\t\t\t\t<div class=\"elementor-widget-container\">\n\t\t\t<div class=\"triangle-bottomright\"><\/div>\t\t<\/div>\n\t\t\t\t<\/div>\n\t\t\t\t<\/div>\n\t\t<div class=\"elementor-element elementor-element-bce7141 e-flex e-con-boxed e-con e-parent\" data-id=\"bce7141\" data-element_type=\"container\">\n\t\t\t\t\t<div class=\"e-con-inner\">\n\t\t\t\t<div class=\"elementor-element elementor-element-afed339 elementor-widget elementor-widget-text-editor\" data-id=\"afed339\" data-element_type=\"widget\" data-widget_type=\"text-editor.default\">\n\t\t\t\t<div class=\"elementor-widget-container\">\n\t\t\t\t\t\t\t<div class=\"page\" title=\"Page 1\"><div class=\"section\"><div class=\"layoutArea\"><div class=\"column\"><div class=\"page\" title=\"Page 3\"><div class=\"section\"><div class=\"layoutArea\"><div class=\"column\"><p>Serviciile noastre i\u0302n cadrul esteticii dentare pentru za\u0302mbetul ta\u0306u stra\u0306lucitor:<\/p><h2>Albirea dint\u0326ilor pentru dint\u0326i mai luminos\u0326i<\/h2><p>Albire profesionala\u0306 a dint\u0326ilor pentru un za\u0302mbet radiant, alb.<\/p><\/div><\/div><div class=\"layoutArea\"><div class=\"column\"><h2>Fat\u0326ete de compozit s\u0326i reconstruct\u0326ii ale dint\u0326ilor frontali<\/h2><\/div><\/div><\/div><\/div><div class=\"page\" title=\"Page 4\"><div class=\"section\"><div class=\"layoutArea\"><div class=\"column\"><p>Fat\u0326ete de compozit direct s\u0326i reconstruct\u0326ii ale dint\u0326ilor frontali pentru i\u0302mbuna\u0306ta\u0306t\u0326irea estetica\u0306 a za\u0302mbetului ta\u0306u.<\/p><h2>Fat\u0326ete realizate i\u0302n laborator s\u0326i coroane ceramice de i\u0302nalta\u0306 calitate<\/h2><p>Frumuset\u0326e de lunga\u0306 durata\u0306 cu fat\u0326ete realizate i\u0302n laborator s\u0326i coroane de i\u0302nalta\u0306 calitate i\u0302n zona dint\u0326ilor frontali.<\/p><h2>Bijuterii dentare<\/h2><p>Adauga\u0306 o nota\u0306 personala\u0306 za\u0302mbetului ta\u0306u cu bijuteriile noastre dentare.<\/p><h2>Terapia cu alignere<\/h2><p>Corect\u0326ii fine ale pozit\u0326iei pentru un za\u0302mbet perfect prin terapia cu alignere.<\/p><p>Afla\u0306 mai multe despre metodele noastre de tratament estetic s\u0326i programeaza\u0306 o i\u0302nta\u0302lnire pentru o consultat\u0326ie personala\u0306.<\/p><\/div><\/div><\/div><\/div><\/div><\/div><\/div><\/div>\t\t\t\t\t\t<\/div>\n\t\t\t\t<\/div>\n\t\t\t\t\t<\/div>\n\t\t\t\t<\/div>\n\t\t\t\t<\/div>\n\t\t","protected":false},"excerpt":{"rendered":"<p>Estetica dentar\u0103 +49 30 621 40 86 WhatsApp Rezerv\u0103 o programare acum! Serviciile noastre i\u0302n cadrul esteticii dentare pentru za\u0302mbetul ta\u0306u stra\u0306lucitor: Albirea dint\u0326ilor pentru dint\u0326i mai luminos\u0326i Albire profesionala\u0306 a dint\u0326ilor pentru un za\u0302mbet radiant, alb. Fat\u0326ete de compozit s\u0326i reconstruct\u0326ii ale dint\u0326ilor frontali Fat\u0326ete de compozit direct s\u0326i reconstruct\u0326ii ale dint\u0326ilor frontali pentru [&hellip;]<\/p>\n","protected":false},"author":2,"featured_media":0,"parent":0,"menu_order":0,"comment_status":"closed","ping_status":"closed","template":"","meta":{"_acf_changed":false,"inline_featured_image":false,"footnotes":""},"class_list":["post-1444","page","type-page","status-publish","hentry"],"acf":[],"yoast_head":"<!-- This site is optimized with the Yoast SEO plugin v23.0 - https:\/\/yoast.com\/wordpress\/plugins\/seo\/ -->\n<title>Zahn\u00e4rzte Dr. medic. stom. Irina &amp; Felix Talesnik<\/title>\n<meta name=\"robots\" content=\"index, follow, max-snippet:-1, max-image-preview:large, max-video-preview:-1\" \/>\n<link rel=\"canonical\" href=\"https:\/\/www.zahnarztpraxis-talesnik.de\/ro\/estetica-dentara\/\" \/>\n<meta property=\"og:locale\" content=\"ro_RO\" \/>\n<meta property=\"og:type\" content=\"article\" \/>\n<meta property=\"og:title\" content=\"Zahn\u00e4rzte Dr. medic. stom. Irina &amp; Felix Talesnik\" \/>\n<meta property=\"og:description\" content=\"Estetica dentar\u0103 +49 30 621 40 86 WhatsApp Rezerv\u0103 o programare acum! Serviciile noastre i\u0302n cadrul esteticii dentare pentru za\u0302mbetul ta\u0306u stra\u0306lucitor: Albirea dint\u0326ilor pentru dint\u0326i mai luminos\u0326i Albire profesionala\u0306 a dint\u0326ilor pentru un za\u0302mbet radiant, alb. Fat\u0326ete de compozit s\u0326i reconstruct\u0326ii ale dint\u0326ilor frontali Fat\u0326ete de compozit direct s\u0326i reconstruct\u0326ii ale dint\u0326ilor frontali pentru [&hellip;]\" \/>\n<meta property=\"og:url\" content=\"https:\/\/www.zahnarztpraxis-talesnik.de\/ro\/estetica-dentara\/\" \/>\n<meta property=\"og:site_name\" content=\"Zahn\u00e4rzte Dr. medic. stom. Irina &amp; Felix Talesnik\" \/>\n<meta property=\"article:modified_time\" content=\"2024-07-12T09:54:20+00:00\" \/>\n<meta property=\"og:image\" content=\"https:\/\/dental.holypapa.com\/wp-content\/uploads\/2024\/06\/Asthetische-Zahnmedizin.png\" \/>\n<meta name=\"twitter:card\" content=\"summary_large_image\" \/>\n<meta name=\"twitter:label1\" content=\"Timp estimat pentru citire\" \/>\n\t<meta name=\"twitter:data1\" content=\"1 minut\" \/>\n<script type=\"application\/ld+json\" class=\"yoast-schema-graph\">{\"@context\":\"https:\/\/schema.org\",\"@graph\":[{\"@type\":\"WebPage\",\"@id\":\"https:\/\/www.zahnarztpraxis-talesnik.de\/ro\/estetica-dentara\/\",\"url\":\"https:\/\/www.zahnarztpraxis-talesnik.de\/ro\/estetica-dentara\/\",\"name\":\"Zahn\u00e4rzte Dr. medic. stom. Irina & Felix Talesnik\",\"isPartOf\":{\"@id\":\"https:\/\/www.zahnarztpraxis-talesnik.de\/#website\"},\"primaryImageOfPage\":{\"@id\":\"https:\/\/www.zahnarztpraxis-talesnik.de\/ro\/estetica-dentara\/#primaryimage\"},\"image\":{\"@id\":\"https:\/\/www.zahnarztpraxis-talesnik.de\/ro\/estetica-dentara\/#primaryimage\"},\"thumbnailUrl\":\"https:\/\/dental.holypapa.com\/wp-content\/uploads\/2024\/06\/Asthetische-Zahnmedizin.png\",\"datePublished\":\"2024-06-17T19:12:23+00:00\",\"dateModified\":\"2024-07-12T09:54:20+00:00\",\"breadcrumb\":{\"@id\":\"https:\/\/www.zahnarztpraxis-talesnik.de\/ro\/estetica-dentara\/#breadcrumb\"},\"inLanguage\":\"ro-RO\",\"potentialAction\":[{\"@type\":\"ReadAction\",\"target\":[\"https:\/\/www.zahnarztpraxis-talesnik.de\/ro\/estetica-dentara\/\"]}]},{\"@type\":\"ImageObject\",\"inLanguage\":\"ro-RO\",\"@id\":\"https:\/\/www.zahnarztpraxis-talesnik.de\/ro\/estetica-dentara\/#primaryimage\",\"url\":\"https:\/\/dental.holypapa.com\/wp-content\/uploads\/2024\/06\/Asthetische-Zahnmedizin.png\",\"contentUrl\":\"https:\/\/dental.holypapa.com\/wp-content\/uploads\/2024\/06\/Asthetische-Zahnmedizin.png\"},{\"@type\":\"BreadcrumbList\",\"@id\":\"https:\/\/www.zahnarztpraxis-talesnik.de\/ro\/estetica-dentara\/#breadcrumb\",\"itemListElement\":[{\"@type\":\"ListItem\",\"position\":1,\"name\":\"Home\",\"item\":\"https:\/\/www.zahnarztpraxis-talesnik.de\/ro\/\"},{\"@type\":\"ListItem\",\"position\":2,\"name\":\"Estetica dentar\u0103\"}]},{\"@type\":\"WebSite\",\"@id\":\"https:\/\/www.zahnarztpraxis-talesnik.de\/#website\",\"url\":\"https:\/\/www.zahnarztpraxis-talesnik.de\/\",\"name\":\"Zahnarztpraxis Dr. medic. stom. Irina & Felix Talesnik\",\"description\":\"\",\"potentialAction\":[{\"@type\":\"SearchAction\",\"target\":{\"@type\":\"EntryPoint\",\"urlTemplate\":\"https:\/\/www.zahnarztpraxis-talesnik.de\/?s={search_term_string}\"},\"query-input\":\"required name=search_term_string\"}],\"inLanguage\":\"ro-RO\"}]}<\/script>\n<!-- \/ Yoast SEO plugin. -->","yoast_head_json":{"title":"Zahn\u00e4rzte Dr. medic. stom. Irina & Felix Talesnik","robots":{"index":"index","follow":"follow","max-snippet":"max-snippet:-1","max-image-preview":"max-image-preview:large","max-video-preview":"max-video-preview:-1"},"canonical":"https:\/\/www.zahnarztpraxis-talesnik.de\/ro\/estetica-dentara\/","og_locale":"ro_RO","og_type":"article","og_title":"Zahn\u00e4rzte Dr. medic. stom. Irina & Felix Talesnik","og_description":"Estetica dentar\u0103 +49 30 621 40 86 WhatsApp Rezerv\u0103 o programare acum! Serviciile noastre i\u0302n cadrul esteticii dentare pentru za\u0302mbetul ta\u0306u stra\u0306lucitor: Albirea dint\u0326ilor pentru dint\u0326i mai luminos\u0326i Albire profesionala\u0306 a dint\u0326ilor pentru un za\u0302mbet radiant, alb. Fat\u0326ete de compozit s\u0326i reconstruct\u0326ii ale dint\u0326ilor frontali Fat\u0326ete de compozit direct s\u0326i reconstruct\u0326ii ale dint\u0326ilor frontali pentru [&hellip;]","og_url":"https:\/\/www.zahnarztpraxis-talesnik.de\/ro\/estetica-dentara\/","og_site_name":"Zahn\u00e4rzte Dr. medic. stom. Irina &amp; Felix Talesnik","article_modified_time":"2024-07-12T09:54:20+00:00","og_image":[{"url":"https:\/\/dental.holypapa.com\/wp-content\/uploads\/2024\/06\/Asthetische-Zahnmedizin.png"}],"twitter_card":"summary_large_image","twitter_misc":{"Timp estimat pentru citire":"1 minut"},"schema":{"@context":"https:\/\/schema.org","@graph":[{"@type":"WebPage","@id":"https:\/\/www.zahnarztpraxis-talesnik.de\/ro\/estetica-dentara\/","url":"https:\/\/www.zahnarztpraxis-talesnik.de\/ro\/estetica-dentara\/","name":"Zahn\u00e4rzte Dr. medic. stom. Irina & Felix Talesnik","isPartOf":{"@id":"https:\/\/www.zahnarztpraxis-talesnik.de\/#website"},"primaryImageOfPage":{"@id":"https:\/\/www.zahnarztpraxis-talesnik.de\/ro\/estetica-dentara\/#primaryimage"},"image":{"@id":"https:\/\/www.zahnarztpraxis-talesnik.de\/ro\/estetica-dentara\/#primaryimage"},"thumbnailUrl":"https:\/\/dental.holypapa.com\/wp-content\/uploads\/2024\/06\/Asthetische-Zahnmedizin.png","datePublished":"2024-06-17T19:12:23+00:00","dateModified":"2024-07-12T09:54:20+00:00","breadcrumb":{"@id":"https:\/\/www.zahnarztpraxis-talesnik.de\/ro\/estetica-dentara\/#breadcrumb"},"inLanguage":"ro-RO","potentialAction":[{"@type":"ReadAction","target":["https:\/\/www.zahnarztpraxis-talesnik.de\/ro\/estetica-dentara\/"]}]},{"@type":"ImageObject","inLanguage":"ro-RO","@id":"https:\/\/www.zahnarztpraxis-talesnik.de\/ro\/estetica-dentara\/#primaryimage","url":"https:\/\/dental.holypapa.com\/wp-content\/uploads\/2024\/06\/Asthetische-Zahnmedizin.png","contentUrl":"https:\/\/dental.holypapa.com\/wp-content\/uploads\/2024\/06\/Asthetische-Zahnmedizin.png"},{"@type":"BreadcrumbList","@id":"https:\/\/www.zahnarztpraxis-talesnik.de\/ro\/estetica-dentara\/#breadcrumb","itemListElement":[{"@type":"ListItem","position":1,"name":"Home","item":"https:\/\/www.zahnarztpraxis-talesnik.de\/ro\/"},{"@type":"ListItem","position":2,"name":"Estetica dentar\u0103"}]},{"@type":"WebSite","@id":"https:\/\/www.zahnarztpraxis-talesnik.de\/#website","url":"https:\/\/www.zahnarztpraxis-talesnik.de\/","name":"Zahnarztpraxis Dr. medic. stom. Irina & Felix Talesnik","description":"","potentialAction":[{"@type":"SearchAction","target":{"@type":"EntryPoint","urlTemplate":"https:\/\/www.zahnarztpraxis-talesnik.de\/?s={search_term_string}"},"query-input":"required name=search_term_string"}],"inLanguage":"ro-RO"}]}},"_links":{"self":[{"href":"https:\/\/www.zahnarztpraxis-talesnik.de\/ro\/wp-json\/wp\/v2\/pages\/1444","targetHints":{"allow":["GET"]}}],"collection":[{"href":"https:\/\/www.zahnarztpraxis-talesnik.de\/ro\/wp-json\/wp\/v2\/pages"}],"about":[{"href":"https:\/\/www.zahnarztpraxis-talesnik.de\/ro\/wp-json\/wp\/v2\/types\/page"}],"author":[{"embeddable":true,"href":"https:\/\/www.zahnarztpraxis-talesnik.de\/ro\/wp-json\/wp\/v2\/users\/2"}],"replies":[{"embeddable":true,"href":"https:\/\/www.zahnarztpraxis-talesnik.de\/ro\/wp-json\/wp\/v2\/comments?post=1444"}],"version-history":[{"count":14,"href":"https:\/\/www.zahnarztpraxis-talesnik.de\/ro\/wp-json\/wp\/v2\/pages\/1444\/revisions"}],"predecessor-version":[{"id":3568,"href":"https:\/\/www.zahnarztpraxis-talesnik.de\/ro\/wp-json\/wp\/v2\/pages\/1444\/revisions\/3568"}],"wp:attachment":[{"href":"https:\/\/www.zahnarztpraxis-talesnik.de\/ro\/wp-json\/wp\/v2\/media?parent=1444"}],"curies":[{"name":"wp","href":"https:\/\/api.w.org\/{rel}","templated":true}]}}