{"id":3253,"date":"2024-07-03T00:11:41","date_gmt":"2024-07-02T22:11:41","guid":{"rendered":"https:\/\/dental.holypapa.com\/?page_id=3253"},"modified":"2024-07-12T11:47:18","modified_gmt":"2024-07-12T09:47:18","slug":"acces-2","status":"publish","type":"page","link":"https:\/\/www.zahnarztpraxis-talesnik.de\/ro\/acces-2\/","title":{"rendered":"Acces"},"content":{"rendered":"\t\t<div data-elementor-type=\"wp-page\" data-elementor-id=\"3253\" class=\"elementor elementor-3253 elementor-3254\">\n\t\t\t\t<div class=\"elementor-element elementor-element-762617a e-con-full relative e-flex e-con e-parent\" data-id=\"762617a\" data-element_type=\"container\" data-settings=\"{&quot;background_background&quot;:&quot;classic&quot;}\">\n\t\t<div class=\"elementor-element elementor-element-46208ce0 e-flex e-con-boxed e-con e-child\" data-id=\"46208ce0\" data-element_type=\"container\" data-settings=\"{&quot;background_background&quot;:&quot;classic&quot;}\">\n\t\t\t\t\t<div class=\"e-con-inner\">\n\t\t<div class=\"elementor-element elementor-element-2f42d8c1 e-flex e-con-boxed e-con e-child\" data-id=\"2f42d8c1\" data-element_type=\"container\">\n\t\t\t\t\t<div class=\"e-con-inner\">\n\t\t\t\t<div class=\"elementor-element elementor-element-30aae82c h1-top color-grey elementor-widget elementor-widget-text-editor\" data-id=\"30aae82c\" data-element_type=\"widget\" data-widget_type=\"text-editor.default\">\n\t\t\t\t<div class=\"elementor-widget-container\">\n\t\t\t<style>\/*! elementor - v3.23.0 - 15-07-2024 *\/\n.elementor-widget-text-editor.elementor-drop-cap-view-stacked .elementor-drop-cap{background-color:#69727d;color:#fff}.elementor-widget-text-editor.elementor-drop-cap-view-framed .elementor-drop-cap{color:#69727d;border:3px solid;background-color:transparent}.elementor-widget-text-editor:not(.elementor-drop-cap-view-default) .elementor-drop-cap{margin-top:8px}.elementor-widget-text-editor:not(.elementor-drop-cap-view-default) .elementor-drop-cap-letter{width:1em;height:1em}.elementor-widget-text-editor .elementor-drop-cap{float:left;text-align:center;line-height:1;font-size:50px}.elementor-widget-text-editor .elementor-drop-cap-letter{display:inline-block}<\/style>\t\t\t\t<h1>Acces<\/h1>\t\t\t\t\t\t<\/div>\n\t\t\t\t<\/div>\n\t\t\t\t<div class=\"elementor-element elementor-element-501b9733 elementor-widget elementor-widget-html\" data-id=\"501b9733\" data-element_type=\"widget\" data-widget_type=\"html.default\">\n\t\t\t\t<div class=\"elementor-widget-container\">\n\t\t\t<div class=\"buttons__block\">\n\t\t<a href=\"\" class=\"button button--white-2\" target=\"_blank\">+49 30 621 40 86<\/a>\n\t\t<a href=\"\" class=\"button button--white-2\" target=\"_blank\">WhatsApp<\/a>\n\t<\/div>\t\t<\/div>\n\t\t\t\t<\/div>\n\t\t\t\t\t<\/div>\n\t\t\t\t<\/div>\n\t\t<div class=\"elementor-element elementor-element-63b4400e e-flex e-con-boxed e-con e-child\" data-id=\"63b4400e\" data-element_type=\"container\">\n\t\t\t\t\t<div class=\"e-con-inner\">\n\t\t\t\t<div class=\"elementor-element elementor-element-5ac9e554 elementor-widget elementor-widget-image\" data-id=\"5ac9e554\" data-element_type=\"widget\" data-widget_type=\"image.default\">\n\t\t\t\t<div class=\"elementor-widget-container\">\n\t\t\t<style>\/*! elementor - v3.23.0 - 15-07-2024 *\/\n.elementor-widget-image{text-align:center}.elementor-widget-image a{display:inline-block}.elementor-widget-image a img[src$=\".svg\"]{width:48px}.elementor-widget-image img{vertical-align:middle;display:inline-block}<\/style>\t\t\t\t\t\t\t\t\t\t<img fetchpriority=\"high\" decoding=\"async\" width=\"640\" height=\"555\" src=\"https:\/\/www.zahnarztpraxis-talesnik.de\/wp-content\/uploads\/2024\/06\/anfahrt.png\" class=\"attachment-large size-large wp-image-833\" alt=\"\" srcset=\"https:\/\/www.zahnarztpraxis-talesnik.de\/wp-content\/uploads\/2024\/06\/anfahrt.png 1002w, https:\/\/www.zahnarztpraxis-talesnik.de\/wp-content\/uploads\/2024\/06\/anfahrt-300x260.png 300w, https:\/\/www.zahnarztpraxis-talesnik.de\/wp-content\/uploads\/2024\/06\/anfahrt-768x666.png 768w\" sizes=\"(max-width: 640px) 100vw, 640px\" \/>\t\t\t\t\t\t\t\t\t\t\t\t\t<\/div>\n\t\t\t\t<\/div>\n\t\t\t\t\t<\/div>\n\t\t\t\t<\/div>\n\t\t\t\t\t<\/div>\n\t\t\t\t<\/div>\n\t\t\t\t<div class=\"elementor-element elementor-element-22221a19 absolute poa2 elementor-hidden-mobile elementor-widget elementor-widget-html\" data-id=\"22221a19\" data-element_type=\"widget\" data-widget_type=\"html.default\">\n\t\t\t\t<div class=\"elementor-widget-container\">\n\t\t\t<div class=\"triangle-bottomright\"><\/div>\t\t<\/div>\n\t\t\t\t<\/div>\n\t\t\t\t<\/div>\n\t\t<div class=\"elementor-element elementor-element-586e09c4 e-flex e-con-boxed e-con e-parent\" data-id=\"586e09c4\" data-element_type=\"container\">\n\t\t\t\t\t<div class=\"e-con-inner\">\n\t\t\t\t<div class=\"elementor-element elementor-element-314fb856 elementor-widget elementor-widget-text-editor\" data-id=\"314fb856\" data-element_type=\"widget\" data-widget_type=\"text-editor.default\">\n\t\t\t\t<div class=\"elementor-widget-container\">\n\t\t\t\t\t\t\t<p>Clinica noastr\u0103 stomatologic\u0103 este u\u0219or accesibil\u0103 pe jos, cu bicicleta, cu ma\u0219ina sau cu transportul public.<\/p><h2>Ma\u0219in\u0103<\/h2><p>Ve\u021bi g\u0103si numeroase locuri de parcare at\u00e2t pe Columbiadamm, c\u00e2t \u0219i pe strada Fontanestra\u00dfe din apropiere.<\/p><h2>Transport public<\/h2><p>Ne pute\u021bi ajunge \u0219i cu transportul public. \u00cen apropiere se afl\u0103 sta\u021bia de metrou Boddinstra\u00dfe (linia U8) \u0219i sta\u021bia de autobuz Fontanestra\u00dfe\/ Flughafenstra\u00dfe (autobuzul M43).<\/p><h2>Biciclet\u0103<\/h2><p>Pentru bicicli\u0219ti, am instalat un suport pentru biciclete chiar \u00een fa\u021ba clinicii, unde v\u0103 pute\u021bi l\u0103sa bicicleta.<\/p>\t\t\t\t\t\t<\/div>\n\t\t\t\t<\/div>\n\t\t\t\t\t<\/div>\n\t\t\t\t<\/div>\n\t\t\t\t<\/div>\n\t\t","protected":false},"excerpt":{"rendered":"<p>Acces +49 30 621 40 86 WhatsApp Clinica noastr\u0103 stomatologic\u0103 este u\u0219or accesibil\u0103 pe jos, cu bicicleta, cu ma\u0219ina sau cu transportul public. Ma\u0219in\u0103 Ve\u021bi g\u0103si numeroase locuri de parcare at\u00e2t pe Columbiadamm, c\u00e2t \u0219i pe strada Fontanestra\u00dfe din apropiere. Transport public Ne pute\u021bi ajunge \u0219i cu transportul public. \u00cen apropiere se afl\u0103 sta\u021bia de [&hellip;]<\/p>\n","protected":false},"author":2,"featured_media":0,"parent":0,"menu_order":0,"comment_status":"closed","ping_status":"closed","template":"","meta":{"_acf_changed":false,"inline_featured_image":false,"footnotes":""},"class_list":["post-3253","page","type-page","status-publish","hentry"],"acf":[],"yoast_head":"<!-- This site is optimized with the Yoast SEO plugin v23.0 - https:\/\/yoast.com\/wordpress\/plugins\/seo\/ -->\n<title>Zahn\u00e4rzte Dr. medic. stom. Irina &amp; Felix Talesnik<\/title>\n<meta name=\"robots\" content=\"index, follow, max-snippet:-1, max-image-preview:large, max-video-preview:-1\" \/>\n<link rel=\"canonical\" href=\"https:\/\/www.zahnarztpraxis-talesnik.de\/ro\/acces-2\/\" \/>\n<meta property=\"og:locale\" content=\"ro_RO\" \/>\n<meta property=\"og:type\" content=\"article\" \/>\n<meta property=\"og:title\" content=\"Zahn\u00e4rzte Dr. medic. stom. Irina &amp; Felix Talesnik\" \/>\n<meta property=\"og:description\" content=\"Acces +49 30 621 40 86 WhatsApp Clinica noastr\u0103 stomatologic\u0103 este u\u0219or accesibil\u0103 pe jos, cu bicicleta, cu ma\u0219ina sau cu transportul public. Ma\u0219in\u0103 Ve\u021bi g\u0103si numeroase locuri de parcare at\u00e2t pe Columbiadamm, c\u00e2t \u0219i pe strada Fontanestra\u00dfe din apropiere. Transport public Ne pute\u021bi ajunge \u0219i cu transportul public. \u00cen apropiere se afl\u0103 sta\u021bia de [&hellip;]\" \/>\n<meta property=\"og:url\" content=\"https:\/\/www.zahnarztpraxis-talesnik.de\/ro\/acces-2\/\" \/>\n<meta property=\"og:site_name\" content=\"Zahn\u00e4rzte Dr. medic. stom. Irina &amp; Felix Talesnik\" \/>\n<meta property=\"article:modified_time\" content=\"2024-07-12T09:47:18+00:00\" \/>\n<meta property=\"og:image\" content=\"https:\/\/dental.holypapa.com\/wp-content\/uploads\/2024\/06\/anfahrt.png\" \/>\n<meta name=\"twitter:card\" content=\"summary_large_image\" \/>\n<meta name=\"twitter:label1\" content=\"Timp estimat pentru citire\" \/>\n\t<meta name=\"twitter:data1\" content=\"1 minut\" \/>\n<script type=\"application\/ld+json\" class=\"yoast-schema-graph\">{\"@context\":\"https:\/\/schema.org\",\"@graph\":[{\"@type\":\"WebPage\",\"@id\":\"https:\/\/www.zahnarztpraxis-talesnik.de\/ro\/acces-2\/\",\"url\":\"https:\/\/www.zahnarztpraxis-talesnik.de\/ro\/acces-2\/\",\"name\":\"Zahn\u00e4rzte Dr. medic. stom. Irina & Felix Talesnik\",\"isPartOf\":{\"@id\":\"https:\/\/www.zahnarztpraxis-talesnik.de\/#website\"},\"primaryImageOfPage\":{\"@id\":\"https:\/\/www.zahnarztpraxis-talesnik.de\/ro\/acces-2\/#primaryimage\"},\"image\":{\"@id\":\"https:\/\/www.zahnarztpraxis-talesnik.de\/ro\/acces-2\/#primaryimage\"},\"thumbnailUrl\":\"https:\/\/dental.holypapa.com\/wp-content\/uploads\/2024\/06\/anfahrt.png\",\"datePublished\":\"2024-07-02T22:11:41+00:00\",\"dateModified\":\"2024-07-12T09:47:18+00:00\",\"breadcrumb\":{\"@id\":\"https:\/\/www.zahnarztpraxis-talesnik.de\/ro\/acces-2\/#breadcrumb\"},\"inLanguage\":\"ro-RO\",\"potentialAction\":[{\"@type\":\"ReadAction\",\"target\":[\"https:\/\/www.zahnarztpraxis-talesnik.de\/ro\/acces-2\/\"]}]},{\"@type\":\"ImageObject\",\"inLanguage\":\"ro-RO\",\"@id\":\"https:\/\/www.zahnarztpraxis-talesnik.de\/ro\/acces-2\/#primaryimage\",\"url\":\"https:\/\/dental.holypapa.com\/wp-content\/uploads\/2024\/06\/anfahrt.png\",\"contentUrl\":\"https:\/\/dental.holypapa.com\/wp-content\/uploads\/2024\/06\/anfahrt.png\"},{\"@type\":\"BreadcrumbList\",\"@id\":\"https:\/\/www.zahnarztpraxis-talesnik.de\/ro\/acces-2\/#breadcrumb\",\"itemListElement\":[{\"@type\":\"ListItem\",\"position\":1,\"name\":\"Home\",\"item\":\"https:\/\/www.zahnarztpraxis-talesnik.de\/ro\/\"},{\"@type\":\"ListItem\",\"position\":2,\"name\":\"Acces\"}]},{\"@type\":\"WebSite\",\"@id\":\"https:\/\/www.zahnarztpraxis-talesnik.de\/#website\",\"url\":\"https:\/\/www.zahnarztpraxis-talesnik.de\/\",\"name\":\"Zahnarztpraxis Dr. medic. stom. Irina & Felix Talesnik\",\"description\":\"\",\"potentialAction\":[{\"@type\":\"SearchAction\",\"target\":{\"@type\":\"EntryPoint\",\"urlTemplate\":\"https:\/\/www.zahnarztpraxis-talesnik.de\/?s={search_term_string}\"},\"query-input\":\"required name=search_term_string\"}],\"inLanguage\":\"ro-RO\"}]}<\/script>\n<!-- \/ Yoast SEO plugin. -->","yoast_head_json":{"title":"Zahn\u00e4rzte Dr. medic. stom. Irina & Felix Talesnik","robots":{"index":"index","follow":"follow","max-snippet":"max-snippet:-1","max-image-preview":"max-image-preview:large","max-video-preview":"max-video-preview:-1"},"canonical":"https:\/\/www.zahnarztpraxis-talesnik.de\/ro\/acces-2\/","og_locale":"ro_RO","og_type":"article","og_title":"Zahn\u00e4rzte Dr. medic. stom. Irina & Felix Talesnik","og_description":"Acces +49 30 621 40 86 WhatsApp Clinica noastr\u0103 stomatologic\u0103 este u\u0219or accesibil\u0103 pe jos, cu bicicleta, cu ma\u0219ina sau cu transportul public. Ma\u0219in\u0103 Ve\u021bi g\u0103si numeroase locuri de parcare at\u00e2t pe Columbiadamm, c\u00e2t \u0219i pe strada Fontanestra\u00dfe din apropiere. Transport public Ne pute\u021bi ajunge \u0219i cu transportul public. \u00cen apropiere se afl\u0103 sta\u021bia de [&hellip;]","og_url":"https:\/\/www.zahnarztpraxis-talesnik.de\/ro\/acces-2\/","og_site_name":"Zahn\u00e4rzte Dr. medic. stom. Irina &amp; Felix Talesnik","article_modified_time":"2024-07-12T09:47:18+00:00","og_image":[{"url":"https:\/\/dental.holypapa.com\/wp-content\/uploads\/2024\/06\/anfahrt.png"}],"twitter_card":"summary_large_image","twitter_misc":{"Timp estimat pentru citire":"1 minut"},"schema":{"@context":"https:\/\/schema.org","@graph":[{"@type":"WebPage","@id":"https:\/\/www.zahnarztpraxis-talesnik.de\/ro\/acces-2\/","url":"https:\/\/www.zahnarztpraxis-talesnik.de\/ro\/acces-2\/","name":"Zahn\u00e4rzte Dr. medic. stom. Irina & Felix Talesnik","isPartOf":{"@id":"https:\/\/www.zahnarztpraxis-talesnik.de\/#website"},"primaryImageOfPage":{"@id":"https:\/\/www.zahnarztpraxis-talesnik.de\/ro\/acces-2\/#primaryimage"},"image":{"@id":"https:\/\/www.zahnarztpraxis-talesnik.de\/ro\/acces-2\/#primaryimage"},"thumbnailUrl":"https:\/\/dental.holypapa.com\/wp-content\/uploads\/2024\/06\/anfahrt.png","datePublished":"2024-07-02T22:11:41+00:00","dateModified":"2024-07-12T09:47:18+00:00","breadcrumb":{"@id":"https:\/\/www.zahnarztpraxis-talesnik.de\/ro\/acces-2\/#breadcrumb"},"inLanguage":"ro-RO","potentialAction":[{"@type":"ReadAction","target":["https:\/\/www.zahnarztpraxis-talesnik.de\/ro\/acces-2\/"]}]},{"@type":"ImageObject","inLanguage":"ro-RO","@id":"https:\/\/www.zahnarztpraxis-talesnik.de\/ro\/acces-2\/#primaryimage","url":"https:\/\/dental.holypapa.com\/wp-content\/uploads\/2024\/06\/anfahrt.png","contentUrl":"https:\/\/dental.holypapa.com\/wp-content\/uploads\/2024\/06\/anfahrt.png"},{"@type":"BreadcrumbList","@id":"https:\/\/www.zahnarztpraxis-talesnik.de\/ro\/acces-2\/#breadcrumb","itemListElement":[{"@type":"ListItem","position":1,"name":"Home","item":"https:\/\/www.zahnarztpraxis-talesnik.de\/ro\/"},{"@type":"ListItem","position":2,"name":"Acces"}]},{"@type":"WebSite","@id":"https:\/\/www.zahnarztpraxis-talesnik.de\/#website","url":"https:\/\/www.zahnarztpraxis-talesnik.de\/","name":"Zahnarztpraxis Dr. medic. stom. Irina & Felix Talesnik","description":"","potentialAction":[{"@type":"SearchAction","target":{"@type":"EntryPoint","urlTemplate":"https:\/\/www.zahnarztpraxis-talesnik.de\/?s={search_term_string}"},"query-input":"required name=search_term_string"}],"inLanguage":"ro-RO"}]}},"_links":{"self":[{"href":"https:\/\/www.zahnarztpraxis-talesnik.de\/ro\/wp-json\/wp\/v2\/pages\/3253","targetHints":{"allow":["GET"]}}],"collection":[{"href":"https:\/\/www.zahnarztpraxis-talesnik.de\/ro\/wp-json\/wp\/v2\/pages"}],"about":[{"href":"https:\/\/www.zahnarztpraxis-talesnik.de\/ro\/wp-json\/wp\/v2\/types\/page"}],"author":[{"embeddable":true,"href":"https:\/\/www.zahnarztpraxis-talesnik.de\/ro\/wp-json\/wp\/v2\/users\/2"}],"replies":[{"embeddable":true,"href":"https:\/\/www.zahnarztpraxis-talesnik.de\/ro\/wp-json\/wp\/v2\/comments?post=3253"}],"version-history":[{"count":4,"href":"https:\/\/www.zahnarztpraxis-talesnik.de\/ro\/wp-json\/wp\/v2\/pages\/3253\/revisions"}],"predecessor-version":[{"id":3303,"href":"https:\/\/www.zahnarztpraxis-talesnik.de\/ro\/wp-json\/wp\/v2\/pages\/3253\/revisions\/3303"}],"wp:attachment":[{"href":"https:\/\/www.zahnarztpraxis-talesnik.de\/ro\/wp-json\/wp\/v2\/media?parent=3253"}],"curies":[{"name":"wp","href":"https:\/\/api.w.org\/{rel}","templated":true}]}}