{"id":3374,"date":"2024-07-03T00:55:16","date_gmt":"2024-07-02T22:55:16","guid":{"rendered":"https:\/\/dental.holypapa.com\/?page_id=3374"},"modified":"2024-07-12T19:14:52","modified_gmt":"2024-07-12T17:14:52","slug":"contact","status":"publish","type":"page","link":"https:\/\/www.zahnarztpraxis-talesnik.de\/ro\/contact\/","title":{"rendered":"Contact"},"content":{"rendered":"\t\t<div data-elementor-type=\"wp-page\" data-elementor-id=\"3374\" class=\"elementor elementor-3374 elementor-3351\">\n\t\t\t\t<div class=\"elementor-element elementor-element-fb97975 e-con-full relative e-flex e-con e-parent\" data-id=\"fb97975\" data-element_type=\"container\" data-settings=\"{&quot;background_background&quot;:&quot;classic&quot;}\">\n\t\t<div class=\"elementor-element elementor-element-71aa14f e-flex e-con-boxed e-con e-child\" data-id=\"71aa14f\" data-element_type=\"container\" data-settings=\"{&quot;background_background&quot;:&quot;classic&quot;}\">\n\t\t\t\t\t<div class=\"e-con-inner\">\n\t\t<div class=\"elementor-element elementor-element-b271427 e-flex e-con-boxed e-con e-child\" data-id=\"b271427\" data-element_type=\"container\">\n\t\t\t\t\t<div class=\"e-con-inner\">\n\t\t\t\t<div class=\"elementor-element elementor-element-8447ba8 color-grey h1-top elementor-widget elementor-widget-text-editor\" data-id=\"8447ba8\" data-element_type=\"widget\" data-widget_type=\"text-editor.default\">\n\t\t\t\t<div class=\"elementor-widget-container\">\n\t\t\t<style>\/*! elementor - v3.23.0 - 15-07-2024 *\/\n.elementor-widget-text-editor.elementor-drop-cap-view-stacked .elementor-drop-cap{background-color:#69727d;color:#fff}.elementor-widget-text-editor.elementor-drop-cap-view-framed .elementor-drop-cap{color:#69727d;border:3px solid;background-color:transparent}.elementor-widget-text-editor:not(.elementor-drop-cap-view-default) .elementor-drop-cap{margin-top:8px}.elementor-widget-text-editor:not(.elementor-drop-cap-view-default) .elementor-drop-cap-letter{width:1em;height:1em}.elementor-widget-text-editor .elementor-drop-cap{float:left;text-align:center;line-height:1;font-size:50px}.elementor-widget-text-editor .elementor-drop-cap-letter{display:inline-block}<\/style>\t\t\t\t<h1>Contact<\/h1>\t\t\t\t\t\t<\/div>\n\t\t\t\t<\/div>\n\t\t\t\t<div class=\"elementor-element elementor-element-4bde2cf elementor-widget elementor-widget-html\" data-id=\"4bde2cf\" data-element_type=\"widget\" data-widget_type=\"html.default\">\n\t\t\t\t<div class=\"elementor-widget-container\">\n\t\t\t<div class=\"buttons__block\">\n\t<a href=\"tel:+49306214086\" class=\"button button--white-2\" target=\"_blank\">+49 30 621 40 86<\/a>\n\t<a href=\"https:\/\/wa.me\/4915115945994\" class=\"button button--white-2\" target=\"_blank\">WhatsApp<\/a>\n\t<a href=\"https:\/\/www.doctolib.de\/praxis\/berlin\/zahnarztpraxis-felix-und-dr-irina-talesnik\/\" class=\"button button--white-2\" target=\"_blank\">Rezerv\u0103 o programare acum!<\/a>\n<\/div>\t\t<\/div>\n\t\t\t\t<\/div>\n\t\t\t\t\t<\/div>\n\t\t\t\t<\/div>\n\t\t<div class=\"elementor-element elementor-element-f3e05c7 e-flex e-con-boxed e-con e-child\" data-id=\"f3e05c7\" data-element_type=\"container\">\n\t\t\t\t\t<div class=\"e-con-inner\">\n\t\t\t\t<div class=\"elementor-element elementor-element-4045adf elementor-widget elementor-widget-image\" data-id=\"4045adf\" data-element_type=\"widget\" data-widget_type=\"image.default\">\n\t\t\t\t<div class=\"elementor-widget-container\">\n\t\t\t<style>\/*! elementor - v3.23.0 - 15-07-2024 *\/\n.elementor-widget-image{text-align:center}.elementor-widget-image a{display:inline-block}.elementor-widget-image a img[src$=\".svg\"]{width:48px}.elementor-widget-image img{vertical-align:middle;display:inline-block}<\/style>\t\t\t\t\t\t\t\t\t\t<img fetchpriority=\"high\" decoding=\"async\" width=\"640\" height=\"640\" src=\"https:\/\/www.zahnarztpraxis-talesnik.de\/wp-content\/uploads\/2024\/07\/contacts-1.png\" class=\"attachment-large size-large wp-image-4387\" alt=\"\" srcset=\"https:\/\/www.zahnarztpraxis-talesnik.de\/wp-content\/uploads\/2024\/07\/contacts-1.png 1000w, https:\/\/www.zahnarztpraxis-talesnik.de\/wp-content\/uploads\/2024\/07\/contacts-1-300x300.png 300w, https:\/\/www.zahnarztpraxis-talesnik.de\/wp-content\/uploads\/2024\/07\/contacts-1-150x150.png 150w, https:\/\/www.zahnarztpraxis-talesnik.de\/wp-content\/uploads\/2024\/07\/contacts-1-768x768.png 768w\" sizes=\"(max-width: 640px) 100vw, 640px\" \/>\t\t\t\t\t\t\t\t\t\t\t\t\t<\/div>\n\t\t\t\t<\/div>\n\t\t\t\t\t<\/div>\n\t\t\t\t<\/div>\n\t\t\t\t\t<\/div>\n\t\t\t\t<\/div>\n\t\t\t\t<div class=\"elementor-element elementor-element-05634c7 absolute poa2 elementor-widget elementor-widget-html\" data-id=\"05634c7\" data-element_type=\"widget\" data-widget_type=\"html.default\">\n\t\t\t\t<div class=\"elementor-widget-container\">\n\t\t\t<div class=\"triangle-bottomright\"><\/div>\t\t<\/div>\n\t\t\t\t<\/div>\n\t\t\t\t<\/div>\n\t\t<div class=\"elementor-element elementor-element-844c618 e-flex e-con-boxed e-con e-parent\" data-id=\"844c618\" data-element_type=\"container\">\n\t\t\t\t\t<div class=\"e-con-inner\">\n\t\t<div class=\"elementor-element elementor-element-e7714cd e-con-full e-flex e-con e-child\" data-id=\"e7714cd\" data-element_type=\"container\">\n\t\t\t\t<div class=\"elementor-element elementor-element-b79d7e2 elementor-widget elementor-widget-text-editor\" data-id=\"b79d7e2\" data-element_type=\"widget\" data-widget_type=\"text-editor.default\">\n\t\t\t\t<div class=\"elementor-widget-container\">\n\t\t\t\t\t\t\t<p><b>Zahn\u00e4rzte Dr. medic. stom. Irina &amp; Felix Talesnik<\/b><br \/>Flughafenstra\u00dfe 76<br \/>12049 Berlin<\/p><p>Tel.: +49(0)30\/621 40 86<br \/>Mobil: +49(0)151\/159 459 94<br \/>Fax: +49(0)30\/621 40 56<br \/>E-mail: ftalesnik@zahnarztpraxis-talesnik.de<\/p><p><strong>Program de lucru<\/strong><\/p><table class=\"table-contacts\" style=\"width: 571px; border-collapse: collapse; height: 238px;\"><thead><\/thead><tbody><tr><td style=\"border: 1px solid #FFFFFF; padding: 8px;\">Luni<\/td><td style=\"border: 1px solid #FFFFFF; padding: 8px;\">9:00 &#8211; 12:00 &amp; 14:30 &#8211; 18:30<\/td><\/tr><tr><td style=\"border: 1px solid #FFFFFF; padding: 8px;\">Mar\u021bi<\/td><td style=\"border: 1px solid #FFFFFF; padding: 8px;\">9:00 &#8211; 12:00 &amp; 14:30 &#8211; 18:30<\/td><\/tr><tr><td style=\"border: 1px solid #FFFFFF; padding: 8px;\">Miercuri<\/td><td style=\"border: 1px solid #FFFFFF; padding: 8px;\">9:00 &#8211; 12:00 &amp; 14:30 &#8211; 20:30<\/td><\/tr><tr><td style=\"border: 1px solid #FFFFFF; padding: 8px;\">Joi<\/td><td style=\"border: 1px solid #FFFFFF; padding: 8px;\">9:00 &#8211; 12:00 &amp; 14:30 &#8211; 18:30<\/td><\/tr><tr><td style=\"border: 1px solid #FFFFFF; padding: 8px;\">Vineri<\/td><td style=\"border: 1px solid #FFFFFF; padding: 8px;\">9:00 &#8211; 12:00 (numai cu programare prealabil\u0103)<\/td><\/tr><\/tbody><\/table>\t\t\t\t\t\t<\/div>\n\t\t\t\t<\/div>\n\t\t\t\t<\/div>\n\t\t<div class=\"elementor-element elementor-element-847989c e-con-full e-flex e-con e-child\" data-id=\"847989c\" data-element_type=\"container\">\n\t\t\t\t<div class=\"elementor-element elementor-element-a5e41f3 elementor-widget elementor-widget-html\" data-id=\"a5e41f3\" data-element_type=\"widget\" data-widget_type=\"html.default\">\n\t\t\t\t<div class=\"elementor-widget-container\">\n\t\t\t<iframe src=\"https:\/\/www.google.com\/maps\/embed?pb=!1m18!1m12!1m3!1d4859.831337464887!2d13.422331999999997!3d52.480662599999995!2m3!1f0!2f0!3f0!3m2!1i1024!2i768!4f13.1!3m3!1m2!1s0x47a84fbed09c0001%3A0xa90850c13868b548!2sFelix%20Talesnik!5e0!3m2!1sde!2ses!4v1719968435472!5m2!1sde!2ses\" width=\"600\" height=\"450\" style=\"border:0;\" allowfullscreen=\"\" loading=\"lazy\" referrerpolicy=\"no-referrer-when-downgrade\"><\/iframe>\t\t<\/div>\n\t\t\t\t<\/div>\n\t\t\t\t<\/div>\n\t\t\t\t\t<\/div>\n\t\t\t\t<\/div>\n\t\t\t\t<\/div>\n\t\t","protected":false},"excerpt":{"rendered":"<p>Contact +49 30 621 40 86 WhatsApp Rezerv\u0103 o programare acum! Zahn\u00e4rzte Dr. medic. stom. Irina &amp; Felix TalesnikFlughafenstra\u00dfe 7612049 Berlin Tel.: +49(0)30\/621 40 86Mobil: +49(0)151\/159 459 94Fax: +49(0)30\/621 40 56E-mail: ftalesnik@zahnarztpraxis-talesnik.de Program de lucru Luni 9:00 &#8211; 12:00 &amp; 14:30 &#8211; 18:30 Mar\u021bi 9:00 &#8211; 12:00 &amp; 14:30 &#8211; 18:30 Miercuri 9:00 &#8211; 12:00 [&hellip;]<\/p>\n","protected":false},"author":2,"featured_media":0,"parent":0,"menu_order":0,"comment_status":"closed","ping_status":"closed","template":"","meta":{"_acf_changed":false,"inline_featured_image":false,"footnotes":""},"class_list":["post-3374","page","type-page","status-publish","hentry"],"acf":[],"yoast_head":"<!-- This site is optimized with the Yoast SEO plugin v23.0 - https:\/\/yoast.com\/wordpress\/plugins\/seo\/ -->\n<title>Zahn\u00e4rzte Dr. medic. stom. Irina &amp; Felix Talesnik<\/title>\n<meta name=\"robots\" content=\"index, follow, max-snippet:-1, max-image-preview:large, max-video-preview:-1\" \/>\n<link rel=\"canonical\" href=\"https:\/\/www.zahnarztpraxis-talesnik.de\/tr\/iletisim\/\" \/>\n<meta property=\"og:locale\" content=\"ro_RO\" \/>\n<meta property=\"og:type\" content=\"article\" \/>\n<meta property=\"og:title\" content=\"Zahn\u00e4rzte Dr. medic. stom. Irina &amp; Felix Talesnik\" \/>\n<meta property=\"og:description\" content=\"Contact +49 30 621 40 86 WhatsApp Rezerv\u0103 o programare acum! Zahn\u00e4rzte Dr. medic. stom. Irina &amp; Felix TalesnikFlughafenstra\u00dfe 7612049 Berlin Tel.: +49(0)30\/621 40 86Mobil: +49(0)151\/159 459 94Fax: +49(0)30\/621 40 56E-mail: ftalesnik@zahnarztpraxis-talesnik.de Program de lucru Luni 9:00 &#8211; 12:00 &amp; 14:30 &#8211; 18:30 Mar\u021bi 9:00 &#8211; 12:00 &amp; 14:30 &#8211; 18:30 Miercuri 9:00 &#8211; 12:00 [&hellip;]\" \/>\n<meta property=\"og:url\" content=\"https:\/\/www.zahnarztpraxis-talesnik.de\/tr\/iletisim\/\" \/>\n<meta property=\"og:site_name\" content=\"Zahn\u00e4rzte Dr. medic. stom. Irina &amp; Felix Talesnik\" \/>\n<meta property=\"article:modified_time\" content=\"2024-07-12T17:14:52+00:00\" \/>\n<meta property=\"og:image\" content=\"https:\/\/www.zahnarztpraxis-talesnik.de\/wp-content\/uploads\/2024\/07\/contacts-1.png\" \/>\n<meta name=\"twitter:card\" content=\"summary_large_image\" \/>\n<meta name=\"twitter:label1\" content=\"Timp estimat pentru citire\" \/>\n\t<meta name=\"twitter:data1\" content=\"1 minut\" \/>\n<script type=\"application\/ld+json\" class=\"yoast-schema-graph\">{\"@context\":\"https:\/\/schema.org\",\"@graph\":[{\"@type\":\"WebPage\",\"@id\":\"https:\/\/www.zahnarztpraxis-talesnik.de\/tr\/iletisim\/\",\"url\":\"https:\/\/www.zahnarztpraxis-talesnik.de\/tr\/iletisim\/\",\"name\":\"Zahn\u00e4rzte Dr. medic. stom. Irina & Felix Talesnik\",\"isPartOf\":{\"@id\":\"https:\/\/www.zahnarztpraxis-talesnik.de\/#website\"},\"primaryImageOfPage\":{\"@id\":\"https:\/\/www.zahnarztpraxis-talesnik.de\/tr\/iletisim\/#primaryimage\"},\"image\":{\"@id\":\"https:\/\/www.zahnarztpraxis-talesnik.de\/tr\/iletisim\/#primaryimage\"},\"thumbnailUrl\":\"https:\/\/www.zahnarztpraxis-talesnik.de\/wp-content\/uploads\/2024\/07\/contacts-1.png\",\"datePublished\":\"2024-07-02T22:55:16+00:00\",\"dateModified\":\"2024-07-12T17:14:52+00:00\",\"breadcrumb\":{\"@id\":\"https:\/\/www.zahnarztpraxis-talesnik.de\/tr\/iletisim\/#breadcrumb\"},\"inLanguage\":\"ro-RO\",\"potentialAction\":[{\"@type\":\"ReadAction\",\"target\":[\"https:\/\/www.zahnarztpraxis-talesnik.de\/tr\/iletisim\/\"]}]},{\"@type\":\"ImageObject\",\"inLanguage\":\"ro-RO\",\"@id\":\"https:\/\/www.zahnarztpraxis-talesnik.de\/tr\/iletisim\/#primaryimage\",\"url\":\"https:\/\/www.zahnarztpraxis-talesnik.de\/wp-content\/uploads\/2024\/07\/contacts-1.png\",\"contentUrl\":\"https:\/\/www.zahnarztpraxis-talesnik.de\/wp-content\/uploads\/2024\/07\/contacts-1.png\"},{\"@type\":\"BreadcrumbList\",\"@id\":\"https:\/\/www.zahnarztpraxis-talesnik.de\/tr\/iletisim\/#breadcrumb\",\"itemListElement\":[{\"@type\":\"ListItem\",\"position\":1,\"name\":\"Home\",\"item\":\"https:\/\/www.zahnarztpraxis-talesnik.de\/ro\/\"},{\"@type\":\"ListItem\",\"position\":2,\"name\":\"Contact\"}]},{\"@type\":\"WebSite\",\"@id\":\"https:\/\/www.zahnarztpraxis-talesnik.de\/#website\",\"url\":\"https:\/\/www.zahnarztpraxis-talesnik.de\/\",\"name\":\"Zahnarztpraxis Dr. medic. stom. Irina & Felix Talesnik\",\"description\":\"\",\"potentialAction\":[{\"@type\":\"SearchAction\",\"target\":{\"@type\":\"EntryPoint\",\"urlTemplate\":\"https:\/\/www.zahnarztpraxis-talesnik.de\/?s={search_term_string}\"},\"query-input\":\"required name=search_term_string\"}],\"inLanguage\":\"ro-RO\"}]}<\/script>\n<!-- \/ Yoast SEO plugin. -->","yoast_head_json":{"title":"Zahn\u00e4rzte Dr. medic. stom. Irina & Felix Talesnik","robots":{"index":"index","follow":"follow","max-snippet":"max-snippet:-1","max-image-preview":"max-image-preview:large","max-video-preview":"max-video-preview:-1"},"canonical":"https:\/\/www.zahnarztpraxis-talesnik.de\/tr\/iletisim\/","og_locale":"ro_RO","og_type":"article","og_title":"Zahn\u00e4rzte Dr. medic. stom. Irina & Felix Talesnik","og_description":"Contact +49 30 621 40 86 WhatsApp Rezerv\u0103 o programare acum! Zahn\u00e4rzte Dr. medic. stom. Irina &amp; Felix TalesnikFlughafenstra\u00dfe 7612049 Berlin Tel.: +49(0)30\/621 40 86Mobil: +49(0)151\/159 459 94Fax: +49(0)30\/621 40 56E-mail: ftalesnik@zahnarztpraxis-talesnik.de Program de lucru Luni 9:00 &#8211; 12:00 &amp; 14:30 &#8211; 18:30 Mar\u021bi 9:00 &#8211; 12:00 &amp; 14:30 &#8211; 18:30 Miercuri 9:00 &#8211; 12:00 [&hellip;]","og_url":"https:\/\/www.zahnarztpraxis-talesnik.de\/tr\/iletisim\/","og_site_name":"Zahn\u00e4rzte Dr. medic. stom. Irina &amp; Felix Talesnik","article_modified_time":"2024-07-12T17:14:52+00:00","og_image":[{"url":"https:\/\/www.zahnarztpraxis-talesnik.de\/wp-content\/uploads\/2024\/07\/contacts-1.png"}],"twitter_card":"summary_large_image","twitter_misc":{"Timp estimat pentru citire":"1 minut"},"schema":{"@context":"https:\/\/schema.org","@graph":[{"@type":"WebPage","@id":"https:\/\/www.zahnarztpraxis-talesnik.de\/tr\/iletisim\/","url":"https:\/\/www.zahnarztpraxis-talesnik.de\/tr\/iletisim\/","name":"Zahn\u00e4rzte Dr. medic. stom. Irina & Felix Talesnik","isPartOf":{"@id":"https:\/\/www.zahnarztpraxis-talesnik.de\/#website"},"primaryImageOfPage":{"@id":"https:\/\/www.zahnarztpraxis-talesnik.de\/tr\/iletisim\/#primaryimage"},"image":{"@id":"https:\/\/www.zahnarztpraxis-talesnik.de\/tr\/iletisim\/#primaryimage"},"thumbnailUrl":"https:\/\/www.zahnarztpraxis-talesnik.de\/wp-content\/uploads\/2024\/07\/contacts-1.png","datePublished":"2024-07-02T22:55:16+00:00","dateModified":"2024-07-12T17:14:52+00:00","breadcrumb":{"@id":"https:\/\/www.zahnarztpraxis-talesnik.de\/tr\/iletisim\/#breadcrumb"},"inLanguage":"ro-RO","potentialAction":[{"@type":"ReadAction","target":["https:\/\/www.zahnarztpraxis-talesnik.de\/tr\/iletisim\/"]}]},{"@type":"ImageObject","inLanguage":"ro-RO","@id":"https:\/\/www.zahnarztpraxis-talesnik.de\/tr\/iletisim\/#primaryimage","url":"https:\/\/www.zahnarztpraxis-talesnik.de\/wp-content\/uploads\/2024\/07\/contacts-1.png","contentUrl":"https:\/\/www.zahnarztpraxis-talesnik.de\/wp-content\/uploads\/2024\/07\/contacts-1.png"},{"@type":"BreadcrumbList","@id":"https:\/\/www.zahnarztpraxis-talesnik.de\/tr\/iletisim\/#breadcrumb","itemListElement":[{"@type":"ListItem","position":1,"name":"Home","item":"https:\/\/www.zahnarztpraxis-talesnik.de\/ro\/"},{"@type":"ListItem","position":2,"name":"Contact"}]},{"@type":"WebSite","@id":"https:\/\/www.zahnarztpraxis-talesnik.de\/#website","url":"https:\/\/www.zahnarztpraxis-talesnik.de\/","name":"Zahnarztpraxis Dr. medic. stom. Irina & Felix Talesnik","description":"","potentialAction":[{"@type":"SearchAction","target":{"@type":"EntryPoint","urlTemplate":"https:\/\/www.zahnarztpraxis-talesnik.de\/?s={search_term_string}"},"query-input":"required name=search_term_string"}],"inLanguage":"ro-RO"}]}},"_links":{"self":[{"href":"https:\/\/www.zahnarztpraxis-talesnik.de\/ro\/wp-json\/wp\/v2\/pages\/3374","targetHints":{"allow":["GET"]}}],"collection":[{"href":"https:\/\/www.zahnarztpraxis-talesnik.de\/ro\/wp-json\/wp\/v2\/pages"}],"about":[{"href":"https:\/\/www.zahnarztpraxis-talesnik.de\/ro\/wp-json\/wp\/v2\/types\/page"}],"author":[{"embeddable":true,"href":"https:\/\/www.zahnarztpraxis-talesnik.de\/ro\/wp-json\/wp\/v2\/users\/2"}],"replies":[{"embeddable":true,"href":"https:\/\/www.zahnarztpraxis-talesnik.de\/ro\/wp-json\/wp\/v2\/comments?post=3374"}],"version-history":[{"count":35,"href":"https:\/\/www.zahnarztpraxis-talesnik.de\/ro\/wp-json\/wp\/v2\/pages\/3374\/revisions"}],"predecessor-version":[{"id":4572,"href":"https:\/\/www.zahnarztpraxis-talesnik.de\/ro\/wp-json\/wp\/v2\/pages\/3374\/revisions\/4572"}],"wp:attachment":[{"href":"https:\/\/www.zahnarztpraxis-talesnik.de\/ro\/wp-json\/wp\/v2\/media?parent=3374"}],"curies":[{"name":"wp","href":"https:\/\/api.w.org\/{rel}","templated":true}]}}