{"id":3855,"date":"2024-06-17T21:14:18","date_gmt":"2024-06-17T19:14:18","guid":{"rendered":"https:\/\/dental.holypapa.com\/?page_id=3855"},"modified":"2024-08-17T12:56:07","modified_gmt":"2024-08-17T10:56:07","slug":"davart-nus","status":"publish","type":"page","link":"https:\/\/www.zahnarztpraxis-talesnik.de\/ro\/davart-nus\/","title":{"rendered":"Davart nus"},"content":{"rendered":"\t\t<div data-elementor-type=\"wp-page\" data-elementor-id=\"3855\" class=\"elementor elementor-3855 elementor-484\">\n\t\t\t\t<div class=\"elementor-element elementor-element-2c976865 e-con-full relative e-flex e-con e-parent\" data-id=\"2c976865\" data-element_type=\"container\" data-settings=\"{&quot;background_background&quot;:&quot;classic&quot;}\">\n\t\t<div class=\"elementor-element elementor-element-474389d0 e-flex e-con-boxed e-con e-child\" data-id=\"474389d0\" data-element_type=\"container\" data-settings=\"{&quot;background_background&quot;:&quot;classic&quot;}\">\n\t\t\t\t\t<div class=\"e-con-inner\">\n\t\t<div class=\"elementor-element elementor-element-7df341f4 e-flex e-con-boxed e-con e-child\" data-id=\"7df341f4\" data-element_type=\"container\">\n\t\t\t\t\t<div class=\"e-con-inner\">\n\t\t\t\t<div class=\"elementor-element elementor-element-3772278b color-grey h1-top elementor-widget elementor-widget-text-editor\" data-id=\"3772278b\" data-element_type=\"widget\" data-widget_type=\"text-editor.default\">\n\t\t\t\t<div class=\"elementor-widget-container\">\n\t\t\t<style>\/*! elementor - v3.23.0 - 15-07-2024 *\/\n.elementor-widget-text-editor.elementor-drop-cap-view-stacked .elementor-drop-cap{background-color:#69727d;color:#fff}.elementor-widget-text-editor.elementor-drop-cap-view-framed .elementor-drop-cap{color:#69727d;border:3px solid;background-color:transparent}.elementor-widget-text-editor:not(.elementor-drop-cap-view-default) .elementor-drop-cap{margin-top:8px}.elementor-widget-text-editor:not(.elementor-drop-cap-view-default) .elementor-drop-cap-letter{width:1em;height:1em}.elementor-widget-text-editor .elementor-drop-cap{float:left;text-align:center;line-height:1;font-size:50px}.elementor-widget-text-editor .elementor-drop-cap-letter{display:inline-block}<\/style>\t\t\t\t<h1>Davart nus<\/h1>\t\t\t\t\t\t<\/div>\n\t\t\t\t<\/div>\n\t\t\t\t<div class=\"elementor-element elementor-element-539073ff elementor-widget elementor-widget-html\" data-id=\"539073ff\" data-element_type=\"widget\" data-widget_type=\"html.default\">\n\t\t\t\t<div class=\"elementor-widget-container\">\n\t\t\t<div class=\"buttons__block\">\n\t<a href=\"tel:+49306214086\" class=\"button button--white-2\" target=\"_blank\">+49 30 621 40 86<\/a>\n\t<a href=\"https:\/\/wa.me\/4915115945994\" class=\"button button--white-2\" target=\"_blank\">WhatsApp<\/a>\n\t<a href=\"https:\/\/www.doctolib.de\/praxis\/berlin\/zahnarztpraxis-felix-und-dr-irina-talesnik\/\" class=\"button button--white-2\" target=\"_blank\">Rezerv\u0103 o programare acum!<\/a>\n<\/div>\t\t<\/div>\n\t\t\t\t<\/div>\n\t\t\t\t\t<\/div>\n\t\t\t\t<\/div>\n\t\t<div class=\"elementor-element elementor-element-5b999ba5 e-flex e-con-boxed e-con e-child\" data-id=\"5b999ba5\" data-element_type=\"container\">\n\t\t\t\t\t<div class=\"e-con-inner\">\n\t\t\t\t<div class=\"elementor-element elementor-element-2210f27a elementor-widget elementor-widget-image\" data-id=\"2210f27a\" data-element_type=\"widget\" data-widget_type=\"image.default\">\n\t\t\t\t<div class=\"elementor-widget-container\">\n\t\t\t<style>\/*! elementor - v3.23.0 - 15-07-2024 *\/\n.elementor-widget-image{text-align:center}.elementor-widget-image a{display:inline-block}.elementor-widget-image a img[src$=\".svg\"]{width:48px}.elementor-widget-image img{vertical-align:middle;display:inline-block}<\/style>\t\t\t\t\t\t\t\t\t\t<img fetchpriority=\"high\" decoding=\"async\" width=\"640\" height=\"640\" src=\"https:\/\/www.zahnarztpraxis-talesnik.de\/wp-content\/uploads\/2024\/06\/uuns.png\" class=\"attachment-large size-large wp-image-842\" alt=\"\" srcset=\"https:\/\/www.zahnarztpraxis-talesnik.de\/wp-content\/uploads\/2024\/06\/uuns.png 869w, https:\/\/www.zahnarztpraxis-talesnik.de\/wp-content\/uploads\/2024\/06\/uuns-300x300.png 300w, https:\/\/www.zahnarztpraxis-talesnik.de\/wp-content\/uploads\/2024\/06\/uuns-150x150.png 150w, https:\/\/www.zahnarztpraxis-talesnik.de\/wp-content\/uploads\/2024\/06\/uuns-768x768.png 768w\" sizes=\"(max-width: 640px) 100vw, 640px\" \/>\t\t\t\t\t\t\t\t\t\t\t\t\t<\/div>\n\t\t\t\t<\/div>\n\t\t\t\t\t<\/div>\n\t\t\t\t<\/div>\n\t\t\t\t\t<\/div>\n\t\t\t\t<\/div>\n\t\t\t\t<div class=\"elementor-element elementor-element-39e616de absolute poa2 elementor-widget elementor-widget-html\" data-id=\"39e616de\" data-element_type=\"widget\" data-widget_type=\"html.default\">\n\t\t\t\t<div class=\"elementor-widget-container\">\n\t\t\t<div class=\"triangle-bottomright\"><\/div>\t\t<\/div>\n\t\t\t\t<\/div>\n\t\t\t\t<\/div>\n\t\t<div class=\"elementor-element elementor-element-5580b726 e-flex e-con-boxed e-con e-parent\" data-id=\"5580b726\" data-element_type=\"container\">\n\t\t\t\t\t<div class=\"e-con-inner\">\n\t\t\t\t<div class=\"elementor-element elementor-element-261e49ec elementor-widget elementor-widget-text-editor\" data-id=\"261e49ec\" data-element_type=\"widget\" data-widget_type=\"text-editor.default\">\n\t\t\t\t<div class=\"elementor-widget-container\">\n\t\t\t\t\t\t\t<h2>Dentist Felix Talesnik<\/h2>\t\t\t\t\t\t<\/div>\n\t\t\t\t<\/div>\n\t\t\t\t\t<\/div>\n\t\t\t\t<\/div>\n\t\t<div class=\"elementor-element elementor-element-7028b2b9 e-flex e-con-boxed e-con e-parent\" data-id=\"7028b2b9\" data-element_type=\"container\">\n\t\t\t\t\t<div class=\"e-con-inner\">\n\t\t<div class=\"elementor-element elementor-element-37123b9b e-con-full e-flex e-con e-child\" data-id=\"37123b9b\" data-element_type=\"container\">\n\t\t\t\t<div class=\"elementor-element elementor-element-22e9bc4 radius100 elementor-widget elementor-widget-image\" data-id=\"22e9bc4\" data-element_type=\"widget\" data-widget_type=\"image.default\">\n\t\t\t\t<div class=\"elementor-widget-container\">\n\t\t\t\t\t\t\t\t\t\t\t\t\t<img decoding=\"async\" width=\"640\" height=\"654\" src=\"https:\/\/www.zahnarztpraxis-talesnik.de\/wp-content\/uploads\/2024\/08\/felix_talesnik-1-1002x1024.jpg\" class=\"attachment-large size-large wp-image-4906\" alt=\"\" srcset=\"https:\/\/www.zahnarztpraxis-talesnik.de\/wp-content\/uploads\/2024\/08\/felix_talesnik-1-1002x1024.jpg 1002w, https:\/\/www.zahnarztpraxis-talesnik.de\/wp-content\/uploads\/2024\/08\/felix_talesnik-1-294x300.jpg 294w, https:\/\/www.zahnarztpraxis-talesnik.de\/wp-content\/uploads\/2024\/08\/felix_talesnik-1-768x785.jpg 768w, https:\/\/www.zahnarztpraxis-talesnik.de\/wp-content\/uploads\/2024\/08\/felix_talesnik-1-1504x1536.jpg 1504w, https:\/\/www.zahnarztpraxis-talesnik.de\/wp-content\/uploads\/2024\/08\/felix_talesnik-1-2005x2048.jpg 2005w\" sizes=\"(max-width: 640px) 100vw, 640px\" \/>\t\t\t\t\t\t\t\t\t\t\t\t\t<\/div>\n\t\t\t\t<\/div>\n\t\t\t\t<\/div>\n\t\t<div class=\"elementor-element elementor-element-254bcecb e-con-full e-flex e-con e-child\" data-id=\"254bcecb\" data-element_type=\"container\">\n\t\t\t\t<div class=\"elementor-element elementor-element-a21f6d8 elementor-widget elementor-widget-text-editor\" data-id=\"a21f6d8\" data-element_type=\"widget\" data-widget_type=\"text-editor.default\">\n\t\t\t\t<div class=\"elementor-widget-container\">\n\t\t\t\t\t\t\t<p>\u201eStomatologia nu este doar profesia mea \u2013 este pasiunea \u0219i hobby-ul meu. De 35 de ani lucrez \u00een cabinetul nostru de familie \u0219i m\u0103 bucur \u00een fiecare zi de ocazia de a-mi folosi abilit\u0103\u021bile \u0219i cuno\u0219tin\u021bele pentru binele pacien\u021bilor mei. Decizia de a urma acest drum a fost cea mai bun\u0103 din via\u021ba mea.\u201c<\/p><p>Felix Talesnik, medic stomatolog \u0219i proprietar al cabinetului<\/p>\t\t\t\t\t\t<\/div>\n\t\t\t\t<\/div>\n\t\t\t\t<\/div>\n\t\t\t\t\t<\/div>\n\t\t\t\t<\/div>\n\t\t<div class=\"elementor-element elementor-element-73c6522a e-flex e-con-boxed e-con e-parent\" data-id=\"73c6522a\" data-element_type=\"container\">\n\t\t\t\t\t<div class=\"e-con-inner\">\n\t\t\t\t<div class=\"elementor-element elementor-element-2b6d7097 elementor-widget elementor-widget-text-editor\" data-id=\"2b6d7097\" data-element_type=\"widget\" data-widget_type=\"text-editor.default\">\n\t\t\t\t<div class=\"elementor-widget-container\">\n\t\t\t\t\t\t\t<h2>Dr. medic. stom. Irina Talesnik<\/h2>\t\t\t\t\t\t<\/div>\n\t\t\t\t<\/div>\n\t\t\t\t\t<\/div>\n\t\t\t\t<\/div>\n\t\t<div class=\"elementor-element elementor-element-16541afd e-flex e-con-boxed e-con e-parent\" data-id=\"16541afd\" data-element_type=\"container\">\n\t\t\t\t\t<div class=\"e-con-inner\">\n\t\t<div class=\"elementor-element elementor-element-6cb90866 e-con-full e-flex e-con e-child\" data-id=\"6cb90866\" data-element_type=\"container\">\n\t\t\t\t<div class=\"elementor-element elementor-element-57cd5f27 elementor-widget elementor-widget-text-editor\" data-id=\"57cd5f27\" data-element_type=\"widget\" data-widget_type=\"text-editor.default\">\n\t\t\t\t<div class=\"elementor-widget-container\">\n\t\t\t\t\t\t\t<p>\u201eDe 35 de ani lucrez \u00een cabinetul nostru de familie, care \u00eemi este foarte drag. Este un loc unde se \u00eent\u00e2lnesc genera\u021bii, fiecare aduc\u00e2ndu-\u0219i propria poveste.\u201c<\/p><p>Dr. medic. stom. Irina Talesnik, medic stomatolog \u0219i proprietar al cabinetului<\/p>\t\t\t\t\t\t<\/div>\n\t\t\t\t<\/div>\n\t\t\t\t<\/div>\n\t\t<div class=\"elementor-element elementor-element-7a5c20d2 e-con-full e-flex e-con e-child\" data-id=\"7a5c20d2\" data-element_type=\"container\">\n\t\t\t\t<div class=\"elementor-element elementor-element-408cc5c6 radius100 elementor-widget elementor-widget-image\" data-id=\"408cc5c6\" data-element_type=\"widget\" data-widget_type=\"image.default\">\n\t\t\t\t<div class=\"elementor-widget-container\">\n\t\t\t\t\t\t\t\t\t\t\t\t\t<img decoding=\"async\" width=\"640\" height=\"654\" src=\"https:\/\/www.zahnarztpraxis-talesnik.de\/wp-content\/uploads\/2024\/08\/irina_talesnik-1-1002x1024.jpg\" class=\"attachment-large size-large wp-image-4898\" alt=\"\" srcset=\"https:\/\/www.zahnarztpraxis-talesnik.de\/wp-content\/uploads\/2024\/08\/irina_talesnik-1-1002x1024.jpg 1002w, https:\/\/www.zahnarztpraxis-talesnik.de\/wp-content\/uploads\/2024\/08\/irina_talesnik-1-294x300.jpg 294w, https:\/\/www.zahnarztpraxis-talesnik.de\/wp-content\/uploads\/2024\/08\/irina_talesnik-1-768x785.jpg 768w, https:\/\/www.zahnarztpraxis-talesnik.de\/wp-content\/uploads\/2024\/08\/irina_talesnik-1-1504x1536.jpg 1504w, https:\/\/www.zahnarztpraxis-talesnik.de\/wp-content\/uploads\/2024\/08\/irina_talesnik-1-2005x2048.jpg 2005w\" sizes=\"(max-width: 640px) 100vw, 640px\" \/>\t\t\t\t\t\t\t\t\t\t\t\t\t<\/div>\n\t\t\t\t<\/div>\n\t\t\t\t<\/div>\n\t\t\t\t\t<\/div>\n\t\t\t\t<\/div>\n\t\t\t\t<\/div>\n\t\t","protected":false},"excerpt":{"rendered":"<p>Davart nus +49 30 621 40 86 WhatsApp Rezerv\u0103 o programare acum! Dentist Felix Talesnik \u201eStomatologia nu este doar profesia mea \u2013 este pasiunea \u0219i hobby-ul meu. De 35 de ani lucrez \u00een cabinetul nostru de familie \u0219i m\u0103 bucur \u00een fiecare zi de ocazia de a-mi folosi abilit\u0103\u021bile \u0219i cuno\u0219tin\u021bele pentru binele pacien\u021bilor mei. [&hellip;]<\/p>\n","protected":false},"author":2,"featured_media":0,"parent":0,"menu_order":0,"comment_status":"closed","ping_status":"closed","template":"","meta":{"_acf_changed":false,"inline_featured_image":false,"footnotes":""},"class_list":["post-3855","page","type-page","status-publish","hentry"],"acf":[],"yoast_head":"<!-- This site is optimized with the Yoast SEO plugin v23.0 - https:\/\/yoast.com\/wordpress\/plugins\/seo\/ -->\n<title>Zahn\u00e4rzte Dr. medic. stom. Irina &amp; Felix Talesnik<\/title>\n<meta name=\"robots\" content=\"index, follow, max-snippet:-1, max-image-preview:large, max-video-preview:-1\" \/>\n<link rel=\"canonical\" href=\"https:\/\/www.zahnarztpraxis-talesnik.de\/ro\/davart-nus\/\" \/>\n<meta property=\"og:locale\" content=\"ro_RO\" \/>\n<meta property=\"og:type\" content=\"article\" \/>\n<meta property=\"og:title\" content=\"Zahn\u00e4rzte Dr. medic. stom. Irina &amp; Felix Talesnik\" \/>\n<meta property=\"og:description\" content=\"Davart nus +49 30 621 40 86 WhatsApp Rezerv\u0103 o programare acum! Dentist Felix Talesnik \u201eStomatologia nu este doar profesia mea \u2013 este pasiunea \u0219i hobby-ul meu. De 35 de ani lucrez \u00een cabinetul nostru de familie \u0219i m\u0103 bucur \u00een fiecare zi de ocazia de a-mi folosi abilit\u0103\u021bile \u0219i cuno\u0219tin\u021bele pentru binele pacien\u021bilor mei. [&hellip;]\" \/>\n<meta property=\"og:url\" content=\"https:\/\/www.zahnarztpraxis-talesnik.de\/ro\/davart-nus\/\" \/>\n<meta property=\"og:site_name\" content=\"Zahn\u00e4rzte Dr. medic. stom. Irina &amp; Felix Talesnik\" \/>\n<meta property=\"article:modified_time\" content=\"2024-08-17T10:56:07+00:00\" \/>\n<meta property=\"og:image\" content=\"https:\/\/www.zahnarztpraxis-talesnik.de\/wp-content\/uploads\/2024\/06\/uuns.png\" \/>\n<meta name=\"twitter:card\" content=\"summary_large_image\" \/>\n<meta name=\"twitter:label1\" content=\"Timp estimat pentru citire\" \/>\n\t<meta name=\"twitter:data1\" content=\"2 minute\" \/>\n<script type=\"application\/ld+json\" class=\"yoast-schema-graph\">{\"@context\":\"https:\/\/schema.org\",\"@graph\":[{\"@type\":\"WebPage\",\"@id\":\"https:\/\/www.zahnarztpraxis-talesnik.de\/ro\/davart-nus\/\",\"url\":\"https:\/\/www.zahnarztpraxis-talesnik.de\/ro\/davart-nus\/\",\"name\":\"Zahn\u00e4rzte Dr. medic. stom. Irina & Felix Talesnik\",\"isPartOf\":{\"@id\":\"https:\/\/www.zahnarztpraxis-talesnik.de\/#website\"},\"primaryImageOfPage\":{\"@id\":\"https:\/\/www.zahnarztpraxis-talesnik.de\/ro\/davart-nus\/#primaryimage\"},\"image\":{\"@id\":\"https:\/\/www.zahnarztpraxis-talesnik.de\/ro\/davart-nus\/#primaryimage\"},\"thumbnailUrl\":\"https:\/\/www.zahnarztpraxis-talesnik.de\/wp-content\/uploads\/2024\/06\/uuns.png\",\"datePublished\":\"2024-06-17T19:14:18+00:00\",\"dateModified\":\"2024-08-17T10:56:07+00:00\",\"breadcrumb\":{\"@id\":\"https:\/\/www.zahnarztpraxis-talesnik.de\/ro\/davart-nus\/#breadcrumb\"},\"inLanguage\":\"ro-RO\",\"potentialAction\":[{\"@type\":\"ReadAction\",\"target\":[\"https:\/\/www.zahnarztpraxis-talesnik.de\/ro\/davart-nus\/\"]}]},{\"@type\":\"ImageObject\",\"inLanguage\":\"ro-RO\",\"@id\":\"https:\/\/www.zahnarztpraxis-talesnik.de\/ro\/davart-nus\/#primaryimage\",\"url\":\"https:\/\/www.zahnarztpraxis-talesnik.de\/wp-content\/uploads\/2024\/06\/uuns.png\",\"contentUrl\":\"https:\/\/www.zahnarztpraxis-talesnik.de\/wp-content\/uploads\/2024\/06\/uuns.png\"},{\"@type\":\"BreadcrumbList\",\"@id\":\"https:\/\/www.zahnarztpraxis-talesnik.de\/ro\/davart-nus\/#breadcrumb\",\"itemListElement\":[{\"@type\":\"ListItem\",\"position\":1,\"name\":\"Home\",\"item\":\"https:\/\/www.zahnarztpraxis-talesnik.de\/ro\/\"},{\"@type\":\"ListItem\",\"position\":2,\"name\":\"Davart nus\"}]},{\"@type\":\"WebSite\",\"@id\":\"https:\/\/www.zahnarztpraxis-talesnik.de\/#website\",\"url\":\"https:\/\/www.zahnarztpraxis-talesnik.de\/\",\"name\":\"Zahnarztpraxis Dr. medic. stom. Irina & Felix Talesnik\",\"description\":\"\",\"potentialAction\":[{\"@type\":\"SearchAction\",\"target\":{\"@type\":\"EntryPoint\",\"urlTemplate\":\"https:\/\/www.zahnarztpraxis-talesnik.de\/?s={search_term_string}\"},\"query-input\":\"required name=search_term_string\"}],\"inLanguage\":\"ro-RO\"}]}<\/script>\n<!-- \/ Yoast SEO plugin. -->","yoast_head_json":{"title":"Zahn\u00e4rzte Dr. medic. stom. Irina & Felix Talesnik","robots":{"index":"index","follow":"follow","max-snippet":"max-snippet:-1","max-image-preview":"max-image-preview:large","max-video-preview":"max-video-preview:-1"},"canonical":"https:\/\/www.zahnarztpraxis-talesnik.de\/ro\/davart-nus\/","og_locale":"ro_RO","og_type":"article","og_title":"Zahn\u00e4rzte Dr. medic. stom. Irina & Felix Talesnik","og_description":"Davart nus +49 30 621 40 86 WhatsApp Rezerv\u0103 o programare acum! Dentist Felix Talesnik \u201eStomatologia nu este doar profesia mea \u2013 este pasiunea \u0219i hobby-ul meu. De 35 de ani lucrez \u00een cabinetul nostru de familie \u0219i m\u0103 bucur \u00een fiecare zi de ocazia de a-mi folosi abilit\u0103\u021bile \u0219i cuno\u0219tin\u021bele pentru binele pacien\u021bilor mei. [&hellip;]","og_url":"https:\/\/www.zahnarztpraxis-talesnik.de\/ro\/davart-nus\/","og_site_name":"Zahn\u00e4rzte Dr. medic. stom. Irina &amp; Felix Talesnik","article_modified_time":"2024-08-17T10:56:07+00:00","og_image":[{"url":"https:\/\/www.zahnarztpraxis-talesnik.de\/wp-content\/uploads\/2024\/06\/uuns.png"}],"twitter_card":"summary_large_image","twitter_misc":{"Timp estimat pentru citire":"2 minute"},"schema":{"@context":"https:\/\/schema.org","@graph":[{"@type":"WebPage","@id":"https:\/\/www.zahnarztpraxis-talesnik.de\/ro\/davart-nus\/","url":"https:\/\/www.zahnarztpraxis-talesnik.de\/ro\/davart-nus\/","name":"Zahn\u00e4rzte Dr. medic. stom. Irina & Felix Talesnik","isPartOf":{"@id":"https:\/\/www.zahnarztpraxis-talesnik.de\/#website"},"primaryImageOfPage":{"@id":"https:\/\/www.zahnarztpraxis-talesnik.de\/ro\/davart-nus\/#primaryimage"},"image":{"@id":"https:\/\/www.zahnarztpraxis-talesnik.de\/ro\/davart-nus\/#primaryimage"},"thumbnailUrl":"https:\/\/www.zahnarztpraxis-talesnik.de\/wp-content\/uploads\/2024\/06\/uuns.png","datePublished":"2024-06-17T19:14:18+00:00","dateModified":"2024-08-17T10:56:07+00:00","breadcrumb":{"@id":"https:\/\/www.zahnarztpraxis-talesnik.de\/ro\/davart-nus\/#breadcrumb"},"inLanguage":"ro-RO","potentialAction":[{"@type":"ReadAction","target":["https:\/\/www.zahnarztpraxis-talesnik.de\/ro\/davart-nus\/"]}]},{"@type":"ImageObject","inLanguage":"ro-RO","@id":"https:\/\/www.zahnarztpraxis-talesnik.de\/ro\/davart-nus\/#primaryimage","url":"https:\/\/www.zahnarztpraxis-talesnik.de\/wp-content\/uploads\/2024\/06\/uuns.png","contentUrl":"https:\/\/www.zahnarztpraxis-talesnik.de\/wp-content\/uploads\/2024\/06\/uuns.png"},{"@type":"BreadcrumbList","@id":"https:\/\/www.zahnarztpraxis-talesnik.de\/ro\/davart-nus\/#breadcrumb","itemListElement":[{"@type":"ListItem","position":1,"name":"Home","item":"https:\/\/www.zahnarztpraxis-talesnik.de\/ro\/"},{"@type":"ListItem","position":2,"name":"Davart nus"}]},{"@type":"WebSite","@id":"https:\/\/www.zahnarztpraxis-talesnik.de\/#website","url":"https:\/\/www.zahnarztpraxis-talesnik.de\/","name":"Zahnarztpraxis Dr. medic. stom. Irina & Felix Talesnik","description":"","potentialAction":[{"@type":"SearchAction","target":{"@type":"EntryPoint","urlTemplate":"https:\/\/www.zahnarztpraxis-talesnik.de\/?s={search_term_string}"},"query-input":"required name=search_term_string"}],"inLanguage":"ro-RO"}]}},"_links":{"self":[{"href":"https:\/\/www.zahnarztpraxis-talesnik.de\/ro\/wp-json\/wp\/v2\/pages\/3855","targetHints":{"allow":["GET"]}}],"collection":[{"href":"https:\/\/www.zahnarztpraxis-talesnik.de\/ro\/wp-json\/wp\/v2\/pages"}],"about":[{"href":"https:\/\/www.zahnarztpraxis-talesnik.de\/ro\/wp-json\/wp\/v2\/types\/page"}],"author":[{"embeddable":true,"href":"https:\/\/www.zahnarztpraxis-talesnik.de\/ro\/wp-json\/wp\/v2\/users\/2"}],"replies":[{"embeddable":true,"href":"https:\/\/www.zahnarztpraxis-talesnik.de\/ro\/wp-json\/wp\/v2\/comments?post=3855"}],"version-history":[{"count":15,"href":"https:\/\/www.zahnarztpraxis-talesnik.de\/ro\/wp-json\/wp\/v2\/pages\/3855\/revisions"}],"predecessor-version":[{"id":4945,"href":"https:\/\/www.zahnarztpraxis-talesnik.de\/ro\/wp-json\/wp\/v2\/pages\/3855\/revisions\/4945"}],"wp:attachment":[{"href":"https:\/\/www.zahnarztpraxis-talesnik.de\/ro\/wp-json\/wp\/v2\/media?parent=3855"}],"curies":[{"name":"wp","href":"https:\/\/api.w.org\/{rel}","templated":true}]}}