{"id":1252,"date":"2024-06-17T21:15:54","date_gmt":"2024-06-17T19:15:54","guid":{"rendered":"https:\/\/dental.holypapa.com\/?page_id=1252"},"modified":"2024-07-12T12:03:49","modified_gmt":"2024-07-12T10:03:49","slug":"ulasim","status":"publish","type":"page","link":"https:\/\/www.zahnarztpraxis-talesnik.de\/tr\/ulasim\/","title":{"rendered":"Ula\u015f\u0131m"},"content":{"rendered":"\t\t<div data-elementor-type=\"wp-page\" data-elementor-id=\"1252\" class=\"elementor elementor-1252 elementor-494\">\n\t\t\t\t<div class=\"elementor-element elementor-element-762617a e-con-full relative e-flex e-con e-parent\" data-id=\"762617a\" data-element_type=\"container\" data-settings=\"{&quot;background_background&quot;:&quot;classic&quot;}\">\n\t\t<div class=\"elementor-element elementor-element-46208ce0 e-flex e-con-boxed e-con e-child\" data-id=\"46208ce0\" data-element_type=\"container\" data-settings=\"{&quot;background_background&quot;:&quot;classic&quot;}\">\n\t\t\t\t\t<div class=\"e-con-inner\">\n\t\t<div class=\"elementor-element elementor-element-2f42d8c1 e-flex e-con-boxed e-con e-child\" data-id=\"2f42d8c1\" data-element_type=\"container\">\n\t\t\t\t\t<div class=\"e-con-inner\">\n\t\t\t\t<div class=\"elementor-element elementor-element-30aae82c h1-top color-grey elementor-widget elementor-widget-text-editor\" data-id=\"30aae82c\" data-element_type=\"widget\" data-widget_type=\"text-editor.default\">\n\t\t\t\t<div class=\"elementor-widget-container\">\n\t\t\t<style>\/*! elementor - v3.23.0 - 15-07-2024 *\/\n.elementor-widget-text-editor.elementor-drop-cap-view-stacked .elementor-drop-cap{background-color:#69727d;color:#fff}.elementor-widget-text-editor.elementor-drop-cap-view-framed .elementor-drop-cap{color:#69727d;border:3px solid;background-color:transparent}.elementor-widget-text-editor:not(.elementor-drop-cap-view-default) .elementor-drop-cap{margin-top:8px}.elementor-widget-text-editor:not(.elementor-drop-cap-view-default) .elementor-drop-cap-letter{width:1em;height:1em}.elementor-widget-text-editor .elementor-drop-cap{float:left;text-align:center;line-height:1;font-size:50px}.elementor-widget-text-editor .elementor-drop-cap-letter{display:inline-block}<\/style>\t\t\t\t<h1>Ula\u015f\u0131m<\/h1>\t\t\t\t\t\t<\/div>\n\t\t\t\t<\/div>\n\t\t\t\t<div class=\"elementor-element elementor-element-501b9733 elementor-widget elementor-widget-html\" data-id=\"501b9733\" data-element_type=\"widget\" data-widget_type=\"html.default\">\n\t\t\t\t<div class=\"elementor-widget-container\">\n\t\t\t<div class=\"buttons__block\">\n\t<a href=\"tel:+49306214086\" class=\"button button--white-2\" target=\"_blank\">+49 30 621 40 86<\/a>\n\t<a href=\"https:\/\/wa.me\/4915115945994\" class=\"button button--white-2\" target=\"_blank\">WhatsApp<\/a>\n\t<a href=\"https:\/\/www.doctolib.de\/praxis\/berlin\/zahnarztpraxis-felix-und-dr-irina-talesnik\/\" class=\"button button--white-2\" target=\"_blank\">\u015eimdi Randevu Al\u0131n!<\/a>\n<\/div>\t\t<\/div>\n\t\t\t\t<\/div>\n\t\t\t\t\t<\/div>\n\t\t\t\t<\/div>\n\t\t<div class=\"elementor-element elementor-element-63b4400e e-flex e-con-boxed e-con e-child\" data-id=\"63b4400e\" data-element_type=\"container\">\n\t\t\t\t\t<div class=\"e-con-inner\">\n\t\t\t\t<div class=\"elementor-element elementor-element-5ac9e554 elementor-widget elementor-widget-image\" data-id=\"5ac9e554\" data-element_type=\"widget\" data-widget_type=\"image.default\">\n\t\t\t\t<div class=\"elementor-widget-container\">\n\t\t\t<style>\/*! elementor - v3.23.0 - 15-07-2024 *\/\n.elementor-widget-image{text-align:center}.elementor-widget-image a{display:inline-block}.elementor-widget-image a img[src$=\".svg\"]{width:48px}.elementor-widget-image img{vertical-align:middle;display:inline-block}<\/style>\t\t\t\t\t\t\t\t\t\t<img fetchpriority=\"high\" decoding=\"async\" width=\"640\" height=\"555\" src=\"https:\/\/www.zahnarztpraxis-talesnik.de\/wp-content\/uploads\/2024\/06\/anfahrt.png\" class=\"attachment-large size-large wp-image-833\" alt=\"\" srcset=\"https:\/\/www.zahnarztpraxis-talesnik.de\/wp-content\/uploads\/2024\/06\/anfahrt.png 1002w, https:\/\/www.zahnarztpraxis-talesnik.de\/wp-content\/uploads\/2024\/06\/anfahrt-300x260.png 300w, https:\/\/www.zahnarztpraxis-talesnik.de\/wp-content\/uploads\/2024\/06\/anfahrt-768x666.png 768w\" sizes=\"(max-width: 640px) 100vw, 640px\" \/>\t\t\t\t\t\t\t\t\t\t\t\t\t<\/div>\n\t\t\t\t<\/div>\n\t\t\t\t\t<\/div>\n\t\t\t\t<\/div>\n\t\t\t\t\t<\/div>\n\t\t\t\t<\/div>\n\t\t\t\t<div class=\"elementor-element elementor-element-22221a19 absolute poa2 elementor-hidden-mobile elementor-widget elementor-widget-html\" data-id=\"22221a19\" data-element_type=\"widget\" data-widget_type=\"html.default\">\n\t\t\t\t<div class=\"elementor-widget-container\">\n\t\t\t<div class=\"triangle-bottomright\"><\/div>\t\t<\/div>\n\t\t\t\t<\/div>\n\t\t\t\t<\/div>\n\t\t<div class=\"elementor-element elementor-element-586e09c4 e-flex e-con-boxed e-con e-parent\" data-id=\"586e09c4\" data-element_type=\"container\">\n\t\t\t\t\t<div class=\"e-con-inner\">\n\t\t\t\t<div class=\"elementor-element elementor-element-314fb856 elementor-widget elementor-widget-text-editor\" data-id=\"314fb856\" data-element_type=\"widget\" data-widget_type=\"text-editor.default\">\n\t\t\t\t<div class=\"elementor-widget-container\">\n\t\t\t\t\t\t\t<p>Di\u015f klini\u011fimize y\u00fcr\u00fcyerek, bisikletle, arabayla ve toplu ta\u015f\u0131ma ara\u00e7lar\u0131yla kolayca ula\u015fabilirsiniz.<\/p><h2>Araba<\/h2><p>Columbiadamm \u00fczerinde ve yak\u0131nlardaki Fontanestra\u00dfe&#8217;de bir\u00e7ok park yeri bulabilirsiniz.<\/p><h2>Toplu Ta\u015f\u0131ma<\/h2><p>Toplu ta\u015f\u0131ma ara\u00e7lar\u0131yla da bize kolayca ula\u015fabilirsiniz. Yak\u0131nlarda Boddinstra\u00dfe metro istasyonu (U8 hatt\u0131) ve Fontanestra\u00dfe\/ Flughafenstra\u00dfe otob\u00fcs dura\u011f\u0131 (M43 otob\u00fcs\u00fc) bulunmaktad\u0131r.<\/p><h2>Bisiklet<\/h2><p>Bisiklet s\u00fcr\u00fcc\u00fcleri i\u00e7in klini\u011fin \u00f6n\u00fcne bir bisiklet park\u0131 kurduk, burada bisikletinizi park edebilirsiniz.<\/p>\t\t\t\t\t\t<\/div>\n\t\t\t\t<\/div>\n\t\t\t\t\t<\/div>\n\t\t\t\t<\/div>\n\t\t\t\t<\/div>\n\t\t","protected":false},"excerpt":{"rendered":"<p>Ula\u015f\u0131m +49 30 621 40 86 WhatsApp \u015eimdi Randevu Al\u0131n! Di\u015f klini\u011fimize y\u00fcr\u00fcyerek, bisikletle, arabayla ve toplu ta\u015f\u0131ma ara\u00e7lar\u0131yla kolayca ula\u015fabilirsiniz. Araba Columbiadamm \u00fczerinde ve yak\u0131nlardaki Fontanestra\u00dfe&#8217;de bir\u00e7ok park yeri bulabilirsiniz. Toplu Ta\u015f\u0131ma Toplu ta\u015f\u0131ma ara\u00e7lar\u0131yla da bize kolayca ula\u015fabilirsiniz. Yak\u0131nlarda Boddinstra\u00dfe metro istasyonu (U8 hatt\u0131) ve Fontanestra\u00dfe\/ Flughafenstra\u00dfe otob\u00fcs dura\u011f\u0131 (M43 otob\u00fcs\u00fc) bulunmaktad\u0131r. Bisiklet [&hellip;]<\/p>\n","protected":false},"author":2,"featured_media":0,"parent":0,"menu_order":0,"comment_status":"closed","ping_status":"closed","template":"","meta":{"_acf_changed":false,"inline_featured_image":false,"footnotes":""},"class_list":["post-1252","page","type-page","status-publish","hentry"],"acf":[],"yoast_head":"<!-- This site is optimized with the Yoast SEO plugin v23.0 - https:\/\/yoast.com\/wordpress\/plugins\/seo\/ -->\n<title>Zahn\u00e4rzte Dr. medic. stom. Irina &amp; Felix Talesnik<\/title>\n<meta name=\"robots\" content=\"index, follow, max-snippet:-1, max-image-preview:large, max-video-preview:-1\" \/>\n<link rel=\"canonical\" href=\"https:\/\/www.zahnarztpraxis-talesnik.de\/tr\/ulasim\/\" \/>\n<meta property=\"og:locale\" content=\"tr_TR\" \/>\n<meta property=\"og:type\" content=\"article\" \/>\n<meta property=\"og:title\" content=\"Zahn\u00e4rzte Dr. medic. stom. Irina &amp; Felix Talesnik\" \/>\n<meta property=\"og:description\" content=\"Ula\u015f\u0131m +49 30 621 40 86 WhatsApp \u015eimdi Randevu Al\u0131n! Di\u015f klini\u011fimize y\u00fcr\u00fcyerek, bisikletle, arabayla ve toplu ta\u015f\u0131ma ara\u00e7lar\u0131yla kolayca ula\u015fabilirsiniz. Araba Columbiadamm \u00fczerinde ve yak\u0131nlardaki Fontanestra\u00dfe&#8217;de bir\u00e7ok park yeri bulabilirsiniz. Toplu Ta\u015f\u0131ma Toplu ta\u015f\u0131ma ara\u00e7lar\u0131yla da bize kolayca ula\u015fabilirsiniz. Yak\u0131nlarda Boddinstra\u00dfe metro istasyonu (U8 hatt\u0131) ve Fontanestra\u00dfe\/ Flughafenstra\u00dfe otob\u00fcs dura\u011f\u0131 (M43 otob\u00fcs\u00fc) bulunmaktad\u0131r. Bisiklet [&hellip;]\" \/>\n<meta property=\"og:url\" content=\"https:\/\/www.zahnarztpraxis-talesnik.de\/tr\/ulasim\/\" \/>\n<meta property=\"og:site_name\" content=\"Zahn\u00e4rzte Dr. medic. stom. Irina &amp; Felix Talesnik\" \/>\n<meta property=\"article:modified_time\" content=\"2024-07-12T10:03:49+00:00\" \/>\n<meta property=\"og:image\" content=\"https:\/\/dental.holypapa.com\/wp-content\/uploads\/2024\/06\/anfahrt.png\" \/>\n<meta name=\"twitter:card\" content=\"summary_large_image\" \/>\n<meta name=\"twitter:label1\" content=\"Tahmini okuma s\u00fcresi\" \/>\n\t<meta name=\"twitter:data1\" content=\"1 dakika\" \/>\n<script type=\"application\/ld+json\" class=\"yoast-schema-graph\">{\"@context\":\"https:\/\/schema.org\",\"@graph\":[{\"@type\":\"WebPage\",\"@id\":\"https:\/\/www.zahnarztpraxis-talesnik.de\/tr\/ulasim\/\",\"url\":\"https:\/\/www.zahnarztpraxis-talesnik.de\/tr\/ulasim\/\",\"name\":\"Zahn\u00e4rzte Dr. medic. stom. Irina & Felix Talesnik\",\"isPartOf\":{\"@id\":\"https:\/\/www.zahnarztpraxis-talesnik.de\/#website\"},\"primaryImageOfPage\":{\"@id\":\"https:\/\/www.zahnarztpraxis-talesnik.de\/tr\/ulasim\/#primaryimage\"},\"image\":{\"@id\":\"https:\/\/www.zahnarztpraxis-talesnik.de\/tr\/ulasim\/#primaryimage\"},\"thumbnailUrl\":\"https:\/\/dental.holypapa.com\/wp-content\/uploads\/2024\/06\/anfahrt.png\",\"datePublished\":\"2024-06-17T19:15:54+00:00\",\"dateModified\":\"2024-07-12T10:03:49+00:00\",\"breadcrumb\":{\"@id\":\"https:\/\/www.zahnarztpraxis-talesnik.de\/tr\/ulasim\/#breadcrumb\"},\"inLanguage\":\"tr\",\"potentialAction\":[{\"@type\":\"ReadAction\",\"target\":[\"https:\/\/www.zahnarztpraxis-talesnik.de\/tr\/ulasim\/\"]}]},{\"@type\":\"ImageObject\",\"inLanguage\":\"tr\",\"@id\":\"https:\/\/www.zahnarztpraxis-talesnik.de\/tr\/ulasim\/#primaryimage\",\"url\":\"https:\/\/dental.holypapa.com\/wp-content\/uploads\/2024\/06\/anfahrt.png\",\"contentUrl\":\"https:\/\/dental.holypapa.com\/wp-content\/uploads\/2024\/06\/anfahrt.png\"},{\"@type\":\"BreadcrumbList\",\"@id\":\"https:\/\/www.zahnarztpraxis-talesnik.de\/tr\/ulasim\/#breadcrumb\",\"itemListElement\":[{\"@type\":\"ListItem\",\"position\":1,\"name\":\"Home\",\"item\":\"https:\/\/www.zahnarztpraxis-talesnik.de\/tr\/\"},{\"@type\":\"ListItem\",\"position\":2,\"name\":\"Ula\u015f\u0131m\"}]},{\"@type\":\"WebSite\",\"@id\":\"https:\/\/www.zahnarztpraxis-talesnik.de\/#website\",\"url\":\"https:\/\/www.zahnarztpraxis-talesnik.de\/\",\"name\":\"Zahnarztpraxis Dr. medic. stom. Irina & Felix Talesnik\",\"description\":\"\",\"potentialAction\":[{\"@type\":\"SearchAction\",\"target\":{\"@type\":\"EntryPoint\",\"urlTemplate\":\"https:\/\/www.zahnarztpraxis-talesnik.de\/?s={search_term_string}\"},\"query-input\":\"required name=search_term_string\"}],\"inLanguage\":\"tr\"}]}<\/script>\n<!-- \/ Yoast SEO plugin. -->","yoast_head_json":{"title":"Zahn\u00e4rzte Dr. medic. stom. Irina & Felix Talesnik","robots":{"index":"index","follow":"follow","max-snippet":"max-snippet:-1","max-image-preview":"max-image-preview:large","max-video-preview":"max-video-preview:-1"},"canonical":"https:\/\/www.zahnarztpraxis-talesnik.de\/tr\/ulasim\/","og_locale":"tr_TR","og_type":"article","og_title":"Zahn\u00e4rzte Dr. medic. stom. Irina & Felix Talesnik","og_description":"Ula\u015f\u0131m +49 30 621 40 86 WhatsApp \u015eimdi Randevu Al\u0131n! Di\u015f klini\u011fimize y\u00fcr\u00fcyerek, bisikletle, arabayla ve toplu ta\u015f\u0131ma ara\u00e7lar\u0131yla kolayca ula\u015fabilirsiniz. Araba Columbiadamm \u00fczerinde ve yak\u0131nlardaki Fontanestra\u00dfe&#8217;de bir\u00e7ok park yeri bulabilirsiniz. Toplu Ta\u015f\u0131ma Toplu ta\u015f\u0131ma ara\u00e7lar\u0131yla da bize kolayca ula\u015fabilirsiniz. Yak\u0131nlarda Boddinstra\u00dfe metro istasyonu (U8 hatt\u0131) ve Fontanestra\u00dfe\/ Flughafenstra\u00dfe otob\u00fcs dura\u011f\u0131 (M43 otob\u00fcs\u00fc) bulunmaktad\u0131r. Bisiklet [&hellip;]","og_url":"https:\/\/www.zahnarztpraxis-talesnik.de\/tr\/ulasim\/","og_site_name":"Zahn\u00e4rzte Dr. medic. stom. Irina &amp; Felix Talesnik","article_modified_time":"2024-07-12T10:03:49+00:00","og_image":[{"url":"https:\/\/dental.holypapa.com\/wp-content\/uploads\/2024\/06\/anfahrt.png"}],"twitter_card":"summary_large_image","twitter_misc":{"Tahmini okuma s\u00fcresi":"1 dakika"},"schema":{"@context":"https:\/\/schema.org","@graph":[{"@type":"WebPage","@id":"https:\/\/www.zahnarztpraxis-talesnik.de\/tr\/ulasim\/","url":"https:\/\/www.zahnarztpraxis-talesnik.de\/tr\/ulasim\/","name":"Zahn\u00e4rzte Dr. medic. stom. Irina & Felix Talesnik","isPartOf":{"@id":"https:\/\/www.zahnarztpraxis-talesnik.de\/#website"},"primaryImageOfPage":{"@id":"https:\/\/www.zahnarztpraxis-talesnik.de\/tr\/ulasim\/#primaryimage"},"image":{"@id":"https:\/\/www.zahnarztpraxis-talesnik.de\/tr\/ulasim\/#primaryimage"},"thumbnailUrl":"https:\/\/dental.holypapa.com\/wp-content\/uploads\/2024\/06\/anfahrt.png","datePublished":"2024-06-17T19:15:54+00:00","dateModified":"2024-07-12T10:03:49+00:00","breadcrumb":{"@id":"https:\/\/www.zahnarztpraxis-talesnik.de\/tr\/ulasim\/#breadcrumb"},"inLanguage":"tr","potentialAction":[{"@type":"ReadAction","target":["https:\/\/www.zahnarztpraxis-talesnik.de\/tr\/ulasim\/"]}]},{"@type":"ImageObject","inLanguage":"tr","@id":"https:\/\/www.zahnarztpraxis-talesnik.de\/tr\/ulasim\/#primaryimage","url":"https:\/\/dental.holypapa.com\/wp-content\/uploads\/2024\/06\/anfahrt.png","contentUrl":"https:\/\/dental.holypapa.com\/wp-content\/uploads\/2024\/06\/anfahrt.png"},{"@type":"BreadcrumbList","@id":"https:\/\/www.zahnarztpraxis-talesnik.de\/tr\/ulasim\/#breadcrumb","itemListElement":[{"@type":"ListItem","position":1,"name":"Home","item":"https:\/\/www.zahnarztpraxis-talesnik.de\/tr\/"},{"@type":"ListItem","position":2,"name":"Ula\u015f\u0131m"}]},{"@type":"WebSite","@id":"https:\/\/www.zahnarztpraxis-talesnik.de\/#website","url":"https:\/\/www.zahnarztpraxis-talesnik.de\/","name":"Zahnarztpraxis Dr. medic. stom. Irina & Felix Talesnik","description":"","potentialAction":[{"@type":"SearchAction","target":{"@type":"EntryPoint","urlTemplate":"https:\/\/www.zahnarztpraxis-talesnik.de\/?s={search_term_string}"},"query-input":"required name=search_term_string"}],"inLanguage":"tr"}]}},"_links":{"self":[{"href":"https:\/\/www.zahnarztpraxis-talesnik.de\/tr\/wp-json\/wp\/v2\/pages\/1252","targetHints":{"allow":["GET"]}}],"collection":[{"href":"https:\/\/www.zahnarztpraxis-talesnik.de\/tr\/wp-json\/wp\/v2\/pages"}],"about":[{"href":"https:\/\/www.zahnarztpraxis-talesnik.de\/tr\/wp-json\/wp\/v2\/types\/page"}],"author":[{"embeddable":true,"href":"https:\/\/www.zahnarztpraxis-talesnik.de\/tr\/wp-json\/wp\/v2\/users\/2"}],"replies":[{"embeddable":true,"href":"https:\/\/www.zahnarztpraxis-talesnik.de\/tr\/wp-json\/wp\/v2\/comments?post=1252"}],"version-history":[{"count":17,"href":"https:\/\/www.zahnarztpraxis-talesnik.de\/tr\/wp-json\/wp\/v2\/pages\/1252\/revisions"}],"predecessor-version":[{"id":3936,"href":"https:\/\/www.zahnarztpraxis-talesnik.de\/tr\/wp-json\/wp\/v2\/pages\/1252\/revisions\/3936"}],"wp:attachment":[{"href":"https:\/\/www.zahnarztpraxis-talesnik.de\/tr\/wp-json\/wp\/v2\/media?parent=1252"}],"curies":[{"name":"wp","href":"https:\/\/api.w.org\/{rel}","templated":true}]}}