{"id":1782,"date":"2024-06-17T21:13:02","date_gmt":"2024-06-17T19:13:02","guid":{"rendered":"https:\/\/dental.holypapa.com\/?page_id=1782"},"modified":"2024-07-12T11:48:51","modified_gmt":"2024-07-12T09:48:51","slug":"agiz-cerrahisi-ve-implantoloji","status":"publish","type":"page","link":"https:\/\/www.zahnarztpraxis-talesnik.de\/tr\/agiz-cerrahisi-ve-implantoloji\/","title":{"rendered":"A\u011f\u0131z Cerrahisi ve \u0130mplantoloji"},"content":{"rendered":"\t\t<div data-elementor-type=\"wp-page\" data-elementor-id=\"1782\" class=\"elementor elementor-1782 elementor-473\">\n\t\t\t\t<div class=\"elementor-element elementor-element-7e64b827 e-con-full relative e-flex e-con e-parent\" data-id=\"7e64b827\" data-element_type=\"container\" data-settings=\"{&quot;background_background&quot;:&quot;classic&quot;}\">\n\t\t<div class=\"elementor-element elementor-element-32be4f7b e-flex e-con-boxed e-con e-child\" data-id=\"32be4f7b\" data-element_type=\"container\" data-settings=\"{&quot;background_background&quot;:&quot;classic&quot;}\">\n\t\t\t\t\t<div class=\"e-con-inner\">\n\t\t<div class=\"elementor-element elementor-element-202f007f e-flex e-con-boxed e-con e-child\" data-id=\"202f007f\" data-element_type=\"container\">\n\t\t\t\t\t<div class=\"e-con-inner\">\n\t\t\t\t<div class=\"elementor-element elementor-element-3ac1fd75 h1-top color-grey elementor-widget elementor-widget-text-editor\" data-id=\"3ac1fd75\" data-element_type=\"widget\" data-widget_type=\"text-editor.default\">\n\t\t\t\t<div class=\"elementor-widget-container\">\n\t\t\t<style>\/*! elementor - v3.23.0 - 15-07-2024 *\/\n.elementor-widget-text-editor.elementor-drop-cap-view-stacked .elementor-drop-cap{background-color:#69727d;color:#fff}.elementor-widget-text-editor.elementor-drop-cap-view-framed .elementor-drop-cap{color:#69727d;border:3px solid;background-color:transparent}.elementor-widget-text-editor:not(.elementor-drop-cap-view-default) .elementor-drop-cap{margin-top:8px}.elementor-widget-text-editor:not(.elementor-drop-cap-view-default) .elementor-drop-cap-letter{width:1em;height:1em}.elementor-widget-text-editor .elementor-drop-cap{float:left;text-align:center;line-height:1;font-size:50px}.elementor-widget-text-editor .elementor-drop-cap-letter{display:inline-block}<\/style>\t\t\t\t<h1><span data-sheets-root=\"1\">A\u011f\u0131z Cerrahisi ve \u0130mplantoloji<\/span><\/h1>\t\t\t\t\t\t<\/div>\n\t\t\t\t<\/div>\n\t\t\t\t<div class=\"elementor-element elementor-element-70496c3a elementor-widget elementor-widget-html\" data-id=\"70496c3a\" data-element_type=\"widget\" data-widget_type=\"html.default\">\n\t\t\t\t<div class=\"elementor-widget-container\">\n\t\t\t<div class=\"buttons__block\">\n\t<a href=\"tel:+49306214086\" class=\"button button--white-2\" target=\"_blank\">+49 30 621 40 86<\/a>\n\t<a href=\"https:\/\/wa.me\/4915115945994\" class=\"button button--white-2\" target=\"_blank\">WhatsApp<\/a>\n\t<a href=\"https:\/\/www.doctolib.de\/praxis\/berlin\/zahnarztpraxis-felix-und-dr-irina-talesnik\/\" class=\"button button--white-2\" target=\"_blank\">\u015eimdi Randevu Al\u0131n!<\/a>\n<\/div>\t\t<\/div>\n\t\t\t\t<\/div>\n\t\t\t\t\t<\/div>\n\t\t\t\t<\/div>\n\t\t<div class=\"elementor-element elementor-element-35345f22 e-flex e-con-boxed e-con e-child\" data-id=\"35345f22\" data-element_type=\"container\">\n\t\t\t\t\t<div class=\"e-con-inner\">\n\t\t\t\t<div class=\"elementor-element elementor-element-19cf1907 elementor-widget elementor-widget-image\" data-id=\"19cf1907\" data-element_type=\"widget\" data-widget_type=\"image.default\">\n\t\t\t\t<div class=\"elementor-widget-container\">\n\t\t\t<style>\/*! elementor - v3.23.0 - 15-07-2024 *\/\n.elementor-widget-image{text-align:center}.elementor-widget-image a{display:inline-block}.elementor-widget-image a img[src$=\".svg\"]{width:48px}.elementor-widget-image img{vertical-align:middle;display:inline-block}<\/style>\t\t\t\t\t\t\t\t\t\t<img fetchpriority=\"high\" decoding=\"async\" width=\"640\" height=\"556\" src=\"https:\/\/www.zahnarztpraxis-talesnik.de\/wp-content\/uploads\/2024\/06\/Oralchirurgie.png\" class=\"attachment-large size-large wp-image-762\" alt=\"\" srcset=\"https:\/\/www.zahnarztpraxis-talesnik.de\/wp-content\/uploads\/2024\/06\/Oralchirurgie.png 1000w, https:\/\/www.zahnarztpraxis-talesnik.de\/wp-content\/uploads\/2024\/06\/Oralchirurgie-300x261.png 300w, https:\/\/www.zahnarztpraxis-talesnik.de\/wp-content\/uploads\/2024\/06\/Oralchirurgie-768x667.png 768w\" sizes=\"(max-width: 640px) 100vw, 640px\" \/>\t\t\t\t\t\t\t\t\t\t\t\t\t<\/div>\n\t\t\t\t<\/div>\n\t\t\t\t\t<\/div>\n\t\t\t\t<\/div>\n\t\t\t\t\t<\/div>\n\t\t\t\t<\/div>\n\t\t\t\t<div class=\"elementor-element elementor-element-34659161 absolute poa2 elementor-hidden-mobile elementor-widget elementor-widget-html\" data-id=\"34659161\" data-element_type=\"widget\" data-widget_type=\"html.default\">\n\t\t\t\t<div class=\"elementor-widget-container\">\n\t\t\t<div class=\"triangle-bottomright\"><\/div>\t\t<\/div>\n\t\t\t\t<\/div>\n\t\t\t\t<\/div>\n\t\t<div class=\"elementor-element elementor-element-5caac58 e-flex e-con-boxed e-con e-parent\" data-id=\"5caac58\" data-element_type=\"container\">\n\t\t\t\t\t<div class=\"e-con-inner\">\n\t\t\t\t<div class=\"elementor-element elementor-element-6dd8aaed elementor-widget elementor-widget-text-editor\" data-id=\"6dd8aaed\" data-element_type=\"widget\" data-widget_type=\"text-editor.default\">\n\t\t\t\t<div class=\"elementor-widget-container\">\n\t\t\t\t\t\t\t<div class=\"page\" title=\"Page 5\"><div class=\"section\"><div class=\"layoutArea\"><div class=\"column\"><p>Dis\u0327 klinig\u0306imizde genis\u0327 bir ag\u0306\u0131z cerrahisi ve implantoloji hizmetleri yelpazesi sunuyoruz.<\/p><p>Tekliflerimiz aras\u0131nda, ultrason ile hassas ve nazik bir s\u0327ekilde c\u0327al\u0131s\u0327an yenilikc\u0327i piezo cerrahisi bulunmaktad\u0131r ve bu, size rahat bir tedavi deneyimi sag\u0306lar. Bu prosedu\u0308r, hem sert hem de yumus\u0327ak dokular\u0131 etkili bir s\u0327ekilde korur.<\/p><\/div><\/div><\/div><\/div>\t\t\t\t\t\t<\/div>\n\t\t\t\t<\/div>\n\t\t\t\t\t<\/div>\n\t\t\t\t<\/div>\n\t\t<div class=\"elementor-element elementor-element-146e87c1 e-flex e-con-boxed e-con e-parent\" data-id=\"146e87c1\" data-element_type=\"container\">\n\t\t\t\t\t<div class=\"e-con-inner\">\n\t\t<div class=\"elementor-element elementor-element-3176ab3b e-con-full e-flex e-con e-child\" data-id=\"3176ab3b\" data-element_type=\"container\">\n\t\t\t\t<div class=\"elementor-element elementor-element-19a62eb elementor-widget elementor-widget-text-editor\" data-id=\"19a62eb\" data-element_type=\"widget\" data-widget_type=\"text-editor.default\">\n\t\t\t\t<div class=\"elementor-widget-container\">\n\t\t\t\t\t\t\t<div class=\"page\" title=\"Page 5\"><div class=\"section\"><div class=\"layoutArea\"><div class=\"column\"><p>Kemik dokunuzu korumak ic\u0327in soket koruma teknig\u0306ini sunuyoruz. S\u0327iddetli hasar go\u0308rmu\u0308s\u0327 dis\u0327leri c\u0327ekerken, dog\u0306al kemig\u0306in geri c\u0327ekilmesini o\u0308nlemek ic\u0327in kemik ikame materyali ekliyoruz. Bu, o\u0308zellikle planl\u0131 bir implantasyon ic\u0327in o\u0308nemlidir ve size ek prosedu\u0308rlerden tasarruf sag\u0306lar.<\/p><p>Ayr\u0131ca, hem alt c\u0327enede hem de u\u0308st c\u0327enede sinu\u0308s kald\u0131rma ile yeterli kemik olus\u0327turmak ic\u0327in kemik bu\u0308yu\u0308tme prosedu\u0308rleri yap\u0131yoruz. Modern PRF teknig\u0306imiz (otolog kan tedavisi), o\u0308nceden al\u0131nm\u0131s\u0327 veno\u0308z kan\u0131n\u0131zdan bu\u0308yu\u0308me fakto\u0308rlerini kullanarak yara iyiles\u0327mesini destekler ve yenilenmeyi tes\u0327vik eder.<\/p><\/div><\/div><\/div><\/div>\t\t\t\t\t\t<\/div>\n\t\t\t\t<\/div>\n\t\t\t\t<\/div>\n\t\t<div class=\"elementor-element elementor-element-123c26e5 e-con-full e-flex e-con e-child\" data-id=\"123c26e5\" data-element_type=\"container\">\n\t\t\t\t<div class=\"elementor-element elementor-element-18845ca2 elementor-widget elementor-widget-image\" data-id=\"18845ca2\" data-element_type=\"widget\" data-widget_type=\"image.default\">\n\t\t\t\t<div class=\"elementor-widget-container\">\n\t\t\t\t\t\t\t\t\t\t\t\t\t<img decoding=\"async\" width=\"640\" height=\"556\" src=\"https:\/\/www.zahnarztpraxis-talesnik.de\/wp-content\/uploads\/2024\/06\/Oralchirurgie2.png\" class=\"attachment-large size-large wp-image-763\" alt=\"\" srcset=\"https:\/\/www.zahnarztpraxis-talesnik.de\/wp-content\/uploads\/2024\/06\/Oralchirurgie2.png 1000w, https:\/\/www.zahnarztpraxis-talesnik.de\/wp-content\/uploads\/2024\/06\/Oralchirurgie2-300x261.png 300w, https:\/\/www.zahnarztpraxis-talesnik.de\/wp-content\/uploads\/2024\/06\/Oralchirurgie2-768x667.png 768w\" sizes=\"(max-width: 640px) 100vw, 640px\" \/>\t\t\t\t\t\t\t\t\t\t\t\t\t<\/div>\n\t\t\t\t<\/div>\n\t\t\t\t<\/div>\n\t\t\t\t\t<\/div>\n\t\t\t\t<\/div>\n\t\t<div class=\"elementor-element elementor-element-320dc75f e-flex e-con-boxed e-con e-parent\" data-id=\"320dc75f\" data-element_type=\"container\">\n\t\t\t\t\t<div class=\"e-con-inner\">\n\t\t<div class=\"elementor-element elementor-element-255bc51e e-con-full e-flex e-con e-child\" data-id=\"255bc51e\" data-element_type=\"container\">\n\t\t\t\t<div class=\"elementor-element elementor-element-1822d269 elementor-widget elementor-widget-image\" data-id=\"1822d269\" data-element_type=\"widget\" data-widget_type=\"image.default\">\n\t\t\t\t<div class=\"elementor-widget-container\">\n\t\t\t\t\t\t\t\t\t\t\t\t\t<img decoding=\"async\" width=\"640\" height=\"556\" src=\"https:\/\/www.zahnarztpraxis-talesnik.de\/wp-content\/uploads\/2024\/06\/Oralchirurgie3.png\" class=\"attachment-large size-large wp-image-764\" alt=\"\" srcset=\"https:\/\/www.zahnarztpraxis-talesnik.de\/wp-content\/uploads\/2024\/06\/Oralchirurgie3.png 1000w, https:\/\/www.zahnarztpraxis-talesnik.de\/wp-content\/uploads\/2024\/06\/Oralchirurgie3-300x261.png 300w, https:\/\/www.zahnarztpraxis-talesnik.de\/wp-content\/uploads\/2024\/06\/Oralchirurgie3-768x667.png 768w\" sizes=\"(max-width: 640px) 100vw, 640px\" \/>\t\t\t\t\t\t\t\t\t\t\t\t\t<\/div>\n\t\t\t\t<\/div>\n\t\t\t\t<\/div>\n\t\t<div class=\"elementor-element elementor-element-2cddff0d e-con-full e-flex e-con e-child\" data-id=\"2cddff0d\" data-element_type=\"container\">\n\t\t\t\t<div class=\"elementor-element elementor-element-40a07127 elementor-widget elementor-widget-text-editor\" data-id=\"40a07127\" data-element_type=\"widget\" data-widget_type=\"text-editor.default\">\n\t\t\t\t<div class=\"elementor-widget-container\">\n\t\t\t\t\t\t\t<div class=\"page\" title=\"Page 6\"><div class=\"section\"><div class=\"layoutArea\"><div class=\"column\"><p>Ayr\u0131ca, go\u0308mu\u0308lu\u0308 veya yer deg\u0306is\u0327tirmis\u0327 yirmilik dis\u0327lerin c\u0327\u0131kar\u0131lmas\u0131 da uzmanl\u0131k alan\u0131m\u0131za girer.<\/p><p>Tabii ki, dis\u0327 protezleri kapsam\u0131nda yerles\u0327tirilen implantlar\u0131n tam tedavisini de sunuyoruz.<\/p><\/div><\/div><\/div><\/div>\t\t\t\t\t\t<\/div>\n\t\t\t\t<\/div>\n\t\t\t\t<\/div>\n\t\t\t\t\t<\/div>\n\t\t\t\t<\/div>\n\t\t\t\t<\/div>\n\t\t","protected":false},"excerpt":{"rendered":"<p>A\u011f\u0131z Cerrahisi ve \u0130mplantoloji +49 30 621 40 86 WhatsApp \u015eimdi Randevu Al\u0131n! Dis\u0327 klinig\u0306imizde genis\u0327 bir ag\u0306\u0131z cerrahisi ve implantoloji hizmetleri yelpazesi sunuyoruz. Tekliflerimiz aras\u0131nda, ultrason ile hassas ve nazik bir s\u0327ekilde c\u0327al\u0131s\u0327an yenilikc\u0327i piezo cerrahisi bulunmaktad\u0131r ve bu, size rahat bir tedavi deneyimi sag\u0306lar. Bu prosedu\u0308r, hem sert hem de yumus\u0327ak dokular\u0131 etkili [&hellip;]<\/p>\n","protected":false},"author":2,"featured_media":0,"parent":0,"menu_order":0,"comment_status":"closed","ping_status":"closed","template":"","meta":{"_acf_changed":false,"inline_featured_image":false,"footnotes":""},"class_list":["post-1782","page","type-page","status-publish","hentry"],"acf":[],"yoast_head":"<!-- This site is optimized with the Yoast SEO plugin v23.0 - https:\/\/yoast.com\/wordpress\/plugins\/seo\/ -->\n<title>Zahn\u00e4rzte Dr. medic. stom. Irina &amp; Felix Talesnik<\/title>\n<meta name=\"robots\" content=\"index, follow, max-snippet:-1, max-image-preview:large, max-video-preview:-1\" \/>\n<link rel=\"canonical\" href=\"https:\/\/www.zahnarztpraxis-talesnik.de\/tr\/agiz-cerrahisi-ve-implantoloji\/\" \/>\n<meta property=\"og:locale\" content=\"tr_TR\" \/>\n<meta property=\"og:type\" content=\"article\" \/>\n<meta property=\"og:title\" content=\"Zahn\u00e4rzte Dr. medic. stom. Irina &amp; Felix Talesnik\" \/>\n<meta property=\"og:description\" content=\"A\u011f\u0131z Cerrahisi ve \u0130mplantoloji +49 30 621 40 86 WhatsApp \u015eimdi Randevu Al\u0131n! Dis\u0327 klinig\u0306imizde genis\u0327 bir ag\u0306\u0131z cerrahisi ve implantoloji hizmetleri yelpazesi sunuyoruz. Tekliflerimiz aras\u0131nda, ultrason ile hassas ve nazik bir s\u0327ekilde c\u0327al\u0131s\u0327an yenilikc\u0327i piezo cerrahisi bulunmaktad\u0131r ve bu, size rahat bir tedavi deneyimi sag\u0306lar. Bu prosedu\u0308r, hem sert hem de yumus\u0327ak dokular\u0131 etkili [&hellip;]\" \/>\n<meta property=\"og:url\" content=\"https:\/\/www.zahnarztpraxis-talesnik.de\/tr\/agiz-cerrahisi-ve-implantoloji\/\" \/>\n<meta property=\"og:site_name\" content=\"Zahn\u00e4rzte Dr. medic. stom. Irina &amp; Felix Talesnik\" \/>\n<meta property=\"article:modified_time\" content=\"2024-07-12T09:48:51+00:00\" \/>\n<meta property=\"og:image\" content=\"https:\/\/dental.holypapa.com\/wp-content\/uploads\/2024\/06\/Oralchirurgie.png\" \/>\n<meta name=\"twitter:card\" content=\"summary_large_image\" \/>\n<meta name=\"twitter:label1\" content=\"Tahmini okuma s\u00fcresi\" \/>\n\t<meta name=\"twitter:data1\" content=\"2 dakika\" \/>\n<script type=\"application\/ld+json\" class=\"yoast-schema-graph\">{\"@context\":\"https:\/\/schema.org\",\"@graph\":[{\"@type\":\"WebPage\",\"@id\":\"https:\/\/www.zahnarztpraxis-talesnik.de\/tr\/agiz-cerrahisi-ve-implantoloji\/\",\"url\":\"https:\/\/www.zahnarztpraxis-talesnik.de\/tr\/agiz-cerrahisi-ve-implantoloji\/\",\"name\":\"Zahn\u00e4rzte Dr. medic. stom. Irina & Felix Talesnik\",\"isPartOf\":{\"@id\":\"https:\/\/www.zahnarztpraxis-talesnik.de\/#website\"},\"primaryImageOfPage\":{\"@id\":\"https:\/\/www.zahnarztpraxis-talesnik.de\/tr\/agiz-cerrahisi-ve-implantoloji\/#primaryimage\"},\"image\":{\"@id\":\"https:\/\/www.zahnarztpraxis-talesnik.de\/tr\/agiz-cerrahisi-ve-implantoloji\/#primaryimage\"},\"thumbnailUrl\":\"https:\/\/dental.holypapa.com\/wp-content\/uploads\/2024\/06\/Oralchirurgie.png\",\"datePublished\":\"2024-06-17T19:13:02+00:00\",\"dateModified\":\"2024-07-12T09:48:51+00:00\",\"breadcrumb\":{\"@id\":\"https:\/\/www.zahnarztpraxis-talesnik.de\/tr\/agiz-cerrahisi-ve-implantoloji\/#breadcrumb\"},\"inLanguage\":\"tr\",\"potentialAction\":[{\"@type\":\"ReadAction\",\"target\":[\"https:\/\/www.zahnarztpraxis-talesnik.de\/tr\/agiz-cerrahisi-ve-implantoloji\/\"]}]},{\"@type\":\"ImageObject\",\"inLanguage\":\"tr\",\"@id\":\"https:\/\/www.zahnarztpraxis-talesnik.de\/tr\/agiz-cerrahisi-ve-implantoloji\/#primaryimage\",\"url\":\"https:\/\/dental.holypapa.com\/wp-content\/uploads\/2024\/06\/Oralchirurgie.png\",\"contentUrl\":\"https:\/\/dental.holypapa.com\/wp-content\/uploads\/2024\/06\/Oralchirurgie.png\"},{\"@type\":\"BreadcrumbList\",\"@id\":\"https:\/\/www.zahnarztpraxis-talesnik.de\/tr\/agiz-cerrahisi-ve-implantoloji\/#breadcrumb\",\"itemListElement\":[{\"@type\":\"ListItem\",\"position\":1,\"name\":\"Home\",\"item\":\"https:\/\/www.zahnarztpraxis-talesnik.de\/tr\/\"},{\"@type\":\"ListItem\",\"position\":2,\"name\":\"A\u011f\u0131z Cerrahisi ve \u0130mplantoloji\"}]},{\"@type\":\"WebSite\",\"@id\":\"https:\/\/www.zahnarztpraxis-talesnik.de\/#website\",\"url\":\"https:\/\/www.zahnarztpraxis-talesnik.de\/\",\"name\":\"Zahnarztpraxis Dr. medic. stom. Irina & Felix Talesnik\",\"description\":\"\",\"potentialAction\":[{\"@type\":\"SearchAction\",\"target\":{\"@type\":\"EntryPoint\",\"urlTemplate\":\"https:\/\/www.zahnarztpraxis-talesnik.de\/?s={search_term_string}\"},\"query-input\":\"required name=search_term_string\"}],\"inLanguage\":\"tr\"}]}<\/script>\n<!-- \/ Yoast SEO plugin. -->","yoast_head_json":{"title":"Zahn\u00e4rzte Dr. medic. stom. Irina & Felix Talesnik","robots":{"index":"index","follow":"follow","max-snippet":"max-snippet:-1","max-image-preview":"max-image-preview:large","max-video-preview":"max-video-preview:-1"},"canonical":"https:\/\/www.zahnarztpraxis-talesnik.de\/tr\/agiz-cerrahisi-ve-implantoloji\/","og_locale":"tr_TR","og_type":"article","og_title":"Zahn\u00e4rzte Dr. medic. stom. Irina & Felix Talesnik","og_description":"A\u011f\u0131z Cerrahisi ve \u0130mplantoloji +49 30 621 40 86 WhatsApp \u015eimdi Randevu Al\u0131n! Dis\u0327 klinig\u0306imizde genis\u0327 bir ag\u0306\u0131z cerrahisi ve implantoloji hizmetleri yelpazesi sunuyoruz. Tekliflerimiz aras\u0131nda, ultrason ile hassas ve nazik bir s\u0327ekilde c\u0327al\u0131s\u0327an yenilikc\u0327i piezo cerrahisi bulunmaktad\u0131r ve bu, size rahat bir tedavi deneyimi sag\u0306lar. Bu prosedu\u0308r, hem sert hem de yumus\u0327ak dokular\u0131 etkili [&hellip;]","og_url":"https:\/\/www.zahnarztpraxis-talesnik.de\/tr\/agiz-cerrahisi-ve-implantoloji\/","og_site_name":"Zahn\u00e4rzte Dr. medic. stom. Irina &amp; Felix Talesnik","article_modified_time":"2024-07-12T09:48:51+00:00","og_image":[{"url":"https:\/\/dental.holypapa.com\/wp-content\/uploads\/2024\/06\/Oralchirurgie.png"}],"twitter_card":"summary_large_image","twitter_misc":{"Tahmini okuma s\u00fcresi":"2 dakika"},"schema":{"@context":"https:\/\/schema.org","@graph":[{"@type":"WebPage","@id":"https:\/\/www.zahnarztpraxis-talesnik.de\/tr\/agiz-cerrahisi-ve-implantoloji\/","url":"https:\/\/www.zahnarztpraxis-talesnik.de\/tr\/agiz-cerrahisi-ve-implantoloji\/","name":"Zahn\u00e4rzte Dr. medic. stom. Irina & Felix Talesnik","isPartOf":{"@id":"https:\/\/www.zahnarztpraxis-talesnik.de\/#website"},"primaryImageOfPage":{"@id":"https:\/\/www.zahnarztpraxis-talesnik.de\/tr\/agiz-cerrahisi-ve-implantoloji\/#primaryimage"},"image":{"@id":"https:\/\/www.zahnarztpraxis-talesnik.de\/tr\/agiz-cerrahisi-ve-implantoloji\/#primaryimage"},"thumbnailUrl":"https:\/\/dental.holypapa.com\/wp-content\/uploads\/2024\/06\/Oralchirurgie.png","datePublished":"2024-06-17T19:13:02+00:00","dateModified":"2024-07-12T09:48:51+00:00","breadcrumb":{"@id":"https:\/\/www.zahnarztpraxis-talesnik.de\/tr\/agiz-cerrahisi-ve-implantoloji\/#breadcrumb"},"inLanguage":"tr","potentialAction":[{"@type":"ReadAction","target":["https:\/\/www.zahnarztpraxis-talesnik.de\/tr\/agiz-cerrahisi-ve-implantoloji\/"]}]},{"@type":"ImageObject","inLanguage":"tr","@id":"https:\/\/www.zahnarztpraxis-talesnik.de\/tr\/agiz-cerrahisi-ve-implantoloji\/#primaryimage","url":"https:\/\/dental.holypapa.com\/wp-content\/uploads\/2024\/06\/Oralchirurgie.png","contentUrl":"https:\/\/dental.holypapa.com\/wp-content\/uploads\/2024\/06\/Oralchirurgie.png"},{"@type":"BreadcrumbList","@id":"https:\/\/www.zahnarztpraxis-talesnik.de\/tr\/agiz-cerrahisi-ve-implantoloji\/#breadcrumb","itemListElement":[{"@type":"ListItem","position":1,"name":"Home","item":"https:\/\/www.zahnarztpraxis-talesnik.de\/tr\/"},{"@type":"ListItem","position":2,"name":"A\u011f\u0131z Cerrahisi ve \u0130mplantoloji"}]},{"@type":"WebSite","@id":"https:\/\/www.zahnarztpraxis-talesnik.de\/#website","url":"https:\/\/www.zahnarztpraxis-talesnik.de\/","name":"Zahnarztpraxis Dr. medic. stom. Irina & Felix Talesnik","description":"","potentialAction":[{"@type":"SearchAction","target":{"@type":"EntryPoint","urlTemplate":"https:\/\/www.zahnarztpraxis-talesnik.de\/?s={search_term_string}"},"query-input":"required name=search_term_string"}],"inLanguage":"tr"}]}},"_links":{"self":[{"href":"https:\/\/www.zahnarztpraxis-talesnik.de\/tr\/wp-json\/wp\/v2\/pages\/1782","targetHints":{"allow":["GET"]}}],"collection":[{"href":"https:\/\/www.zahnarztpraxis-talesnik.de\/tr\/wp-json\/wp\/v2\/pages"}],"about":[{"href":"https:\/\/www.zahnarztpraxis-talesnik.de\/tr\/wp-json\/wp\/v2\/types\/page"}],"author":[{"embeddable":true,"href":"https:\/\/www.zahnarztpraxis-talesnik.de\/tr\/wp-json\/wp\/v2\/users\/2"}],"replies":[{"embeddable":true,"href":"https:\/\/www.zahnarztpraxis-talesnik.de\/tr\/wp-json\/wp\/v2\/comments?post=1782"}],"version-history":[{"count":11,"href":"https:\/\/www.zahnarztpraxis-talesnik.de\/tr\/wp-json\/wp\/v2\/pages\/1782\/revisions"}],"predecessor-version":[{"id":3649,"href":"https:\/\/www.zahnarztpraxis-talesnik.de\/tr\/wp-json\/wp\/v2\/pages\/1782\/revisions\/3649"}],"wp:attachment":[{"href":"https:\/\/www.zahnarztpraxis-talesnik.de\/tr\/wp-json\/wp\/v2\/media?parent=1782"}],"curies":[{"name":"wp","href":"https:\/\/api.w.org\/{rel}","templated":true}]}}