{"id":1889,"date":"2024-06-17T21:13:26","date_gmt":"2024-06-17T19:13:26","guid":{"rendered":"https:\/\/dental.holypapa.com\/?page_id=1889"},"modified":"2024-07-12T12:00:11","modified_gmt":"2024-07-12T10:00:11","slug":"ozel-ihtiyaclari-olan-hastalar","status":"publish","type":"page","link":"https:\/\/www.zahnarztpraxis-talesnik.de\/tr\/ozel-ihtiyaclari-olan-hastalar\/","title":{"rendered":"\u00d6zel ihtiya\u00e7lar\u0131 olan hastalar"},"content":{"rendered":"\t\t<div data-elementor-type=\"wp-page\" data-elementor-id=\"1889\" class=\"elementor elementor-1889 elementor-476\">\n\t\t\t\t<div class=\"elementor-element elementor-element-427b7b51 e-con-full relative e-flex e-con e-parent\" data-id=\"427b7b51\" data-element_type=\"container\" data-settings=\"{&quot;background_background&quot;:&quot;classic&quot;}\">\n\t\t<div class=\"elementor-element elementor-element-54d9057e e-flex e-con-boxed e-con e-child\" data-id=\"54d9057e\" data-element_type=\"container\" data-settings=\"{&quot;background_background&quot;:&quot;classic&quot;}\">\n\t\t\t\t\t<div class=\"e-con-inner\">\n\t\t<div class=\"elementor-element elementor-element-1024eb49 e-flex e-con-boxed e-con e-child\" data-id=\"1024eb49\" data-element_type=\"container\">\n\t\t\t\t\t<div class=\"e-con-inner\">\n\t\t\t\t<div class=\"elementor-element elementor-element-2c7021da h1-top color-grey elementor-widget elementor-widget-text-editor\" data-id=\"2c7021da\" data-element_type=\"widget\" data-widget_type=\"text-editor.default\">\n\t\t\t\t<div class=\"elementor-widget-container\">\n\t\t\t<style>\/*! elementor - v3.23.0 - 15-07-2024 *\/\n.elementor-widget-text-editor.elementor-drop-cap-view-stacked .elementor-drop-cap{background-color:#69727d;color:#fff}.elementor-widget-text-editor.elementor-drop-cap-view-framed .elementor-drop-cap{color:#69727d;border:3px solid;background-color:transparent}.elementor-widget-text-editor:not(.elementor-drop-cap-view-default) .elementor-drop-cap{margin-top:8px}.elementor-widget-text-editor:not(.elementor-drop-cap-view-default) .elementor-drop-cap-letter{width:1em;height:1em}.elementor-widget-text-editor .elementor-drop-cap{float:left;text-align:center;line-height:1;font-size:50px}.elementor-widget-text-editor .elementor-drop-cap-letter{display:inline-block}<\/style>\t\t\t\t<h1><span data-sheets-root=\"1\">\u00d6zel ihtiya\u00e7lar\u0131 olan hastalar<\/span><\/h1>\t\t\t\t\t\t<\/div>\n\t\t\t\t<\/div>\n\t\t\t\t<div class=\"elementor-element elementor-element-6f755eb2 elementor-widget elementor-widget-html\" data-id=\"6f755eb2\" data-element_type=\"widget\" data-widget_type=\"html.default\">\n\t\t\t\t<div class=\"elementor-widget-container\">\n\t\t\t<div class=\"buttons__block\">\n\t<a href=\"tel:+49306214086\" class=\"button button--white-2\" target=\"_blank\">+49 30 621 40 86<\/a>\n\t<a href=\"https:\/\/wa.me\/4915115945994\" class=\"button button--white-2\" target=\"_blank\">WhatsApp<\/a>\n\t<a href=\"https:\/\/www.doctolib.de\/praxis\/berlin\/zahnarztpraxis-felix-und-dr-irina-talesnik\/\" class=\"button button--white-2\" target=\"_blank\">\u015eimdi Randevu Al\u0131n!<\/a>\n<\/div>\t\t<\/div>\n\t\t\t\t<\/div>\n\t\t\t\t\t<\/div>\n\t\t\t\t<\/div>\n\t\t<div class=\"elementor-element elementor-element-7ba3c76b e-flex e-con-boxed e-con e-child\" data-id=\"7ba3c76b\" data-element_type=\"container\">\n\t\t\t\t\t<div class=\"e-con-inner\">\n\t\t\t\t<div class=\"elementor-element elementor-element-563267a3 elementor-widget elementor-widget-image\" data-id=\"563267a3\" data-element_type=\"widget\" data-widget_type=\"image.default\">\n\t\t\t\t<div class=\"elementor-widget-container\">\n\t\t\t<style>\/*! elementor - v3.23.0 - 15-07-2024 *\/\n.elementor-widget-image{text-align:center}.elementor-widget-image a{display:inline-block}.elementor-widget-image a img[src$=\".svg\"]{width:48px}.elementor-widget-image img{vertical-align:middle;display:inline-block}<\/style>\t\t\t\t\t\t\t\t\t\t<img fetchpriority=\"high\" decoding=\"async\" width=\"640\" height=\"555\" src=\"https:\/\/www.zahnarztpraxis-talesnik.de\/wp-content\/uploads\/2024\/06\/Patientenmb.png\" class=\"attachment-large size-large wp-image-785\" alt=\"\" srcset=\"https:\/\/www.zahnarztpraxis-talesnik.de\/wp-content\/uploads\/2024\/06\/Patientenmb.png 1002w, https:\/\/www.zahnarztpraxis-talesnik.de\/wp-content\/uploads\/2024\/06\/Patientenmb-300x260.png 300w, https:\/\/www.zahnarztpraxis-talesnik.de\/wp-content\/uploads\/2024\/06\/Patientenmb-768x666.png 768w\" sizes=\"(max-width: 640px) 100vw, 640px\" \/>\t\t\t\t\t\t\t\t\t\t\t\t\t<\/div>\n\t\t\t\t<\/div>\n\t\t\t\t\t<\/div>\n\t\t\t\t<\/div>\n\t\t\t\t\t<\/div>\n\t\t\t\t<\/div>\n\t\t\t\t<div class=\"elementor-element elementor-element-49999c74 absolute poa2 elementor-hidden-mobile elementor-widget elementor-widget-html\" data-id=\"49999c74\" data-element_type=\"widget\" data-widget_type=\"html.default\">\n\t\t\t\t<div class=\"elementor-widget-container\">\n\t\t\t<div class=\"triangle-bottomright\"><\/div>\t\t<\/div>\n\t\t\t\t<\/div>\n\t\t\t\t<\/div>\n\t\t<div class=\"elementor-element elementor-element-74045c0f e-flex e-con-boxed e-con e-parent\" data-id=\"74045c0f\" data-element_type=\"container\">\n\t\t\t\t\t<div class=\"e-con-inner\">\n\t\t<div class=\"elementor-element elementor-element-530967f6 e-con-full e-flex e-con e-child\" data-id=\"530967f6\" data-element_type=\"container\">\n\t\t\t\t<div class=\"elementor-element elementor-element-4b2706bf elementor-widget elementor-widget-text-editor\" data-id=\"4b2706bf\" data-element_type=\"widget\" data-widget_type=\"text-editor.default\">\n\t\t\t\t<div class=\"elementor-widget-container\">\n\t\t\t\t\t\t\t<div class=\"page\" title=\"Page 7\"><div class=\"section\"><div class=\"layoutArea\"><div class=\"column\"><p>Dis\u0327 klinig\u0306imiz, o\u0308zel ihtiyac\u0327lar\u0131 olan hastalar ic\u0327in kapsaml\u0131 dis\u0327 hizmetleri sunmaktad\u0131r. Buna fiziksel, zihinsel veya duyusal engelleri olan kis\u0327iler ile kayg\u0131l\u0131 hastalar ve hamile kad\u0131nlar dahildir. Her hastaya bireysel ve duyarl\u0131 bir tedavi sunmay\u0131 hedefliyoruz.<\/p><\/div><\/div><\/div><\/div>\t\t\t\t\t\t<\/div>\n\t\t\t\t<\/div>\n\t\t\t\t<\/div>\n\t\t<div class=\"elementor-element elementor-element-116b450c e-con-full e-flex e-con e-child\" data-id=\"116b450c\" data-element_type=\"container\">\n\t\t\t\t<div class=\"elementor-element elementor-element-1c6076f3 elementor-widget elementor-widget-image\" data-id=\"1c6076f3\" data-element_type=\"widget\" data-widget_type=\"image.default\">\n\t\t\t\t<div class=\"elementor-widget-container\">\n\t\t\t\t\t\t\t\t\t\t\t\t\t<img decoding=\"async\" width=\"640\" height=\"555\" src=\"https:\/\/www.zahnarztpraxis-talesnik.de\/wp-content\/uploads\/2024\/06\/Patientenmb2.png\" class=\"attachment-large size-large wp-image-786\" alt=\"\" srcset=\"https:\/\/www.zahnarztpraxis-talesnik.de\/wp-content\/uploads\/2024\/06\/Patientenmb2.png 1002w, https:\/\/www.zahnarztpraxis-talesnik.de\/wp-content\/uploads\/2024\/06\/Patientenmb2-300x260.png 300w, https:\/\/www.zahnarztpraxis-talesnik.de\/wp-content\/uploads\/2024\/06\/Patientenmb2-768x666.png 768w\" sizes=\"(max-width: 640px) 100vw, 640px\" \/>\t\t\t\t\t\t\t\t\t\t\t\t\t<\/div>\n\t\t\t\t<\/div>\n\t\t\t\t<\/div>\n\t\t\t\t\t<\/div>\n\t\t\t\t<\/div>\n\t\t<div class=\"elementor-element elementor-element-2ea6eb2d e-flex e-con-boxed e-con e-parent\" data-id=\"2ea6eb2d\" data-element_type=\"container\">\n\t\t\t\t\t<div class=\"e-con-inner\">\n\t\t<div class=\"elementor-element elementor-element-1d3c6911 e-con-full e-flex e-con e-child\" data-id=\"1d3c6911\" data-element_type=\"container\">\n\t\t\t\t<div class=\"elementor-element elementor-element-6442757 elementor-widget elementor-widget-image\" data-id=\"6442757\" data-element_type=\"widget\" data-widget_type=\"image.default\">\n\t\t\t\t<div class=\"elementor-widget-container\">\n\t\t\t\t\t\t\t\t\t\t\t\t\t<img decoding=\"async\" width=\"640\" height=\"555\" src=\"https:\/\/www.zahnarztpraxis-talesnik.de\/wp-content\/uploads\/2024\/06\/Patientenmb3.png\" class=\"attachment-large size-large wp-image-787\" alt=\"\" srcset=\"https:\/\/www.zahnarztpraxis-talesnik.de\/wp-content\/uploads\/2024\/06\/Patientenmb3.png 1002w, https:\/\/www.zahnarztpraxis-talesnik.de\/wp-content\/uploads\/2024\/06\/Patientenmb3-300x260.png 300w, https:\/\/www.zahnarztpraxis-talesnik.de\/wp-content\/uploads\/2024\/06\/Patientenmb3-768x666.png 768w\" sizes=\"(max-width: 640px) 100vw, 640px\" \/>\t\t\t\t\t\t\t\t\t\t\t\t\t<\/div>\n\t\t\t\t<\/div>\n\t\t\t\t<\/div>\n\t\t<div class=\"elementor-element elementor-element-51662e05 e-con-full e-flex e-con e-child\" data-id=\"51662e05\" data-element_type=\"container\">\n\t\t\t\t<div class=\"elementor-element elementor-element-fadea28 elementor-widget elementor-widget-text-editor\" data-id=\"fadea28\" data-element_type=\"widget\" data-widget_type=\"text-editor.default\">\n\t\t\t\t<div class=\"elementor-widget-container\">\n\t\t\t\t\t\t\t<div class=\"page\" title=\"Page 7\"><div class=\"section\"><div class=\"layoutArea\"><div class=\"column\"><h2>Kayg\u0131l\u0131 hastalar\u0131n tedavisi<\/h2><p>Terapilerimizi sakin bir atmosferde, tercihen gu\u0308nu\u0308n sonunda, daha az hastan\u0131n oldug\u0306u zamanlarda sunuyoruz. I\u0307steg\u0306e bag\u0306l\u0131 olarak, tedavi s\u0131ras\u0131nda c\u0327anak c\u0327alg\u0131 mu\u0308zig\u0306i veya klasik mu\u0308zik gibi sakinles\u0327tirici mu\u0308zikler c\u0327al\u0131yoruz.<\/p><h2>Genel anestezi ve sedasyon<\/h2><p>Gerekirse, tedavileri genel anestezi veya sedasyon alt\u0131nda gerc\u0327ekles\u0327tirebiliriz, bo\u0308ylece is\u0327lemi mu\u0308mku\u0308n oldug\u0306unca stressiz hale getirebiliriz.<\/p><\/div><\/div><\/div><\/div>\t\t\t\t\t\t<\/div>\n\t\t\t\t<\/div>\n\t\t\t\t<\/div>\n\t\t\t\t\t<\/div>\n\t\t\t\t<\/div>\n\t\t<div class=\"elementor-element elementor-element-61ad4d93 e-flex e-con-boxed e-con e-parent\" data-id=\"61ad4d93\" data-element_type=\"container\">\n\t\t\t\t\t<div class=\"e-con-inner\">\n\t\t\t\t<div class=\"elementor-element elementor-element-63a8fb1 elementor-widget elementor-widget-text-editor\" data-id=\"63a8fb1\" data-element_type=\"widget\" data-widget_type=\"text-editor.default\">\n\t\t\t\t<div class=\"elementor-widget-container\">\n\t\t\t\t\t\t\t<div class=\"page\" title=\"Page 7\">\n<div class=\"section\">\n<div class=\"layoutArea\">\n<div class=\"column\">\n<h2>Ev ziyaretleri<\/h2>\n<p>Hareket k\u0131s\u0131tl\u0131l\u0131g\u0306\u0131 olan, o\u0308zellikle yas\u0327l\u0131 hastalar ic\u0327in ev ziyaretleri sunuyoruz. Bu ziyaretleri hem evde hem de bak\u0131m evlerinde gerc\u0327ekles\u0327tiriyoruz.<\/p>\n<\/div>\n<\/div>\n<div class=\"layoutArea\">\n<div class=\"column\">\n<h2>Engelsiz donan\u0131m<\/h2>\n<\/div>\n<\/div>\n<\/div>\n<\/div>\n<div class=\"page\" title=\"Page 8\">\n<div class=\"section\">\n<div class=\"layoutArea\">\n<div class=\"column\">\n<p>Klinikimiz zemin katta yer almakta olup eris\u0327ilebilir olacak s\u0327ekilde donat\u0131lm\u0131s\u0327t\u0131r. O\u0308nceden bildirim yap\u0131ld\u0131g\u0306\u0131nda en iyi eris\u0327imi sag\u0306lamaya c\u0327al\u0131s\u0327\u0131yoruz.<\/p>\n<h2>Tekerlekli sandalyede tedavi<\/h2>\n<p>Ku\u0308c\u0327u\u0308k mu\u0308dahaleler dog\u0306rudan tekerlekli sandalyede gerc\u0327ekles\u0327tirilebilir. Tedavi u\u0308nitelerimiz 135 kg&#8217;a kadar olan hastalar ic\u0327in onaylanm\u0131s\u0327t\u0131r.<\/p>\n<h2>Tas\u0327\u0131ma organizasyonu<\/h2>\n<p>Tedavi sonras\u0131 t\u0131bbi tas\u0327\u0131ma veya taksi ile iletis\u0327im kurman\u0131zda size destek oluyoruz, bo\u0308ylece gu\u0308venli ve zaman\u0131nda eve do\u0308nmenizi sag\u0306l\u0131yoruz.<\/p>\n<p>Amac\u0131m\u0131z, her hastaya rahat ve stressiz bir tedavi deneyimi sunmakt\u0131r. Daha fazla bilgi veya randevu almak ic\u0327in bizimle iletis\u0327ime gec\u0327mekten c\u0327ekinmeyin.<\/p>\n<\/div>\n<\/div>\n<\/div>\n<\/div>\t\t\t\t\t\t<\/div>\n\t\t\t\t<\/div>\n\t\t\t\t\t<\/div>\n\t\t\t\t<\/div>\n\t\t\t\t<\/div>\n\t\t","protected":false},"excerpt":{"rendered":"<p>\u00d6zel ihtiya\u00e7lar\u0131 olan hastalar +49 30 621 40 86 WhatsApp \u015eimdi Randevu Al\u0131n! Dis\u0327 klinig\u0306imiz, o\u0308zel ihtiyac\u0327lar\u0131 olan hastalar ic\u0327in kapsaml\u0131 dis\u0327 hizmetleri sunmaktad\u0131r. Buna fiziksel, zihinsel veya duyusal engelleri olan kis\u0327iler ile kayg\u0131l\u0131 hastalar ve hamile kad\u0131nlar dahildir. Her hastaya bireysel ve duyarl\u0131 bir tedavi sunmay\u0131 hedefliyoruz. Kayg\u0131l\u0131 hastalar\u0131n tedavisi Terapilerimizi sakin bir atmosferde, [&hellip;]<\/p>\n","protected":false},"author":2,"featured_media":0,"parent":0,"menu_order":0,"comment_status":"closed","ping_status":"closed","template":"","meta":{"_acf_changed":false,"inline_featured_image":false,"footnotes":""},"class_list":["post-1889","page","type-page","status-publish","hentry"],"acf":[],"yoast_head":"<!-- This site is optimized with the Yoast SEO plugin v23.0 - https:\/\/yoast.com\/wordpress\/plugins\/seo\/ -->\n<title>Zahn\u00e4rzte Dr. medic. stom. Irina &amp; Felix Talesnik<\/title>\n<meta name=\"robots\" content=\"index, follow, max-snippet:-1, max-image-preview:large, max-video-preview:-1\" \/>\n<link rel=\"canonical\" href=\"https:\/\/www.zahnarztpraxis-talesnik.de\/tr\/ozel-ihtiyaclari-olan-hastalar\/\" \/>\n<meta property=\"og:locale\" content=\"tr_TR\" \/>\n<meta property=\"og:type\" content=\"article\" \/>\n<meta property=\"og:title\" content=\"Zahn\u00e4rzte Dr. medic. stom. Irina &amp; Felix Talesnik\" \/>\n<meta property=\"og:description\" content=\"\u00d6zel ihtiya\u00e7lar\u0131 olan hastalar +49 30 621 40 86 WhatsApp \u015eimdi Randevu Al\u0131n! Dis\u0327 klinig\u0306imiz, o\u0308zel ihtiyac\u0327lar\u0131 olan hastalar ic\u0327in kapsaml\u0131 dis\u0327 hizmetleri sunmaktad\u0131r. Buna fiziksel, zihinsel veya duyusal engelleri olan kis\u0327iler ile kayg\u0131l\u0131 hastalar ve hamile kad\u0131nlar dahildir. Her hastaya bireysel ve duyarl\u0131 bir tedavi sunmay\u0131 hedefliyoruz. Kayg\u0131l\u0131 hastalar\u0131n tedavisi Terapilerimizi sakin bir atmosferde, [&hellip;]\" \/>\n<meta property=\"og:url\" content=\"https:\/\/www.zahnarztpraxis-talesnik.de\/tr\/ozel-ihtiyaclari-olan-hastalar\/\" \/>\n<meta property=\"og:site_name\" content=\"Zahn\u00e4rzte Dr. medic. stom. Irina &amp; Felix Talesnik\" \/>\n<meta property=\"article:modified_time\" content=\"2024-07-12T10:00:11+00:00\" \/>\n<meta property=\"og:image\" content=\"https:\/\/dental.holypapa.com\/wp-content\/uploads\/2024\/06\/Patientenmb.png\" \/>\n<meta name=\"twitter:card\" content=\"summary_large_image\" \/>\n<meta name=\"twitter:label1\" content=\"Tahmini okuma s\u00fcresi\" \/>\n\t<meta name=\"twitter:data1\" content=\"2 dakika\" \/>\n<script type=\"application\/ld+json\" class=\"yoast-schema-graph\">{\"@context\":\"https:\/\/schema.org\",\"@graph\":[{\"@type\":\"WebPage\",\"@id\":\"https:\/\/www.zahnarztpraxis-talesnik.de\/tr\/ozel-ihtiyaclari-olan-hastalar\/\",\"url\":\"https:\/\/www.zahnarztpraxis-talesnik.de\/tr\/ozel-ihtiyaclari-olan-hastalar\/\",\"name\":\"Zahn\u00e4rzte Dr. medic. stom. Irina & Felix Talesnik\",\"isPartOf\":{\"@id\":\"https:\/\/www.zahnarztpraxis-talesnik.de\/#website\"},\"primaryImageOfPage\":{\"@id\":\"https:\/\/www.zahnarztpraxis-talesnik.de\/tr\/ozel-ihtiyaclari-olan-hastalar\/#primaryimage\"},\"image\":{\"@id\":\"https:\/\/www.zahnarztpraxis-talesnik.de\/tr\/ozel-ihtiyaclari-olan-hastalar\/#primaryimage\"},\"thumbnailUrl\":\"https:\/\/dental.holypapa.com\/wp-content\/uploads\/2024\/06\/Patientenmb.png\",\"datePublished\":\"2024-06-17T19:13:26+00:00\",\"dateModified\":\"2024-07-12T10:00:11+00:00\",\"breadcrumb\":{\"@id\":\"https:\/\/www.zahnarztpraxis-talesnik.de\/tr\/ozel-ihtiyaclari-olan-hastalar\/#breadcrumb\"},\"inLanguage\":\"tr\",\"potentialAction\":[{\"@type\":\"ReadAction\",\"target\":[\"https:\/\/www.zahnarztpraxis-talesnik.de\/tr\/ozel-ihtiyaclari-olan-hastalar\/\"]}]},{\"@type\":\"ImageObject\",\"inLanguage\":\"tr\",\"@id\":\"https:\/\/www.zahnarztpraxis-talesnik.de\/tr\/ozel-ihtiyaclari-olan-hastalar\/#primaryimage\",\"url\":\"https:\/\/dental.holypapa.com\/wp-content\/uploads\/2024\/06\/Patientenmb.png\",\"contentUrl\":\"https:\/\/dental.holypapa.com\/wp-content\/uploads\/2024\/06\/Patientenmb.png\"},{\"@type\":\"BreadcrumbList\",\"@id\":\"https:\/\/www.zahnarztpraxis-talesnik.de\/tr\/ozel-ihtiyaclari-olan-hastalar\/#breadcrumb\",\"itemListElement\":[{\"@type\":\"ListItem\",\"position\":1,\"name\":\"Home\",\"item\":\"https:\/\/www.zahnarztpraxis-talesnik.de\/tr\/\"},{\"@type\":\"ListItem\",\"position\":2,\"name\":\"\u00d6zel ihtiya\u00e7lar\u0131 olan hastalar\"}]},{\"@type\":\"WebSite\",\"@id\":\"https:\/\/www.zahnarztpraxis-talesnik.de\/#website\",\"url\":\"https:\/\/www.zahnarztpraxis-talesnik.de\/\",\"name\":\"Zahnarztpraxis Dr. medic. stom. Irina & Felix Talesnik\",\"description\":\"\",\"potentialAction\":[{\"@type\":\"SearchAction\",\"target\":{\"@type\":\"EntryPoint\",\"urlTemplate\":\"https:\/\/www.zahnarztpraxis-talesnik.de\/?s={search_term_string}\"},\"query-input\":\"required name=search_term_string\"}],\"inLanguage\":\"tr\"}]}<\/script>\n<!-- \/ Yoast SEO plugin. -->","yoast_head_json":{"title":"Zahn\u00e4rzte Dr. medic. stom. Irina & Felix Talesnik","robots":{"index":"index","follow":"follow","max-snippet":"max-snippet:-1","max-image-preview":"max-image-preview:large","max-video-preview":"max-video-preview:-1"},"canonical":"https:\/\/www.zahnarztpraxis-talesnik.de\/tr\/ozel-ihtiyaclari-olan-hastalar\/","og_locale":"tr_TR","og_type":"article","og_title":"Zahn\u00e4rzte Dr. medic. stom. Irina & Felix Talesnik","og_description":"\u00d6zel ihtiya\u00e7lar\u0131 olan hastalar +49 30 621 40 86 WhatsApp \u015eimdi Randevu Al\u0131n! Dis\u0327 klinig\u0306imiz, o\u0308zel ihtiyac\u0327lar\u0131 olan hastalar ic\u0327in kapsaml\u0131 dis\u0327 hizmetleri sunmaktad\u0131r. Buna fiziksel, zihinsel veya duyusal engelleri olan kis\u0327iler ile kayg\u0131l\u0131 hastalar ve hamile kad\u0131nlar dahildir. Her hastaya bireysel ve duyarl\u0131 bir tedavi sunmay\u0131 hedefliyoruz. Kayg\u0131l\u0131 hastalar\u0131n tedavisi Terapilerimizi sakin bir atmosferde, [&hellip;]","og_url":"https:\/\/www.zahnarztpraxis-talesnik.de\/tr\/ozel-ihtiyaclari-olan-hastalar\/","og_site_name":"Zahn\u00e4rzte Dr. medic. stom. Irina &amp; Felix Talesnik","article_modified_time":"2024-07-12T10:00:11+00:00","og_image":[{"url":"https:\/\/dental.holypapa.com\/wp-content\/uploads\/2024\/06\/Patientenmb.png"}],"twitter_card":"summary_large_image","twitter_misc":{"Tahmini okuma s\u00fcresi":"2 dakika"},"schema":{"@context":"https:\/\/schema.org","@graph":[{"@type":"WebPage","@id":"https:\/\/www.zahnarztpraxis-talesnik.de\/tr\/ozel-ihtiyaclari-olan-hastalar\/","url":"https:\/\/www.zahnarztpraxis-talesnik.de\/tr\/ozel-ihtiyaclari-olan-hastalar\/","name":"Zahn\u00e4rzte Dr. medic. stom. Irina & Felix Talesnik","isPartOf":{"@id":"https:\/\/www.zahnarztpraxis-talesnik.de\/#website"},"primaryImageOfPage":{"@id":"https:\/\/www.zahnarztpraxis-talesnik.de\/tr\/ozel-ihtiyaclari-olan-hastalar\/#primaryimage"},"image":{"@id":"https:\/\/www.zahnarztpraxis-talesnik.de\/tr\/ozel-ihtiyaclari-olan-hastalar\/#primaryimage"},"thumbnailUrl":"https:\/\/dental.holypapa.com\/wp-content\/uploads\/2024\/06\/Patientenmb.png","datePublished":"2024-06-17T19:13:26+00:00","dateModified":"2024-07-12T10:00:11+00:00","breadcrumb":{"@id":"https:\/\/www.zahnarztpraxis-talesnik.de\/tr\/ozel-ihtiyaclari-olan-hastalar\/#breadcrumb"},"inLanguage":"tr","potentialAction":[{"@type":"ReadAction","target":["https:\/\/www.zahnarztpraxis-talesnik.de\/tr\/ozel-ihtiyaclari-olan-hastalar\/"]}]},{"@type":"ImageObject","inLanguage":"tr","@id":"https:\/\/www.zahnarztpraxis-talesnik.de\/tr\/ozel-ihtiyaclari-olan-hastalar\/#primaryimage","url":"https:\/\/dental.holypapa.com\/wp-content\/uploads\/2024\/06\/Patientenmb.png","contentUrl":"https:\/\/dental.holypapa.com\/wp-content\/uploads\/2024\/06\/Patientenmb.png"},{"@type":"BreadcrumbList","@id":"https:\/\/www.zahnarztpraxis-talesnik.de\/tr\/ozel-ihtiyaclari-olan-hastalar\/#breadcrumb","itemListElement":[{"@type":"ListItem","position":1,"name":"Home","item":"https:\/\/www.zahnarztpraxis-talesnik.de\/tr\/"},{"@type":"ListItem","position":2,"name":"\u00d6zel ihtiya\u00e7lar\u0131 olan hastalar"}]},{"@type":"WebSite","@id":"https:\/\/www.zahnarztpraxis-talesnik.de\/#website","url":"https:\/\/www.zahnarztpraxis-talesnik.de\/","name":"Zahnarztpraxis Dr. medic. stom. Irina & Felix Talesnik","description":"","potentialAction":[{"@type":"SearchAction","target":{"@type":"EntryPoint","urlTemplate":"https:\/\/www.zahnarztpraxis-talesnik.de\/?s={search_term_string}"},"query-input":"required name=search_term_string"}],"inLanguage":"tr"}]}},"_links":{"self":[{"href":"https:\/\/www.zahnarztpraxis-talesnik.de\/tr\/wp-json\/wp\/v2\/pages\/1889","targetHints":{"allow":["GET"]}}],"collection":[{"href":"https:\/\/www.zahnarztpraxis-talesnik.de\/tr\/wp-json\/wp\/v2\/pages"}],"about":[{"href":"https:\/\/www.zahnarztpraxis-talesnik.de\/tr\/wp-json\/wp\/v2\/types\/page"}],"author":[{"embeddable":true,"href":"https:\/\/www.zahnarztpraxis-talesnik.de\/tr\/wp-json\/wp\/v2\/users\/2"}],"replies":[{"embeddable":true,"href":"https:\/\/www.zahnarztpraxis-talesnik.de\/tr\/wp-json\/wp\/v2\/comments?post=1889"}],"version-history":[{"count":7,"href":"https:\/\/www.zahnarztpraxis-talesnik.de\/tr\/wp-json\/wp\/v2\/pages\/1889\/revisions"}],"predecessor-version":[{"id":3655,"href":"https:\/\/www.zahnarztpraxis-talesnik.de\/tr\/wp-json\/wp\/v2\/pages\/1889\/revisions\/3655"}],"wp:attachment":[{"href":"https:\/\/www.zahnarztpraxis-talesnik.de\/tr\/wp-json\/wp\/v2\/media?parent=1889"}],"curies":[{"name":"wp","href":"https:\/\/api.w.org\/{rel}","templated":true}]}}