{"id":1977,"date":"2024-06-17T21:13:45","date_gmt":"2024-06-17T19:13:45","guid":{"rendered":"https:\/\/dental.holypapa.com\/?page_id=1977"},"modified":"2024-07-12T12:00:47","modified_gmt":"2024-07-12T10:00:47","slug":"rontgen-tanilari","status":"publish","type":"page","link":"https:\/\/www.zahnarztpraxis-talesnik.de\/tr\/rontgen-tanilari\/","title":{"rendered":"R\u00f6ntgen Tan\u0131lar\u0131"},"content":{"rendered":"\t\t<div data-elementor-type=\"wp-page\" data-elementor-id=\"1977\" class=\"elementor elementor-1977 elementor-478\">\n\t\t\t\t<div class=\"elementor-element elementor-element-23056552 e-con-full relative e-flex e-con e-parent\" data-id=\"23056552\" data-element_type=\"container\" data-settings=\"{&quot;background_background&quot;:&quot;classic&quot;}\">\n\t\t<div class=\"elementor-element elementor-element-73e2fde0 e-flex e-con-boxed e-con e-child\" data-id=\"73e2fde0\" data-element_type=\"container\" data-settings=\"{&quot;background_background&quot;:&quot;classic&quot;}\">\n\t\t\t\t\t<div class=\"e-con-inner\">\n\t\t<div class=\"elementor-element elementor-element-35d23aef e-flex e-con-boxed e-con e-child\" data-id=\"35d23aef\" data-element_type=\"container\">\n\t\t\t\t\t<div class=\"e-con-inner\">\n\t\t\t\t<div class=\"elementor-element elementor-element-28927233 h1-top color-grey elementor-widget elementor-widget-text-editor\" data-id=\"28927233\" data-element_type=\"widget\" data-widget_type=\"text-editor.default\">\n\t\t\t\t<div class=\"elementor-widget-container\">\n\t\t\t<style>\/*! elementor - v3.23.0 - 15-07-2024 *\/\n.elementor-widget-text-editor.elementor-drop-cap-view-stacked .elementor-drop-cap{background-color:#69727d;color:#fff}.elementor-widget-text-editor.elementor-drop-cap-view-framed .elementor-drop-cap{color:#69727d;border:3px solid;background-color:transparent}.elementor-widget-text-editor:not(.elementor-drop-cap-view-default) .elementor-drop-cap{margin-top:8px}.elementor-widget-text-editor:not(.elementor-drop-cap-view-default) .elementor-drop-cap-letter{width:1em;height:1em}.elementor-widget-text-editor .elementor-drop-cap{float:left;text-align:center;line-height:1;font-size:50px}.elementor-widget-text-editor .elementor-drop-cap-letter{display:inline-block}<\/style>\t\t\t\t<h1><span data-sheets-root=\"1\">R\u00f6ntgen Tan\u0131lar\u0131<\/span><\/h1>\t\t\t\t\t\t<\/div>\n\t\t\t\t<\/div>\n\t\t\t\t<div class=\"elementor-element elementor-element-24372d0d elementor-widget elementor-widget-html\" data-id=\"24372d0d\" data-element_type=\"widget\" data-widget_type=\"html.default\">\n\t\t\t\t<div class=\"elementor-widget-container\">\n\t\t\t<div class=\"buttons__block\">\n\t<a href=\"tel:+49306214086\" class=\"button button--white-2\" target=\"_blank\">+49 30 621 40 86<\/a>\n\t<a href=\"https:\/\/wa.me\/4915115945994\" class=\"button button--white-2\" target=\"_blank\">WhatsApp<\/a>\n\t<a href=\"https:\/\/www.doctolib.de\/praxis\/berlin\/zahnarztpraxis-felix-und-dr-irina-talesnik\/\" class=\"button button--white-2\" target=\"_blank\">\u015eimdi Randevu Al\u0131n!<\/a>\n<\/div>\t\t<\/div>\n\t\t\t\t<\/div>\n\t\t\t\t\t<\/div>\n\t\t\t\t<\/div>\n\t\t<div class=\"elementor-element elementor-element-539343dc e-flex e-con-boxed e-con e-child\" data-id=\"539343dc\" data-element_type=\"container\">\n\t\t\t\t\t<div class=\"e-con-inner\">\n\t\t\t\t<div class=\"elementor-element elementor-element-57b5cf38 elementor-widget elementor-widget-image\" data-id=\"57b5cf38\" data-element_type=\"widget\" data-widget_type=\"image.default\">\n\t\t\t\t<div class=\"elementor-widget-container\">\n\t\t\t<style>\/*! elementor - v3.23.0 - 15-07-2024 *\/\n.elementor-widget-image{text-align:center}.elementor-widget-image a{display:inline-block}.elementor-widget-image a img[src$=\".svg\"]{width:48px}.elementor-widget-image img{vertical-align:middle;display:inline-block}<\/style>\t\t\t\t\t\t\t\t\t\t<img fetchpriority=\"high\" decoding=\"async\" width=\"640\" height=\"555\" src=\"https:\/\/www.zahnarztpraxis-talesnik.de\/wp-content\/uploads\/2024\/06\/Rontgendiagnostik.png\" class=\"attachment-large size-large wp-image-807\" alt=\"\" srcset=\"https:\/\/www.zahnarztpraxis-talesnik.de\/wp-content\/uploads\/2024\/06\/Rontgendiagnostik.png 1002w, https:\/\/www.zahnarztpraxis-talesnik.de\/wp-content\/uploads\/2024\/06\/Rontgendiagnostik-300x260.png 300w, https:\/\/www.zahnarztpraxis-talesnik.de\/wp-content\/uploads\/2024\/06\/Rontgendiagnostik-768x666.png 768w\" sizes=\"(max-width: 640px) 100vw, 640px\" \/>\t\t\t\t\t\t\t\t\t\t\t\t\t<\/div>\n\t\t\t\t<\/div>\n\t\t\t\t\t<\/div>\n\t\t\t\t<\/div>\n\t\t\t\t\t<\/div>\n\t\t\t\t<\/div>\n\t\t\t\t<div class=\"elementor-element elementor-element-1fdf1cc0 absolute poa2 elementor-hidden-mobile elementor-widget elementor-widget-html\" data-id=\"1fdf1cc0\" data-element_type=\"widget\" data-widget_type=\"html.default\">\n\t\t\t\t<div class=\"elementor-widget-container\">\n\t\t\t<div class=\"triangle-bottomright\"><\/div>\t\t<\/div>\n\t\t\t\t<\/div>\n\t\t\t\t<\/div>\n\t\t<div class=\"elementor-element elementor-element-15d6986f e-flex e-con-boxed e-con e-parent\" data-id=\"15d6986f\" data-element_type=\"container\">\n\t\t\t\t\t<div class=\"e-con-inner\">\n\t\t\t\t<div class=\"elementor-element elementor-element-3fdea49a elementor-widget elementor-widget-text-editor\" data-id=\"3fdea49a\" data-element_type=\"widget\" data-widget_type=\"text-editor.default\">\n\t\t\t\t<div class=\"elementor-widget-container\">\n\t\t\t\t\t\t\t<div class=\"page\" title=\"Page 2\">\n<div class=\"section\">\n<div class=\"layoutArea\">\n<div class=\"column\">\n<div class=\"page\" title=\"Page 1\">\n<div class=\"section\">\n<div class=\"layoutArea\">\n<div class=\"column\">\n<div class=\"page\" title=\"Page 5\">\n<div class=\"section\">\n<div class=\"layoutArea\">\n<div class=\"column\">\n<p>Dis\u0327 hekimlig\u0306i pratig\u0306imizde size en iyi tedaviyi sag\u0306lamak ic\u0327in kapsaml\u0131 ve modern ro\u0308ntgen tan\u0131lar\u0131 sunuyoruz.<\/p>\n<h2>Dijital intraoral ro\u0308ntgen tan\u0131s\u0131<\/h2>\n<p>Tamamen dijitalles\u0327tirilmis\u0327 ku\u0308c\u0327u\u0308k dis\u0327 filmleri kullanarak dog\u0306rudan pratisyende hassas intraoral ro\u0308ntgen go\u0308ru\u0308ntu\u0308leri olus\u0327turuyoruz. Bu teknik sayesinde dis\u0327lerinizin ve c\u0327evre dokular\u0131n detayl\u0131 go\u0308ru\u0308ntu\u0308lerini elde ederek c\u0327u\u0308ru\u0308kler, enfeksiyonlar ve dig\u0306er dis\u0327 sorunlar\u0131n\u0131 erken tespit etmemize olanak tan\u0131r.<\/p>\n<h2>Dijital panoramik ro\u0308ntgen tan\u0131s\u0131 (OPG)<\/h2>\n<p>Orthopantomogram\u0131m\u0131z (OPG) ile dijital panoramik ro\u0308ntgen go\u0308ru\u0308ntu\u0308leri u\u0308retiyoruz. Bu kapsaml\u0131 tarama u\u0308st ve alt c\u0327ene dis\u0327lerinin tamam\u0131n\u0131, c\u0327ene kemiklerini ve c\u0327ene eklemlerini tek bir go\u0308ru\u0308ntu\u0308de yakalar. OPG, dis\u0327 ve c\u0327ene yap\u0131s\u0131n\u0131 deg\u0306erlendirmek ve genis\u0327 kapsaml\u0131 tedavileri planlamak ic\u0327in o\u0308zellikle yararl\u0131d\u0131r.<\/p>\n<h2>Uzmanlarla is\u0327birlig\u0306i<\/h2>\n<p>Dijital hacimsel tomografi (DVT) veya uzaktan ro\u0308ntgen yan go\u0308ru\u0308ntu\u0308leri gibi ileri radyolojik tan\u0131lar ic\u0327in, uzman dis\u0327 radyoloji enstitu\u0308leri ile yak\u0131n is\u0327birlig\u0306i ic\u0327inde c\u0327al\u0131s\u0327\u0131yoruz. Sizi h\u0131zla ortaklar\u0131m\u0131za yo\u0308nlendiriyoruz ve genellikle ayn\u0131 gu\u0308n raporlar\u0131 ve go\u0308ru\u0308ntu\u0308leri al\u0131yoruz. Bu, tedavinizi gecikmeden optimal bir s\u0327ekilde planlamam\u0131za ve uygulamam\u0131za<\/p>\n<\/div>\n<\/div>\n<\/div>\n<\/div>\n<div class=\"page\" title=\"Page 6\">\n<div class=\"section\">\n<div class=\"layoutArea\">\n<div class=\"column\">\n<p>olanak tan\u0131r.<\/p>\n<\/div>\n<\/div>\n<\/div>\n<\/div>\n<\/div>\n<\/div>\n<\/div>\n<\/div>\n<\/div>\n<\/div>\n<\/div>\n<\/div>\t\t\t\t\t\t<\/div>\n\t\t\t\t<\/div>\n\t\t\t\t\t<\/div>\n\t\t\t\t<\/div>\n\t\t\t\t<\/div>\n\t\t","protected":false},"excerpt":{"rendered":"<p>R\u00f6ntgen Tan\u0131lar\u0131 +49 30 621 40 86 WhatsApp \u015eimdi Randevu Al\u0131n! Dis\u0327 hekimlig\u0306i pratig\u0306imizde size en iyi tedaviyi sag\u0306lamak ic\u0327in kapsaml\u0131 ve modern ro\u0308ntgen tan\u0131lar\u0131 sunuyoruz. Dijital intraoral ro\u0308ntgen tan\u0131s\u0131 Tamamen dijitalles\u0327tirilmis\u0327 ku\u0308c\u0327u\u0308k dis\u0327 filmleri kullanarak dog\u0306rudan pratisyende hassas intraoral ro\u0308ntgen go\u0308ru\u0308ntu\u0308leri olus\u0327turuyoruz. Bu teknik sayesinde dis\u0327lerinizin ve c\u0327evre dokular\u0131n detayl\u0131 go\u0308ru\u0308ntu\u0308lerini elde ederek c\u0327u\u0308ru\u0308kler, [&hellip;]<\/p>\n","protected":false},"author":2,"featured_media":0,"parent":0,"menu_order":0,"comment_status":"closed","ping_status":"closed","template":"","meta":{"_acf_changed":false,"inline_featured_image":false,"footnotes":""},"class_list":["post-1977","page","type-page","status-publish","hentry"],"acf":[],"yoast_head":"<!-- This site is optimized with the Yoast SEO plugin v23.0 - https:\/\/yoast.com\/wordpress\/plugins\/seo\/ -->\n<title>Zahn\u00e4rzte Dr. medic. stom. Irina &amp; Felix Talesnik<\/title>\n<meta name=\"robots\" content=\"index, follow, max-snippet:-1, max-image-preview:large, max-video-preview:-1\" \/>\n<link rel=\"canonical\" href=\"https:\/\/www.zahnarztpraxis-talesnik.de\/tr\/rontgen-tanilari\/\" \/>\n<meta property=\"og:locale\" content=\"tr_TR\" \/>\n<meta property=\"og:type\" content=\"article\" \/>\n<meta property=\"og:title\" content=\"Zahn\u00e4rzte Dr. medic. stom. Irina &amp; Felix Talesnik\" \/>\n<meta property=\"og:description\" content=\"R\u00f6ntgen Tan\u0131lar\u0131 +49 30 621 40 86 WhatsApp \u015eimdi Randevu Al\u0131n! Dis\u0327 hekimlig\u0306i pratig\u0306imizde size en iyi tedaviyi sag\u0306lamak ic\u0327in kapsaml\u0131 ve modern ro\u0308ntgen tan\u0131lar\u0131 sunuyoruz. Dijital intraoral ro\u0308ntgen tan\u0131s\u0131 Tamamen dijitalles\u0327tirilmis\u0327 ku\u0308c\u0327u\u0308k dis\u0327 filmleri kullanarak dog\u0306rudan pratisyende hassas intraoral ro\u0308ntgen go\u0308ru\u0308ntu\u0308leri olus\u0327turuyoruz. Bu teknik sayesinde dis\u0327lerinizin ve c\u0327evre dokular\u0131n detayl\u0131 go\u0308ru\u0308ntu\u0308lerini elde ederek c\u0327u\u0308ru\u0308kler, [&hellip;]\" \/>\n<meta property=\"og:url\" content=\"https:\/\/www.zahnarztpraxis-talesnik.de\/tr\/rontgen-tanilari\/\" \/>\n<meta property=\"og:site_name\" content=\"Zahn\u00e4rzte Dr. medic. stom. Irina &amp; Felix Talesnik\" \/>\n<meta property=\"article:modified_time\" content=\"2024-07-12T10:00:47+00:00\" \/>\n<meta property=\"og:image\" content=\"https:\/\/dental.holypapa.com\/wp-content\/uploads\/2024\/06\/Rontgendiagnostik.png\" \/>\n<meta name=\"twitter:card\" content=\"summary_large_image\" \/>\n<meta name=\"twitter:label1\" content=\"Tahmini okuma s\u00fcresi\" \/>\n\t<meta name=\"twitter:data1\" content=\"2 dakika\" \/>\n<script type=\"application\/ld+json\" class=\"yoast-schema-graph\">{\"@context\":\"https:\/\/schema.org\",\"@graph\":[{\"@type\":\"WebPage\",\"@id\":\"https:\/\/www.zahnarztpraxis-talesnik.de\/tr\/rontgen-tanilari\/\",\"url\":\"https:\/\/www.zahnarztpraxis-talesnik.de\/tr\/rontgen-tanilari\/\",\"name\":\"Zahn\u00e4rzte Dr. medic. stom. Irina & Felix Talesnik\",\"isPartOf\":{\"@id\":\"https:\/\/www.zahnarztpraxis-talesnik.de\/#website\"},\"primaryImageOfPage\":{\"@id\":\"https:\/\/www.zahnarztpraxis-talesnik.de\/tr\/rontgen-tanilari\/#primaryimage\"},\"image\":{\"@id\":\"https:\/\/www.zahnarztpraxis-talesnik.de\/tr\/rontgen-tanilari\/#primaryimage\"},\"thumbnailUrl\":\"https:\/\/dental.holypapa.com\/wp-content\/uploads\/2024\/06\/Rontgendiagnostik.png\",\"datePublished\":\"2024-06-17T19:13:45+00:00\",\"dateModified\":\"2024-07-12T10:00:47+00:00\",\"breadcrumb\":{\"@id\":\"https:\/\/www.zahnarztpraxis-talesnik.de\/tr\/rontgen-tanilari\/#breadcrumb\"},\"inLanguage\":\"tr\",\"potentialAction\":[{\"@type\":\"ReadAction\",\"target\":[\"https:\/\/www.zahnarztpraxis-talesnik.de\/tr\/rontgen-tanilari\/\"]}]},{\"@type\":\"ImageObject\",\"inLanguage\":\"tr\",\"@id\":\"https:\/\/www.zahnarztpraxis-talesnik.de\/tr\/rontgen-tanilari\/#primaryimage\",\"url\":\"https:\/\/dental.holypapa.com\/wp-content\/uploads\/2024\/06\/Rontgendiagnostik.png\",\"contentUrl\":\"https:\/\/dental.holypapa.com\/wp-content\/uploads\/2024\/06\/Rontgendiagnostik.png\"},{\"@type\":\"BreadcrumbList\",\"@id\":\"https:\/\/www.zahnarztpraxis-talesnik.de\/tr\/rontgen-tanilari\/#breadcrumb\",\"itemListElement\":[{\"@type\":\"ListItem\",\"position\":1,\"name\":\"Home\",\"item\":\"https:\/\/www.zahnarztpraxis-talesnik.de\/tr\/\"},{\"@type\":\"ListItem\",\"position\":2,\"name\":\"R\u00f6ntgen Tan\u0131lar\u0131\"}]},{\"@type\":\"WebSite\",\"@id\":\"https:\/\/www.zahnarztpraxis-talesnik.de\/#website\",\"url\":\"https:\/\/www.zahnarztpraxis-talesnik.de\/\",\"name\":\"Zahnarztpraxis Dr. medic. stom. Irina & Felix Talesnik\",\"description\":\"\",\"potentialAction\":[{\"@type\":\"SearchAction\",\"target\":{\"@type\":\"EntryPoint\",\"urlTemplate\":\"https:\/\/www.zahnarztpraxis-talesnik.de\/?s={search_term_string}\"},\"query-input\":\"required name=search_term_string\"}],\"inLanguage\":\"tr\"}]}<\/script>\n<!-- \/ Yoast SEO plugin. -->","yoast_head_json":{"title":"Zahn\u00e4rzte Dr. medic. stom. Irina & Felix Talesnik","robots":{"index":"index","follow":"follow","max-snippet":"max-snippet:-1","max-image-preview":"max-image-preview:large","max-video-preview":"max-video-preview:-1"},"canonical":"https:\/\/www.zahnarztpraxis-talesnik.de\/tr\/rontgen-tanilari\/","og_locale":"tr_TR","og_type":"article","og_title":"Zahn\u00e4rzte Dr. medic. stom. Irina & Felix Talesnik","og_description":"R\u00f6ntgen Tan\u0131lar\u0131 +49 30 621 40 86 WhatsApp \u015eimdi Randevu Al\u0131n! Dis\u0327 hekimlig\u0306i pratig\u0306imizde size en iyi tedaviyi sag\u0306lamak ic\u0327in kapsaml\u0131 ve modern ro\u0308ntgen tan\u0131lar\u0131 sunuyoruz. Dijital intraoral ro\u0308ntgen tan\u0131s\u0131 Tamamen dijitalles\u0327tirilmis\u0327 ku\u0308c\u0327u\u0308k dis\u0327 filmleri kullanarak dog\u0306rudan pratisyende hassas intraoral ro\u0308ntgen go\u0308ru\u0308ntu\u0308leri olus\u0327turuyoruz. Bu teknik sayesinde dis\u0327lerinizin ve c\u0327evre dokular\u0131n detayl\u0131 go\u0308ru\u0308ntu\u0308lerini elde ederek c\u0327u\u0308ru\u0308kler, [&hellip;]","og_url":"https:\/\/www.zahnarztpraxis-talesnik.de\/tr\/rontgen-tanilari\/","og_site_name":"Zahn\u00e4rzte Dr. medic. stom. Irina &amp; Felix Talesnik","article_modified_time":"2024-07-12T10:00:47+00:00","og_image":[{"url":"https:\/\/dental.holypapa.com\/wp-content\/uploads\/2024\/06\/Rontgendiagnostik.png"}],"twitter_card":"summary_large_image","twitter_misc":{"Tahmini okuma s\u00fcresi":"2 dakika"},"schema":{"@context":"https:\/\/schema.org","@graph":[{"@type":"WebPage","@id":"https:\/\/www.zahnarztpraxis-talesnik.de\/tr\/rontgen-tanilari\/","url":"https:\/\/www.zahnarztpraxis-talesnik.de\/tr\/rontgen-tanilari\/","name":"Zahn\u00e4rzte Dr. medic. stom. Irina & Felix Talesnik","isPartOf":{"@id":"https:\/\/www.zahnarztpraxis-talesnik.de\/#website"},"primaryImageOfPage":{"@id":"https:\/\/www.zahnarztpraxis-talesnik.de\/tr\/rontgen-tanilari\/#primaryimage"},"image":{"@id":"https:\/\/www.zahnarztpraxis-talesnik.de\/tr\/rontgen-tanilari\/#primaryimage"},"thumbnailUrl":"https:\/\/dental.holypapa.com\/wp-content\/uploads\/2024\/06\/Rontgendiagnostik.png","datePublished":"2024-06-17T19:13:45+00:00","dateModified":"2024-07-12T10:00:47+00:00","breadcrumb":{"@id":"https:\/\/www.zahnarztpraxis-talesnik.de\/tr\/rontgen-tanilari\/#breadcrumb"},"inLanguage":"tr","potentialAction":[{"@type":"ReadAction","target":["https:\/\/www.zahnarztpraxis-talesnik.de\/tr\/rontgen-tanilari\/"]}]},{"@type":"ImageObject","inLanguage":"tr","@id":"https:\/\/www.zahnarztpraxis-talesnik.de\/tr\/rontgen-tanilari\/#primaryimage","url":"https:\/\/dental.holypapa.com\/wp-content\/uploads\/2024\/06\/Rontgendiagnostik.png","contentUrl":"https:\/\/dental.holypapa.com\/wp-content\/uploads\/2024\/06\/Rontgendiagnostik.png"},{"@type":"BreadcrumbList","@id":"https:\/\/www.zahnarztpraxis-talesnik.de\/tr\/rontgen-tanilari\/#breadcrumb","itemListElement":[{"@type":"ListItem","position":1,"name":"Home","item":"https:\/\/www.zahnarztpraxis-talesnik.de\/tr\/"},{"@type":"ListItem","position":2,"name":"R\u00f6ntgen Tan\u0131lar\u0131"}]},{"@type":"WebSite","@id":"https:\/\/www.zahnarztpraxis-talesnik.de\/#website","url":"https:\/\/www.zahnarztpraxis-talesnik.de\/","name":"Zahnarztpraxis Dr. medic. stom. Irina & Felix Talesnik","description":"","potentialAction":[{"@type":"SearchAction","target":{"@type":"EntryPoint","urlTemplate":"https:\/\/www.zahnarztpraxis-talesnik.de\/?s={search_term_string}"},"query-input":"required name=search_term_string"}],"inLanguage":"tr"}]}},"_links":{"self":[{"href":"https:\/\/www.zahnarztpraxis-talesnik.de\/tr\/wp-json\/wp\/v2\/pages\/1977","targetHints":{"allow":["GET"]}}],"collection":[{"href":"https:\/\/www.zahnarztpraxis-talesnik.de\/tr\/wp-json\/wp\/v2\/pages"}],"about":[{"href":"https:\/\/www.zahnarztpraxis-talesnik.de\/tr\/wp-json\/wp\/v2\/types\/page"}],"author":[{"embeddable":true,"href":"https:\/\/www.zahnarztpraxis-talesnik.de\/tr\/wp-json\/wp\/v2\/users\/2"}],"replies":[{"embeddable":true,"href":"https:\/\/www.zahnarztpraxis-talesnik.de\/tr\/wp-json\/wp\/v2\/comments?post=1977"}],"version-history":[{"count":7,"href":"https:\/\/www.zahnarztpraxis-talesnik.de\/tr\/wp-json\/wp\/v2\/pages\/1977\/revisions"}],"predecessor-version":[{"id":3661,"href":"https:\/\/www.zahnarztpraxis-talesnik.de\/tr\/wp-json\/wp\/v2\/pages\/1977\/revisions\/3661"}],"wp:attachment":[{"href":"https:\/\/www.zahnarztpraxis-talesnik.de\/tr\/wp-json\/wp\/v2\/media?parent=1977"}],"curies":[{"name":"wp","href":"https:\/\/api.w.org\/{rel}","templated":true}]}}