{"id":2018,"date":"2024-06-14T14:32:33","date_gmt":"2024-06-14T12:32:33","guid":{"rendered":"https:\/\/dental.holypapa.com\/?page_id=2018"},"modified":"2024-07-12T12:03:33","modified_gmt":"2024-07-12T10:03:33","slug":"splint-tedavisi","status":"publish","type":"page","link":"https:\/\/www.zahnarztpraxis-talesnik.de\/tr\/splint-tedavisi\/","title":{"rendered":"Splint Tedavisi"},"content":{"rendered":"\t\t<div data-elementor-type=\"wp-page\" data-elementor-id=\"2018\" class=\"elementor elementor-2018 elementor-418\">\n\t\t\t\t<div class=\"elementor-element elementor-element-8577fd5 e-con-full relative e-flex e-con e-parent\" data-id=\"8577fd5\" data-element_type=\"container\" data-settings=\"{&quot;background_background&quot;:&quot;classic&quot;}\">\n\t\t<div class=\"elementor-element elementor-element-09bc1fb e-flex e-con-boxed e-con e-child\" data-id=\"09bc1fb\" data-element_type=\"container\" data-settings=\"{&quot;background_background&quot;:&quot;classic&quot;}\">\n\t\t\t\t\t<div class=\"e-con-inner\">\n\t\t<div class=\"elementor-element elementor-element-48a3f2c e-flex e-con-boxed e-con e-child\" data-id=\"48a3f2c\" data-element_type=\"container\">\n\t\t\t\t\t<div class=\"e-con-inner\">\n\t\t\t\t<div class=\"elementor-element elementor-element-14713f2 h1-top color-grey elementor-widget elementor-widget-text-editor\" data-id=\"14713f2\" data-element_type=\"widget\" data-widget_type=\"text-editor.default\">\n\t\t\t\t<div class=\"elementor-widget-container\">\n\t\t\t<style>\/*! elementor - v3.23.0 - 15-07-2024 *\/\n.elementor-widget-text-editor.elementor-drop-cap-view-stacked .elementor-drop-cap{background-color:#69727d;color:#fff}.elementor-widget-text-editor.elementor-drop-cap-view-framed .elementor-drop-cap{color:#69727d;border:3px solid;background-color:transparent}.elementor-widget-text-editor:not(.elementor-drop-cap-view-default) .elementor-drop-cap{margin-top:8px}.elementor-widget-text-editor:not(.elementor-drop-cap-view-default) .elementor-drop-cap-letter{width:1em;height:1em}.elementor-widget-text-editor .elementor-drop-cap{float:left;text-align:center;line-height:1;font-size:50px}.elementor-widget-text-editor .elementor-drop-cap-letter{display:inline-block}<\/style>\t\t\t\t<h1><span data-sheets-root=\"1\">Splint Tedavisi<\/span><\/h1>\t\t\t\t\t\t<\/div>\n\t\t\t\t<\/div>\n\t\t\t\t<div class=\"elementor-element elementor-element-f0e86d6 elementor-widget elementor-widget-html\" data-id=\"f0e86d6\" data-element_type=\"widget\" data-widget_type=\"html.default\">\n\t\t\t\t<div class=\"elementor-widget-container\">\n\t\t\t<div class=\"buttons__block\">\n\t<a href=\"tel:+49306214086\" class=\"button button--white-2\" target=\"_blank\">+49 30 621 40 86<\/a>\n\t<a href=\"https:\/\/wa.me\/4915115945994\" class=\"button button--white-2\" target=\"_blank\">WhatsApp<\/a>\n\t<a href=\"https:\/\/www.doctolib.de\/praxis\/berlin\/zahnarztpraxis-felix-und-dr-irina-talesnik\/\" class=\"button button--white-2\" target=\"_blank\">\u015eimdi Randevu Al\u0131n!<\/a>\n<\/div>\t\t<\/div>\n\t\t\t\t<\/div>\n\t\t\t\t\t<\/div>\n\t\t\t\t<\/div>\n\t\t<div class=\"elementor-element elementor-element-cc3aced e-flex e-con-boxed e-con e-child\" data-id=\"cc3aced\" data-element_type=\"container\">\n\t\t\t\t\t<div class=\"e-con-inner\">\n\t\t\t\t<div class=\"elementor-element elementor-element-a355fb1 elementor-widget elementor-widget-image\" data-id=\"a355fb1\" data-element_type=\"widget\" data-widget_type=\"image.default\">\n\t\t\t\t<div class=\"elementor-widget-container\">\n\t\t\t<style>\/*! elementor - v3.23.0 - 15-07-2024 *\/\n.elementor-widget-image{text-align:center}.elementor-widget-image a{display:inline-block}.elementor-widget-image a img[src$=\".svg\"]{width:48px}.elementor-widget-image img{vertical-align:middle;display:inline-block}<\/style>\t\t\t\t\t\t\t\t\t\t<img fetchpriority=\"high\" decoding=\"async\" width=\"640\" height=\"405\" src=\"https:\/\/www.zahnarztpraxis-talesnik.de\/wp-content\/uploads\/2024\/06\/Schienentherapie.png\" class=\"attachment-large size-large wp-image-538\" alt=\"\" srcset=\"https:\/\/www.zahnarztpraxis-talesnik.de\/wp-content\/uploads\/2024\/06\/Schienentherapie.png 1000w, https:\/\/www.zahnarztpraxis-talesnik.de\/wp-content\/uploads\/2024\/06\/Schienentherapie-300x190.png 300w, https:\/\/www.zahnarztpraxis-talesnik.de\/wp-content\/uploads\/2024\/06\/Schienentherapie-768x486.png 768w\" sizes=\"(max-width: 640px) 100vw, 640px\" \/>\t\t\t\t\t\t\t\t\t\t\t\t\t<\/div>\n\t\t\t\t<\/div>\n\t\t\t\t\t<\/div>\n\t\t\t\t<\/div>\n\t\t\t\t\t<\/div>\n\t\t\t\t<\/div>\n\t\t\t\t<div class=\"elementor-element elementor-element-342b349 absolute poa2 elementor-hidden-mobile elementor-widget elementor-widget-html\" data-id=\"342b349\" data-element_type=\"widget\" data-widget_type=\"html.default\">\n\t\t\t\t<div class=\"elementor-widget-container\">\n\t\t\t<div class=\"triangle-bottomright\"><\/div>\t\t<\/div>\n\t\t\t\t<\/div>\n\t\t\t\t<\/div>\n\t\t<div class=\"elementor-element elementor-element-0ae04e0 e-flex e-con-boxed e-con e-parent\" data-id=\"0ae04e0\" data-element_type=\"container\">\n\t\t\t\t\t<div class=\"e-con-inner\">\n\t\t\t\t<div class=\"elementor-element elementor-element-45409ac elementor-widget elementor-widget-text-editor\" data-id=\"45409ac\" data-element_type=\"widget\" data-widget_type=\"text-editor.default\">\n\t\t\t\t<div class=\"elementor-widget-container\">\n\t\t\t\t\t\t\t<div class=\"page\" title=\"Page 5\">\n<div class=\"section\">\n<div class=\"layoutArea\">\n<div class=\"column\">\n<p>Dis\u0327 klinig\u0306imiz, hastalar\u0131m\u0131z\u0131n bireysel ihtiyac\u0327lar\u0131na go\u0308re uyarlanm\u0131s\u0327 kapsaml\u0131 splint tedavisi sunmaktad\u0131r.<\/p>\n<h2>Aligner Tedavisi<\/h2>\n<p>Ortodontik du\u0308zeltmeler ic\u0327in s\u0327effaf dis\u0327 splintleri ile aligner tedavisi kullan\u0131yoruz. Bu neredeyse go\u0308ru\u0308nmez splintler, dis\u0327leri istenilen konuma nazikc\u0327e hareket ettirir ve en yu\u0308ksek tas\u0327\u0131ma konforunu sag\u0306lar.<\/p>\n<h2>Dis\u0327 G\u0131c\u0131rdatma Splintleri<\/h2>\n<p>Bruksizm (dis\u0327 g\u0131c\u0131rdatma ve s\u0131kma) c\u0327eken hastalar\u0131m\u0131z ic\u0327in o\u0308zel olarak yap\u0131lm\u0131s\u0327 dis\u0327 g\u0131c\u0131rdatma splintleri u\u0308retiyoruz. Bu splintler dis\u0327leri as\u0327\u0131nmadan korur ve temporomandibular eklem (TMJ) rahats\u0131zl\u0131klar\u0131n\u0131 hafifletmeye yard\u0131mc\u0131 olur.<\/p>\n<h2>Horlamay\u0131 O\u0308nleyici Splintler<\/h2>\n<p>Horlamaya ve ilis\u0327kili uyku bozukluklar\u0131na kars\u0327\u0131 etkili bir c\u0327o\u0308zu\u0308m sunan horlamay\u0131 o\u0308nleyici splintlerimiz bulunmaktad\u0131r. Alt c\u0327enenin konumland\u0131r\u0131lmas\u0131 sayesinde hava yollar\u0131 ac\u0327\u0131k kal\u0131r ve horlama azal\u0131r.<\/p>\n<\/div>\n<\/div>\n<\/div>\n<\/div>\n<div class=\"page\" title=\"Page 6\">\n<div class=\"section\">\n<div class=\"layoutArea\">\n<div class=\"column\">\n<p>Amac\u0131m\u0131z, bireysel olarak uyarlanm\u0131s\u0327 splintler ile hastalar\u0131m\u0131z\u0131n yas\u0327am kalitesini art\u0131rmak ve dis\u0327 sag\u0306l\u0131klar\u0131n\u0131 uzun vadede korumakt\u0131r.<\/p>\n<p>Kis\u0327isel bir dan\u0131s\u0327ma ic\u0327in bizimle iletis\u0327ime gec\u0327in ve o\u0308zel splint tedavilerimiz hakk\u0131nda daha fazla bilgi edinin.<\/p>\n<\/div>\n<\/div>\n<\/div>\n<\/div>\t\t\t\t\t\t<\/div>\n\t\t\t\t<\/div>\n\t\t\t\t\t<\/div>\n\t\t\t\t<\/div>\n\t\t\t\t<\/div>\n\t\t","protected":false},"excerpt":{"rendered":"<p>Splint Tedavisi +49 30 621 40 86 WhatsApp \u015eimdi Randevu Al\u0131n! Dis\u0327 klinig\u0306imiz, hastalar\u0131m\u0131z\u0131n bireysel ihtiyac\u0327lar\u0131na go\u0308re uyarlanm\u0131s\u0327 kapsaml\u0131 splint tedavisi sunmaktad\u0131r. Aligner Tedavisi Ortodontik du\u0308zeltmeler ic\u0327in s\u0327effaf dis\u0327 splintleri ile aligner tedavisi kullan\u0131yoruz. Bu neredeyse go\u0308ru\u0308nmez splintler, dis\u0327leri istenilen konuma nazikc\u0327e hareket ettirir ve en yu\u0308ksek tas\u0327\u0131ma konforunu sag\u0306lar. Dis\u0327 G\u0131c\u0131rdatma Splintleri Bruksizm (dis\u0327 [&hellip;]<\/p>\n","protected":false},"author":2,"featured_media":0,"parent":0,"menu_order":0,"comment_status":"closed","ping_status":"closed","template":"","meta":{"_acf_changed":false,"inline_featured_image":false,"footnotes":""},"class_list":["post-2018","page","type-page","status-publish","hentry"],"acf":[],"yoast_head":"<!-- This site is optimized with the Yoast SEO plugin v23.0 - https:\/\/yoast.com\/wordpress\/plugins\/seo\/ -->\n<title>Zahn\u00e4rzte Dr. medic. stom. Irina &amp; Felix Talesnik<\/title>\n<meta name=\"robots\" content=\"index, follow, max-snippet:-1, max-image-preview:large, max-video-preview:-1\" \/>\n<link rel=\"canonical\" href=\"https:\/\/www.zahnarztpraxis-talesnik.de\/tr\/splint-tedavisi\/\" \/>\n<meta property=\"og:locale\" content=\"tr_TR\" \/>\n<meta property=\"og:type\" content=\"article\" \/>\n<meta property=\"og:title\" content=\"Zahn\u00e4rzte Dr. medic. stom. Irina &amp; Felix Talesnik\" \/>\n<meta property=\"og:description\" content=\"Splint Tedavisi +49 30 621 40 86 WhatsApp \u015eimdi Randevu Al\u0131n! Dis\u0327 klinig\u0306imiz, hastalar\u0131m\u0131z\u0131n bireysel ihtiyac\u0327lar\u0131na go\u0308re uyarlanm\u0131s\u0327 kapsaml\u0131 splint tedavisi sunmaktad\u0131r. Aligner Tedavisi Ortodontik du\u0308zeltmeler ic\u0327in s\u0327effaf dis\u0327 splintleri ile aligner tedavisi kullan\u0131yoruz. Bu neredeyse go\u0308ru\u0308nmez splintler, dis\u0327leri istenilen konuma nazikc\u0327e hareket ettirir ve en yu\u0308ksek tas\u0327\u0131ma konforunu sag\u0306lar. Dis\u0327 G\u0131c\u0131rdatma Splintleri Bruksizm (dis\u0327 [&hellip;]\" \/>\n<meta property=\"og:url\" content=\"https:\/\/www.zahnarztpraxis-talesnik.de\/tr\/splint-tedavisi\/\" \/>\n<meta property=\"og:site_name\" content=\"Zahn\u00e4rzte Dr. medic. stom. Irina &amp; Felix Talesnik\" \/>\n<meta property=\"article:modified_time\" content=\"2024-07-12T10:03:33+00:00\" \/>\n<meta property=\"og:image\" content=\"https:\/\/dental.holypapa.com\/wp-content\/uploads\/2024\/06\/Schienentherapie.png\" \/>\n<meta name=\"twitter:card\" content=\"summary_large_image\" \/>\n<meta name=\"twitter:label1\" content=\"Tahmini okuma s\u00fcresi\" \/>\n\t<meta name=\"twitter:data1\" content=\"1 dakika\" \/>\n<script type=\"application\/ld+json\" class=\"yoast-schema-graph\">{\"@context\":\"https:\/\/schema.org\",\"@graph\":[{\"@type\":\"WebPage\",\"@id\":\"https:\/\/www.zahnarztpraxis-talesnik.de\/tr\/splint-tedavisi\/\",\"url\":\"https:\/\/www.zahnarztpraxis-talesnik.de\/tr\/splint-tedavisi\/\",\"name\":\"Zahn\u00e4rzte Dr. medic. stom. Irina & Felix Talesnik\",\"isPartOf\":{\"@id\":\"https:\/\/www.zahnarztpraxis-talesnik.de\/#website\"},\"primaryImageOfPage\":{\"@id\":\"https:\/\/www.zahnarztpraxis-talesnik.de\/tr\/splint-tedavisi\/#primaryimage\"},\"image\":{\"@id\":\"https:\/\/www.zahnarztpraxis-talesnik.de\/tr\/splint-tedavisi\/#primaryimage\"},\"thumbnailUrl\":\"https:\/\/dental.holypapa.com\/wp-content\/uploads\/2024\/06\/Schienentherapie.png\",\"datePublished\":\"2024-06-14T12:32:33+00:00\",\"dateModified\":\"2024-07-12T10:03:33+00:00\",\"breadcrumb\":{\"@id\":\"https:\/\/www.zahnarztpraxis-talesnik.de\/tr\/splint-tedavisi\/#breadcrumb\"},\"inLanguage\":\"tr\",\"potentialAction\":[{\"@type\":\"ReadAction\",\"target\":[\"https:\/\/www.zahnarztpraxis-talesnik.de\/tr\/splint-tedavisi\/\"]}]},{\"@type\":\"ImageObject\",\"inLanguage\":\"tr\",\"@id\":\"https:\/\/www.zahnarztpraxis-talesnik.de\/tr\/splint-tedavisi\/#primaryimage\",\"url\":\"https:\/\/dental.holypapa.com\/wp-content\/uploads\/2024\/06\/Schienentherapie.png\",\"contentUrl\":\"https:\/\/dental.holypapa.com\/wp-content\/uploads\/2024\/06\/Schienentherapie.png\"},{\"@type\":\"BreadcrumbList\",\"@id\":\"https:\/\/www.zahnarztpraxis-talesnik.de\/tr\/splint-tedavisi\/#breadcrumb\",\"itemListElement\":[{\"@type\":\"ListItem\",\"position\":1,\"name\":\"Home\",\"item\":\"https:\/\/www.zahnarztpraxis-talesnik.de\/tr\/\"},{\"@type\":\"ListItem\",\"position\":2,\"name\":\"Splint Tedavisi\"}]},{\"@type\":\"WebSite\",\"@id\":\"https:\/\/www.zahnarztpraxis-talesnik.de\/#website\",\"url\":\"https:\/\/www.zahnarztpraxis-talesnik.de\/\",\"name\":\"Zahnarztpraxis Dr. medic. stom. Irina & Felix Talesnik\",\"description\":\"\",\"potentialAction\":[{\"@type\":\"SearchAction\",\"target\":{\"@type\":\"EntryPoint\",\"urlTemplate\":\"https:\/\/www.zahnarztpraxis-talesnik.de\/?s={search_term_string}\"},\"query-input\":\"required name=search_term_string\"}],\"inLanguage\":\"tr\"}]}<\/script>\n<!-- \/ Yoast SEO plugin. -->","yoast_head_json":{"title":"Zahn\u00e4rzte Dr. medic. stom. Irina & Felix Talesnik","robots":{"index":"index","follow":"follow","max-snippet":"max-snippet:-1","max-image-preview":"max-image-preview:large","max-video-preview":"max-video-preview:-1"},"canonical":"https:\/\/www.zahnarztpraxis-talesnik.de\/tr\/splint-tedavisi\/","og_locale":"tr_TR","og_type":"article","og_title":"Zahn\u00e4rzte Dr. medic. stom. Irina & Felix Talesnik","og_description":"Splint Tedavisi +49 30 621 40 86 WhatsApp \u015eimdi Randevu Al\u0131n! Dis\u0327 klinig\u0306imiz, hastalar\u0131m\u0131z\u0131n bireysel ihtiyac\u0327lar\u0131na go\u0308re uyarlanm\u0131s\u0327 kapsaml\u0131 splint tedavisi sunmaktad\u0131r. Aligner Tedavisi Ortodontik du\u0308zeltmeler ic\u0327in s\u0327effaf dis\u0327 splintleri ile aligner tedavisi kullan\u0131yoruz. Bu neredeyse go\u0308ru\u0308nmez splintler, dis\u0327leri istenilen konuma nazikc\u0327e hareket ettirir ve en yu\u0308ksek tas\u0327\u0131ma konforunu sag\u0306lar. Dis\u0327 G\u0131c\u0131rdatma Splintleri Bruksizm (dis\u0327 [&hellip;]","og_url":"https:\/\/www.zahnarztpraxis-talesnik.de\/tr\/splint-tedavisi\/","og_site_name":"Zahn\u00e4rzte Dr. medic. stom. Irina &amp; Felix Talesnik","article_modified_time":"2024-07-12T10:03:33+00:00","og_image":[{"url":"https:\/\/dental.holypapa.com\/wp-content\/uploads\/2024\/06\/Schienentherapie.png"}],"twitter_card":"summary_large_image","twitter_misc":{"Tahmini okuma s\u00fcresi":"1 dakika"},"schema":{"@context":"https:\/\/schema.org","@graph":[{"@type":"WebPage","@id":"https:\/\/www.zahnarztpraxis-talesnik.de\/tr\/splint-tedavisi\/","url":"https:\/\/www.zahnarztpraxis-talesnik.de\/tr\/splint-tedavisi\/","name":"Zahn\u00e4rzte Dr. medic. stom. Irina & Felix Talesnik","isPartOf":{"@id":"https:\/\/www.zahnarztpraxis-talesnik.de\/#website"},"primaryImageOfPage":{"@id":"https:\/\/www.zahnarztpraxis-talesnik.de\/tr\/splint-tedavisi\/#primaryimage"},"image":{"@id":"https:\/\/www.zahnarztpraxis-talesnik.de\/tr\/splint-tedavisi\/#primaryimage"},"thumbnailUrl":"https:\/\/dental.holypapa.com\/wp-content\/uploads\/2024\/06\/Schienentherapie.png","datePublished":"2024-06-14T12:32:33+00:00","dateModified":"2024-07-12T10:03:33+00:00","breadcrumb":{"@id":"https:\/\/www.zahnarztpraxis-talesnik.de\/tr\/splint-tedavisi\/#breadcrumb"},"inLanguage":"tr","potentialAction":[{"@type":"ReadAction","target":["https:\/\/www.zahnarztpraxis-talesnik.de\/tr\/splint-tedavisi\/"]}]},{"@type":"ImageObject","inLanguage":"tr","@id":"https:\/\/www.zahnarztpraxis-talesnik.de\/tr\/splint-tedavisi\/#primaryimage","url":"https:\/\/dental.holypapa.com\/wp-content\/uploads\/2024\/06\/Schienentherapie.png","contentUrl":"https:\/\/dental.holypapa.com\/wp-content\/uploads\/2024\/06\/Schienentherapie.png"},{"@type":"BreadcrumbList","@id":"https:\/\/www.zahnarztpraxis-talesnik.de\/tr\/splint-tedavisi\/#breadcrumb","itemListElement":[{"@type":"ListItem","position":1,"name":"Home","item":"https:\/\/www.zahnarztpraxis-talesnik.de\/tr\/"},{"@type":"ListItem","position":2,"name":"Splint Tedavisi"}]},{"@type":"WebSite","@id":"https:\/\/www.zahnarztpraxis-talesnik.de\/#website","url":"https:\/\/www.zahnarztpraxis-talesnik.de\/","name":"Zahnarztpraxis Dr. medic. stom. Irina & Felix Talesnik","description":"","potentialAction":[{"@type":"SearchAction","target":{"@type":"EntryPoint","urlTemplate":"https:\/\/www.zahnarztpraxis-talesnik.de\/?s={search_term_string}"},"query-input":"required name=search_term_string"}],"inLanguage":"tr"}]}},"_links":{"self":[{"href":"https:\/\/www.zahnarztpraxis-talesnik.de\/tr\/wp-json\/wp\/v2\/pages\/2018","targetHints":{"allow":["GET"]}}],"collection":[{"href":"https:\/\/www.zahnarztpraxis-talesnik.de\/tr\/wp-json\/wp\/v2\/pages"}],"about":[{"href":"https:\/\/www.zahnarztpraxis-talesnik.de\/tr\/wp-json\/wp\/v2\/types\/page"}],"author":[{"embeddable":true,"href":"https:\/\/www.zahnarztpraxis-talesnik.de\/tr\/wp-json\/wp\/v2\/users\/2"}],"replies":[{"embeddable":true,"href":"https:\/\/www.zahnarztpraxis-talesnik.de\/tr\/wp-json\/wp\/v2\/comments?post=2018"}],"version-history":[{"count":7,"href":"https:\/\/www.zahnarztpraxis-talesnik.de\/tr\/wp-json\/wp\/v2\/pages\/2018\/revisions"}],"predecessor-version":[{"id":3664,"href":"https:\/\/www.zahnarztpraxis-talesnik.de\/tr\/wp-json\/wp\/v2\/pages\/2018\/revisions\/3664"}],"wp:attachment":[{"href":"https:\/\/www.zahnarztpraxis-talesnik.de\/tr\/wp-json\/wp\/v2\/media?parent=2018"}],"curies":[{"name":"wp","href":"https:\/\/api.w.org\/{rel}","templated":true}]}}