{"id":3861,"date":"2024-06-17T21:14:18","date_gmt":"2024-06-17T19:14:18","guid":{"rendered":"https:\/\/dental.holypapa.com\/?page_id=3861"},"modified":"2024-08-17T12:59:57","modified_gmt":"2024-08-17T10:59:57","slug":"hakkimizda","status":"publish","type":"page","link":"https:\/\/www.zahnarztpraxis-talesnik.de\/tr\/hakkimizda\/","title":{"rendered":"Hakk\u0131m\u0131zda"},"content":{"rendered":"\t\t<div data-elementor-type=\"wp-page\" data-elementor-id=\"3861\" class=\"elementor elementor-3861 elementor-484\">\n\t\t\t\t<div class=\"elementor-element elementor-element-2c976865 e-con-full relative e-flex e-con e-parent\" data-id=\"2c976865\" data-element_type=\"container\" data-settings=\"{&quot;background_background&quot;:&quot;classic&quot;}\">\n\t\t<div class=\"elementor-element elementor-element-474389d0 e-flex e-con-boxed e-con e-child\" data-id=\"474389d0\" data-element_type=\"container\" data-settings=\"{&quot;background_background&quot;:&quot;classic&quot;}\">\n\t\t\t\t\t<div class=\"e-con-inner\">\n\t\t<div class=\"elementor-element elementor-element-7df341f4 e-flex e-con-boxed e-con e-child\" data-id=\"7df341f4\" data-element_type=\"container\">\n\t\t\t\t\t<div class=\"e-con-inner\">\n\t\t\t\t<div class=\"elementor-element elementor-element-3772278b color-grey h1-top elementor-widget elementor-widget-text-editor\" data-id=\"3772278b\" data-element_type=\"widget\" data-widget_type=\"text-editor.default\">\n\t\t\t\t<div class=\"elementor-widget-container\">\n\t\t\t<style>\/*! elementor - v3.23.0 - 15-07-2024 *\/\n.elementor-widget-text-editor.elementor-drop-cap-view-stacked .elementor-drop-cap{background-color:#69727d;color:#fff}.elementor-widget-text-editor.elementor-drop-cap-view-framed .elementor-drop-cap{color:#69727d;border:3px solid;background-color:transparent}.elementor-widget-text-editor:not(.elementor-drop-cap-view-default) .elementor-drop-cap{margin-top:8px}.elementor-widget-text-editor:not(.elementor-drop-cap-view-default) .elementor-drop-cap-letter{width:1em;height:1em}.elementor-widget-text-editor .elementor-drop-cap{float:left;text-align:center;line-height:1;font-size:50px}.elementor-widget-text-editor .elementor-drop-cap-letter{display:inline-block}<\/style>\t\t\t\t<h1>Hakk\u0131m\u0131zda<\/h1>\t\t\t\t\t\t<\/div>\n\t\t\t\t<\/div>\n\t\t\t\t<div class=\"elementor-element elementor-element-539073ff elementor-widget elementor-widget-html\" data-id=\"539073ff\" data-element_type=\"widget\" data-widget_type=\"html.default\">\n\t\t\t\t<div class=\"elementor-widget-container\">\n\t\t\t<div class=\"buttons__block\">\n\t<a href=\"tel:+49306214086\" class=\"button button--white-2\" target=\"_blank\">+49 30 621 40 86<\/a>\n\t<a href=\"https:\/\/wa.me\/4915115945994\" class=\"button button--white-2\" target=\"_blank\">WhatsApp<\/a>\n\t<a href=\"https:\/\/www.doctolib.de\/praxis\/berlin\/zahnarztpraxis-felix-und-dr-irina-talesnik\/\" class=\"button button--white-2\" target=\"_blank\">\u015eimdi Randevu Al\u0131n!<\/a>\n<\/div>\t\t<\/div>\n\t\t\t\t<\/div>\n\t\t\t\t\t<\/div>\n\t\t\t\t<\/div>\n\t\t<div class=\"elementor-element elementor-element-5b999ba5 e-flex e-con-boxed e-con e-child\" data-id=\"5b999ba5\" data-element_type=\"container\">\n\t\t\t\t\t<div class=\"e-con-inner\">\n\t\t\t\t<div class=\"elementor-element elementor-element-2210f27a elementor-widget elementor-widget-image\" data-id=\"2210f27a\" data-element_type=\"widget\" data-widget_type=\"image.default\">\n\t\t\t\t<div class=\"elementor-widget-container\">\n\t\t\t<style>\/*! elementor - v3.23.0 - 15-07-2024 *\/\n.elementor-widget-image{text-align:center}.elementor-widget-image a{display:inline-block}.elementor-widget-image a img[src$=\".svg\"]{width:48px}.elementor-widget-image img{vertical-align:middle;display:inline-block}<\/style>\t\t\t\t\t\t\t\t\t\t<img fetchpriority=\"high\" decoding=\"async\" width=\"640\" height=\"640\" src=\"https:\/\/www.zahnarztpraxis-talesnik.de\/wp-content\/uploads\/2024\/06\/uuns.png\" class=\"attachment-large size-large wp-image-842\" alt=\"\" srcset=\"https:\/\/www.zahnarztpraxis-talesnik.de\/wp-content\/uploads\/2024\/06\/uuns.png 869w, https:\/\/www.zahnarztpraxis-talesnik.de\/wp-content\/uploads\/2024\/06\/uuns-300x300.png 300w, https:\/\/www.zahnarztpraxis-talesnik.de\/wp-content\/uploads\/2024\/06\/uuns-150x150.png 150w, https:\/\/www.zahnarztpraxis-talesnik.de\/wp-content\/uploads\/2024\/06\/uuns-768x768.png 768w\" sizes=\"(max-width: 640px) 100vw, 640px\" \/>\t\t\t\t\t\t\t\t\t\t\t\t\t<\/div>\n\t\t\t\t<\/div>\n\t\t\t\t\t<\/div>\n\t\t\t\t<\/div>\n\t\t\t\t\t<\/div>\n\t\t\t\t<\/div>\n\t\t\t\t<div class=\"elementor-element elementor-element-39e616de absolute poa2 elementor-widget elementor-widget-html\" data-id=\"39e616de\" data-element_type=\"widget\" data-widget_type=\"html.default\">\n\t\t\t\t<div class=\"elementor-widget-container\">\n\t\t\t<div class=\"triangle-bottomright\"><\/div>\t\t<\/div>\n\t\t\t\t<\/div>\n\t\t\t\t<\/div>\n\t\t<div class=\"elementor-element elementor-element-34cc2bf2 e-flex e-con-boxed e-con e-parent\" data-id=\"34cc2bf2\" data-element_type=\"container\">\n\t\t\t\t\t<div class=\"e-con-inner\">\n\t\t\t\t<div class=\"elementor-element elementor-element-614a1900 elementor-widget elementor-widget-text-editor\" data-id=\"614a1900\" data-element_type=\"widget\" data-widget_type=\"text-editor.default\">\n\t\t\t\t<div class=\"elementor-widget-container\">\n\t\t\t\t\t\t\t<h2>Di\u015f Hekimi Felix Talesnik<\/h2>\t\t\t\t\t\t<\/div>\n\t\t\t\t<\/div>\n\t\t\t\t\t<\/div>\n\t\t\t\t<\/div>\n\t\t<div class=\"elementor-element elementor-element-3f607593 e-flex e-con-boxed e-con e-parent\" data-id=\"3f607593\" data-element_type=\"container\">\n\t\t\t\t\t<div class=\"e-con-inner\">\n\t\t<div class=\"elementor-element elementor-element-5b7bb163 e-con-full e-flex e-con e-child\" data-id=\"5b7bb163\" data-element_type=\"container\">\n\t\t\t\t<div class=\"elementor-element elementor-element-48a414f7 radius100 elementor-widget elementor-widget-image\" data-id=\"48a414f7\" data-element_type=\"widget\" data-widget_type=\"image.default\">\n\t\t\t\t<div class=\"elementor-widget-container\">\n\t\t\t\t\t\t\t\t\t\t\t\t\t<img decoding=\"async\" width=\"640\" height=\"654\" src=\"https:\/\/www.zahnarztpraxis-talesnik.de\/wp-content\/uploads\/2024\/08\/felix_talesnik-1-1002x1024.jpg\" class=\"attachment-large size-large wp-image-4908\" alt=\"\" srcset=\"https:\/\/www.zahnarztpraxis-talesnik.de\/wp-content\/uploads\/2024\/08\/felix_talesnik-1-1002x1024.jpg 1002w, https:\/\/www.zahnarztpraxis-talesnik.de\/wp-content\/uploads\/2024\/08\/felix_talesnik-1-294x300.jpg 294w, https:\/\/www.zahnarztpraxis-talesnik.de\/wp-content\/uploads\/2024\/08\/felix_talesnik-1-768x785.jpg 768w, https:\/\/www.zahnarztpraxis-talesnik.de\/wp-content\/uploads\/2024\/08\/felix_talesnik-1-1504x1536.jpg 1504w, https:\/\/www.zahnarztpraxis-talesnik.de\/wp-content\/uploads\/2024\/08\/felix_talesnik-1-2005x2048.jpg 2005w\" sizes=\"(max-width: 640px) 100vw, 640px\" \/>\t\t\t\t\t\t\t\t\t\t\t\t\t<\/div>\n\t\t\t\t<\/div>\n\t\t\t\t<\/div>\n\t\t<div class=\"elementor-element elementor-element-4f3f0377 e-con-full e-flex e-con e-child\" data-id=\"4f3f0377\" data-element_type=\"container\">\n\t\t\t\t<div class=\"elementor-element elementor-element-510cbb10 elementor-widget elementor-widget-text-editor\" data-id=\"510cbb10\" data-element_type=\"widget\" data-widget_type=\"text-editor.default\">\n\t\t\t\t<div class=\"elementor-widget-container\">\n\t\t\t\t\t\t\t<p>\u201cDi\u015f hekimli\u011fi sadece mesle\u011fim de\u011fil, ayn\u0131 zamanda tutkum ve hobimdir. 35 y\u0131ld\u0131r ailemizin i\u015fletti\u011fi klini\u011fimizde \u00e7al\u0131\u015f\u0131yorum ve her g\u00fcn yeteneklerimi ve bilgimi hastalar\u0131m\u0131n iyili\u011fi i\u00e7in kullanma f\u0131rsat\u0131n\u0131 ya\u015f\u0131yorum. Bu yolu se\u00e7mek hayat\u0131m\u0131n en iyi karar\u0131yd\u0131.\u201d<\/p><p>Felix Talesnik, Di\u015f Hekimi ve Klinik Sahibi<\/p>\t\t\t\t\t\t<\/div>\n\t\t\t\t<\/div>\n\t\t\t\t<\/div>\n\t\t\t\t\t<\/div>\n\t\t\t\t<\/div>\n\t\t<div class=\"elementor-element elementor-element-5849388f e-flex e-con-boxed e-con e-parent\" data-id=\"5849388f\" data-element_type=\"container\">\n\t\t\t\t\t<div class=\"e-con-inner\">\n\t\t\t\t<div class=\"elementor-element elementor-element-27953f92 elementor-widget elementor-widget-text-editor\" data-id=\"27953f92\" data-element_type=\"widget\" data-widget_type=\"text-editor.default\">\n\t\t\t\t<div class=\"elementor-widget-container\">\n\t\t\t\t\t\t\t<h2>Dr. medic. stom. Irina Talesnik<\/h2>\t\t\t\t\t\t<\/div>\n\t\t\t\t<\/div>\n\t\t\t\t\t<\/div>\n\t\t\t\t<\/div>\n\t\t<div class=\"elementor-element elementor-element-1fa856c1 e-flex e-con-boxed e-con e-parent\" data-id=\"1fa856c1\" data-element_type=\"container\">\n\t\t\t\t\t<div class=\"e-con-inner\">\n\t\t<div class=\"elementor-element elementor-element-72066ed4 e-con-full e-flex e-con e-child\" data-id=\"72066ed4\" data-element_type=\"container\">\n\t\t\t\t<div class=\"elementor-element elementor-element-586a5c68 elementor-widget elementor-widget-text-editor\" data-id=\"586a5c68\" data-element_type=\"widget\" data-widget_type=\"text-editor.default\">\n\t\t\t\t<div class=\"elementor-widget-container\">\n\t\t\t\t\t\t\t<p>\u201c35 y\u0131ld\u0131r kalbimde \u00f6zel bir yeri olan ailemizin i\u015fletti\u011fi klini\u011fimizde \u00e7al\u0131\u015f\u0131yorum. Buras\u0131, nesillerin bir araya geldi\u011fi ve herkesin kendi hikayesini getirdi\u011fi bir yerdir.\u201d<\/p><p>Dr. medic. stom. Irina Talesnik, Di\u015f Hekimi ve Klinik Sahibi<\/p>\t\t\t\t\t\t<\/div>\n\t\t\t\t<\/div>\n\t\t\t\t<\/div>\n\t\t<div class=\"elementor-element elementor-element-52feb988 e-con-full e-flex e-con e-child\" data-id=\"52feb988\" data-element_type=\"container\">\n\t\t\t\t<div class=\"elementor-element elementor-element-1cd61afd radius100 elementor-widget elementor-widget-image\" data-id=\"1cd61afd\" data-element_type=\"widget\" data-widget_type=\"image.default\">\n\t\t\t\t<div class=\"elementor-widget-container\">\n\t\t\t\t\t\t\t\t\t\t\t\t\t<img decoding=\"async\" width=\"640\" height=\"654\" src=\"https:\/\/www.zahnarztpraxis-talesnik.de\/wp-content\/uploads\/2024\/08\/irina_talesnik-1-1002x1024.jpg\" class=\"attachment-large size-large wp-image-4900\" alt=\"\" srcset=\"https:\/\/www.zahnarztpraxis-talesnik.de\/wp-content\/uploads\/2024\/08\/irina_talesnik-1-1002x1024.jpg 1002w, https:\/\/www.zahnarztpraxis-talesnik.de\/wp-content\/uploads\/2024\/08\/irina_talesnik-1-294x300.jpg 294w, https:\/\/www.zahnarztpraxis-talesnik.de\/wp-content\/uploads\/2024\/08\/irina_talesnik-1-768x785.jpg 768w, https:\/\/www.zahnarztpraxis-talesnik.de\/wp-content\/uploads\/2024\/08\/irina_talesnik-1-1504x1536.jpg 1504w, https:\/\/www.zahnarztpraxis-talesnik.de\/wp-content\/uploads\/2024\/08\/irina_talesnik-1-2005x2048.jpg 2005w\" sizes=\"(max-width: 640px) 100vw, 640px\" \/>\t\t\t\t\t\t\t\t\t\t\t\t\t<\/div>\n\t\t\t\t<\/div>\n\t\t\t\t<\/div>\n\t\t\t\t\t<\/div>\n\t\t\t\t<\/div>\n\t\t\t\t<\/div>\n\t\t","protected":false},"excerpt":{"rendered":"<p>Hakk\u0131m\u0131zda +49 30 621 40 86 WhatsApp \u015eimdi Randevu Al\u0131n! Di\u015f Hekimi Felix Talesnik \u201cDi\u015f hekimli\u011fi sadece mesle\u011fim de\u011fil, ayn\u0131 zamanda tutkum ve hobimdir. 35 y\u0131ld\u0131r ailemizin i\u015fletti\u011fi klini\u011fimizde \u00e7al\u0131\u015f\u0131yorum ve her g\u00fcn yeteneklerimi ve bilgimi hastalar\u0131m\u0131n iyili\u011fi i\u00e7in kullanma f\u0131rsat\u0131n\u0131 ya\u015f\u0131yorum. Bu yolu se\u00e7mek hayat\u0131m\u0131n en iyi karar\u0131yd\u0131.\u201d Felix Talesnik, Di\u015f Hekimi ve Klinik [&hellip;]<\/p>\n","protected":false},"author":2,"featured_media":0,"parent":0,"menu_order":0,"comment_status":"closed","ping_status":"closed","template":"","meta":{"_acf_changed":false,"inline_featured_image":false,"footnotes":""},"class_list":["post-3861","page","type-page","status-publish","hentry"],"acf":[],"yoast_head":"<!-- This site is optimized with the Yoast SEO plugin v23.0 - https:\/\/yoast.com\/wordpress\/plugins\/seo\/ -->\n<title>Zahn\u00e4rzte Dr. medic. stom. Irina &amp; Felix Talesnik<\/title>\n<meta name=\"robots\" content=\"index, follow, max-snippet:-1, max-image-preview:large, max-video-preview:-1\" \/>\n<link rel=\"canonical\" href=\"https:\/\/www.zahnarztpraxis-talesnik.de\/tr\/hakkimizda\/\" \/>\n<meta property=\"og:locale\" content=\"tr_TR\" \/>\n<meta property=\"og:type\" content=\"article\" \/>\n<meta property=\"og:title\" content=\"Zahn\u00e4rzte Dr. medic. stom. Irina &amp; Felix Talesnik\" \/>\n<meta property=\"og:description\" content=\"Hakk\u0131m\u0131zda +49 30 621 40 86 WhatsApp \u015eimdi Randevu Al\u0131n! Di\u015f Hekimi Felix Talesnik \u201cDi\u015f hekimli\u011fi sadece mesle\u011fim de\u011fil, ayn\u0131 zamanda tutkum ve hobimdir. 35 y\u0131ld\u0131r ailemizin i\u015fletti\u011fi klini\u011fimizde \u00e7al\u0131\u015f\u0131yorum ve her g\u00fcn yeteneklerimi ve bilgimi hastalar\u0131m\u0131n iyili\u011fi i\u00e7in kullanma f\u0131rsat\u0131n\u0131 ya\u015f\u0131yorum. Bu yolu se\u00e7mek hayat\u0131m\u0131n en iyi karar\u0131yd\u0131.\u201d Felix Talesnik, Di\u015f Hekimi ve Klinik [&hellip;]\" \/>\n<meta property=\"og:url\" content=\"https:\/\/www.zahnarztpraxis-talesnik.de\/tr\/hakkimizda\/\" \/>\n<meta property=\"og:site_name\" content=\"Zahn\u00e4rzte Dr. medic. stom. Irina &amp; Felix Talesnik\" \/>\n<meta property=\"article:modified_time\" content=\"2024-08-17T10:59:57+00:00\" \/>\n<meta property=\"og:image\" content=\"https:\/\/www.zahnarztpraxis-talesnik.de\/wp-content\/uploads\/2024\/06\/uuns.png\" \/>\n<meta name=\"twitter:card\" content=\"summary_large_image\" \/>\n<meta name=\"twitter:label1\" content=\"Tahmini okuma s\u00fcresi\" \/>\n\t<meta name=\"twitter:data1\" content=\"2 dakika\" \/>\n<script type=\"application\/ld+json\" class=\"yoast-schema-graph\">{\"@context\":\"https:\/\/schema.org\",\"@graph\":[{\"@type\":\"WebPage\",\"@id\":\"https:\/\/www.zahnarztpraxis-talesnik.de\/tr\/hakkimizda\/\",\"url\":\"https:\/\/www.zahnarztpraxis-talesnik.de\/tr\/hakkimizda\/\",\"name\":\"Zahn\u00e4rzte Dr. medic. stom. Irina & Felix Talesnik\",\"isPartOf\":{\"@id\":\"https:\/\/www.zahnarztpraxis-talesnik.de\/#website\"},\"primaryImageOfPage\":{\"@id\":\"https:\/\/www.zahnarztpraxis-talesnik.de\/tr\/hakkimizda\/#primaryimage\"},\"image\":{\"@id\":\"https:\/\/www.zahnarztpraxis-talesnik.de\/tr\/hakkimizda\/#primaryimage\"},\"thumbnailUrl\":\"https:\/\/www.zahnarztpraxis-talesnik.de\/wp-content\/uploads\/2024\/06\/uuns.png\",\"datePublished\":\"2024-06-17T19:14:18+00:00\",\"dateModified\":\"2024-08-17T10:59:57+00:00\",\"breadcrumb\":{\"@id\":\"https:\/\/www.zahnarztpraxis-talesnik.de\/tr\/hakkimizda\/#breadcrumb\"},\"inLanguage\":\"tr\",\"potentialAction\":[{\"@type\":\"ReadAction\",\"target\":[\"https:\/\/www.zahnarztpraxis-talesnik.de\/tr\/hakkimizda\/\"]}]},{\"@type\":\"ImageObject\",\"inLanguage\":\"tr\",\"@id\":\"https:\/\/www.zahnarztpraxis-talesnik.de\/tr\/hakkimizda\/#primaryimage\",\"url\":\"https:\/\/www.zahnarztpraxis-talesnik.de\/wp-content\/uploads\/2024\/06\/uuns.png\",\"contentUrl\":\"https:\/\/www.zahnarztpraxis-talesnik.de\/wp-content\/uploads\/2024\/06\/uuns.png\"},{\"@type\":\"BreadcrumbList\",\"@id\":\"https:\/\/www.zahnarztpraxis-talesnik.de\/tr\/hakkimizda\/#breadcrumb\",\"itemListElement\":[{\"@type\":\"ListItem\",\"position\":1,\"name\":\"Home\",\"item\":\"https:\/\/www.zahnarztpraxis-talesnik.de\/tr\/\"},{\"@type\":\"ListItem\",\"position\":2,\"name\":\"Hakk\u0131m\u0131zda\"}]},{\"@type\":\"WebSite\",\"@id\":\"https:\/\/www.zahnarztpraxis-talesnik.de\/#website\",\"url\":\"https:\/\/www.zahnarztpraxis-talesnik.de\/\",\"name\":\"Zahnarztpraxis Dr. medic. stom. Irina & Felix Talesnik\",\"description\":\"\",\"potentialAction\":[{\"@type\":\"SearchAction\",\"target\":{\"@type\":\"EntryPoint\",\"urlTemplate\":\"https:\/\/www.zahnarztpraxis-talesnik.de\/?s={search_term_string}\"},\"query-input\":\"required name=search_term_string\"}],\"inLanguage\":\"tr\"}]}<\/script>\n<!-- \/ Yoast SEO plugin. -->","yoast_head_json":{"title":"Zahn\u00e4rzte Dr. medic. stom. Irina & Felix Talesnik","robots":{"index":"index","follow":"follow","max-snippet":"max-snippet:-1","max-image-preview":"max-image-preview:large","max-video-preview":"max-video-preview:-1"},"canonical":"https:\/\/www.zahnarztpraxis-talesnik.de\/tr\/hakkimizda\/","og_locale":"tr_TR","og_type":"article","og_title":"Zahn\u00e4rzte Dr. medic. stom. Irina & Felix Talesnik","og_description":"Hakk\u0131m\u0131zda +49 30 621 40 86 WhatsApp \u015eimdi Randevu Al\u0131n! Di\u015f Hekimi Felix Talesnik \u201cDi\u015f hekimli\u011fi sadece mesle\u011fim de\u011fil, ayn\u0131 zamanda tutkum ve hobimdir. 35 y\u0131ld\u0131r ailemizin i\u015fletti\u011fi klini\u011fimizde \u00e7al\u0131\u015f\u0131yorum ve her g\u00fcn yeteneklerimi ve bilgimi hastalar\u0131m\u0131n iyili\u011fi i\u00e7in kullanma f\u0131rsat\u0131n\u0131 ya\u015f\u0131yorum. Bu yolu se\u00e7mek hayat\u0131m\u0131n en iyi karar\u0131yd\u0131.\u201d Felix Talesnik, Di\u015f Hekimi ve Klinik [&hellip;]","og_url":"https:\/\/www.zahnarztpraxis-talesnik.de\/tr\/hakkimizda\/","og_site_name":"Zahn\u00e4rzte Dr. medic. stom. Irina &amp; Felix Talesnik","article_modified_time":"2024-08-17T10:59:57+00:00","og_image":[{"url":"https:\/\/www.zahnarztpraxis-talesnik.de\/wp-content\/uploads\/2024\/06\/uuns.png"}],"twitter_card":"summary_large_image","twitter_misc":{"Tahmini okuma s\u00fcresi":"2 dakika"},"schema":{"@context":"https:\/\/schema.org","@graph":[{"@type":"WebPage","@id":"https:\/\/www.zahnarztpraxis-talesnik.de\/tr\/hakkimizda\/","url":"https:\/\/www.zahnarztpraxis-talesnik.de\/tr\/hakkimizda\/","name":"Zahn\u00e4rzte Dr. medic. stom. Irina & Felix Talesnik","isPartOf":{"@id":"https:\/\/www.zahnarztpraxis-talesnik.de\/#website"},"primaryImageOfPage":{"@id":"https:\/\/www.zahnarztpraxis-talesnik.de\/tr\/hakkimizda\/#primaryimage"},"image":{"@id":"https:\/\/www.zahnarztpraxis-talesnik.de\/tr\/hakkimizda\/#primaryimage"},"thumbnailUrl":"https:\/\/www.zahnarztpraxis-talesnik.de\/wp-content\/uploads\/2024\/06\/uuns.png","datePublished":"2024-06-17T19:14:18+00:00","dateModified":"2024-08-17T10:59:57+00:00","breadcrumb":{"@id":"https:\/\/www.zahnarztpraxis-talesnik.de\/tr\/hakkimizda\/#breadcrumb"},"inLanguage":"tr","potentialAction":[{"@type":"ReadAction","target":["https:\/\/www.zahnarztpraxis-talesnik.de\/tr\/hakkimizda\/"]}]},{"@type":"ImageObject","inLanguage":"tr","@id":"https:\/\/www.zahnarztpraxis-talesnik.de\/tr\/hakkimizda\/#primaryimage","url":"https:\/\/www.zahnarztpraxis-talesnik.de\/wp-content\/uploads\/2024\/06\/uuns.png","contentUrl":"https:\/\/www.zahnarztpraxis-talesnik.de\/wp-content\/uploads\/2024\/06\/uuns.png"},{"@type":"BreadcrumbList","@id":"https:\/\/www.zahnarztpraxis-talesnik.de\/tr\/hakkimizda\/#breadcrumb","itemListElement":[{"@type":"ListItem","position":1,"name":"Home","item":"https:\/\/www.zahnarztpraxis-talesnik.de\/tr\/"},{"@type":"ListItem","position":2,"name":"Hakk\u0131m\u0131zda"}]},{"@type":"WebSite","@id":"https:\/\/www.zahnarztpraxis-talesnik.de\/#website","url":"https:\/\/www.zahnarztpraxis-talesnik.de\/","name":"Zahnarztpraxis Dr. medic. stom. Irina & Felix Talesnik","description":"","potentialAction":[{"@type":"SearchAction","target":{"@type":"EntryPoint","urlTemplate":"https:\/\/www.zahnarztpraxis-talesnik.de\/?s={search_term_string}"},"query-input":"required name=search_term_string"}],"inLanguage":"tr"}]}},"_links":{"self":[{"href":"https:\/\/www.zahnarztpraxis-talesnik.de\/tr\/wp-json\/wp\/v2\/pages\/3861","targetHints":{"allow":["GET"]}}],"collection":[{"href":"https:\/\/www.zahnarztpraxis-talesnik.de\/tr\/wp-json\/wp\/v2\/pages"}],"about":[{"href":"https:\/\/www.zahnarztpraxis-talesnik.de\/tr\/wp-json\/wp\/v2\/types\/page"}],"author":[{"embeddable":true,"href":"https:\/\/www.zahnarztpraxis-talesnik.de\/tr\/wp-json\/wp\/v2\/users\/2"}],"replies":[{"embeddable":true,"href":"https:\/\/www.zahnarztpraxis-talesnik.de\/tr\/wp-json\/wp\/v2\/comments?post=3861"}],"version-history":[{"count":17,"href":"https:\/\/www.zahnarztpraxis-talesnik.de\/tr\/wp-json\/wp\/v2\/pages\/3861\/revisions"}],"predecessor-version":[{"id":4949,"href":"https:\/\/www.zahnarztpraxis-talesnik.de\/tr\/wp-json\/wp\/v2\/pages\/3861\/revisions\/4949"}],"wp:attachment":[{"href":"https:\/\/www.zahnarztpraxis-talesnik.de\/tr\/wp-json\/wp\/v2\/media?parent=3861"}],"curies":[{"name":"wp","href":"https:\/\/api.w.org\/{rel}","templated":true}]}}